{"id":10627,"date":"2022-06-13T12:47:18","date_gmt":"2022-06-13T10:47:18","guid":{"rendered":"https:\/\/seaberyat.com\/prime-soldamatic\/"},"modified":"2025-03-06T12:25:13","modified_gmt":"2025-03-06T11:25:13","slug":"prime-soldamatic","status":"publish","type":"page","link":"https:\/\/seaberyat.com\/pt-pt\/prime-soldamatic\/","title":{"rendered":"PRIME &#8211; SOLDAMATIC"},"content":{"rendered":"<div class=\"wpb-content-wrapper\"><p>[vc_row full_width=&#8221;stretch_row_content&#8221; full_height=&#8221;yes&#8221; content_placement=&#8221;middle&#8221; bg_type=&#8221;video&#8221; video_url=&#8221;https:\/\/seaberyat.com\/wp-content\/uploads\/2022\/07\/SOLDAMATIC-PRIME_CABECERA.mp4&#8243; video_opts=&#8221;loop,muted&#8221; video_poster=&#8221;id^9349|url^https:\/\/seaberyat.com\/wp-content\/uploads\/2022\/10\/prime-responsive.jpg|caption^null|alt^null|title^prime-responsive|description^null&#8221; enable_overlay=&#8221;enable_overlay_value&#8221; overlay_color=&#8221;#3f5771&#8243; overlay_pattern=&#8221;transperant&#8221; overlay_pattern_opacity=&#8221;60&#8243; el_class=&#8221;video-home-wrap&#8221; css=&#8221;.vc_custom_1666612438002{padding-top: 15vh !important;}&#8221;][vc_column][vc_column_text]<\/p>\n<h1 style=\"text-align: center;\"><span style=\"color: #ffffff;\">Leve a sua soldadura para o pr\u00f3ximo n\u00edvel\u00a0 <\/span><span style=\"color: #ffffff;\">com o SOLDAMATIC PRIME<\/span><\/h1>\n<p>[\/vc_column_text][vc_icon type=&#8221;material&#8221; icon_material=&#8221;vc-material vc-material-play_arrow&#8221; color=&#8221;custom&#8221; background_style=&#8221;rounded&#8221; background_color=&#8221;custom&#8221; align=&#8221;center&#8221; css=&#8221;&#8221; custom_color=&#8221;#FF6B00&#8243; custom_background_color=&#8221;rgba(255,255,255,0.01)&#8221; el_class=&#8221;btn-video&#8221; el_id=&#8221;btn-play-soldamatic-prime&#8221;][vc_column_text el_id=&#8221;cta-video-soldamatic-prime&#8221; el_class=&#8221;cta-descubrelo&#8221;]<\/p>\n<div id=\"cta-play\" class=\"cta-video\">Descobrir!<\/div>\n<p>[\/vc_column_text][vc_row_inner content_placement=&#8221;middle&#8221; css=&#8221;.vc_custom_1741260154639{margin-top: 30vh !important;border-top-width: 2px !important;padding-top: 24px !important;padding-bottom: 24px !important;background-color: #002550 !important;border-top-style: solid !important;border-color: #ee8c55 !important;}&#8221; el_class=&#8221;at-augmented&#8221;][vc_column_inner width=&#8221;1\/5&#8243; offset=&#8221;vc_hidden-xs&#8221;][vc_single_image image=&#8221;10309&#8243; img_size=&#8221;full&#8221; alignment=&#8221;center&#8221; css_animation=&#8221;none&#8221; el_class=&#8221;linea-fondo&#8221; el_id=&#8221;linea-fondo&#8221;][\/vc_column_inner][vc_column_inner width=&#8221;1\/5&#8243;][vc_single_image image=&#8221;18782&#8243; img_size=&#8221;medium&#8221; alignment=&#8221;center&#8221; css=&#8221;&#8221;][\/vc_column_inner][vc_column_inner width=&#8221;2\/5&#8243;][vc_column_text]<\/p>\n<h2><span style=\"color: #ffffff;\">Soldamatic PRIME<\/span><\/h2>\n<p><span style=\"color: #ffffff;\">O Soldamatic Prime \u00e9 uma subscri\u00e7\u00e3o que inclui um conjunto de servi\u00e7os e benef\u00edcios que est\u00e3o inclu\u00eddos nas Licen\u00e7as Avan\u00e7adas e que podem ser adicionados a todas as Licen\u00e7as Vital\u00edcias. \u00c9 a forma perfeita de modernizar a sua soldadura, mantendo os seus sistemas sempre atualizados com as funcionalidades mais recentes.<\/span>[\/vc_column_text][\/vc_column_inner][vc_column_inner width=&#8221;1\/5&#8243; offset=&#8221;vc_hidden-xs&#8221;][\/vc_column_inner][\/vc_row_inner][\/vc_column][\/vc_row][vc_row el_class=&#8221;video-modal&#8221; css=&#8221;.vc_custom_1657099378374{margin-top: 0px !important;margin-right: 0px !important;margin-bottom: 0px !important;margin-left: 0px !important;padding-top: 0px !important;padding-right: 0px !important;padding-bottom: 0px !important;padding-left: 0px !important;}&#8221; el_id=&#8221;video-modal-soldamatic-prime&#8221;][vc_column css=&#8221;.vc_custom_1655291607691{padding-top: 0px !important;padding-right: 0px !important;padding-bottom: 0px !important;padding-left: 0px !important;}&#8221;][\/vc_column][\/vc_row][vc_row][vc_column][vc_raw_js]JTNDc2NyaXB0JTNFJTBBJTBBdmFyJTIwdmlkZW8lM0QlMjBkb2N1bWVudC5nZXRFbGVtZW50QnlJZCUyOCUyMnZpZGVvLW1vZGFsLXNvbGRhbWF0aWMtcHJpbWUlMjIlMjklM0IlMEElMEFkb2N1bWVudC5nZXRFbGVtZW50QnlJZCUyOCUyMmJ0bi1wbGF5LXNvbGRhbWF0aWMtcHJpbWUlMjIlMjkuYWRkRXZlbnRMaXN0ZW5lciUyOCUyMmNsaWNrJTIyJTJDJTIwc2hvd1ZpZGVvJTI5JTNCJTBBZG9jdW1lbnQuZ2V0RWxlbWVudEJ5SWQlMjglMjJjdGEtdmlkZW8tc29sZGFtYXRpYy1wcmltZSUyMiUyOS5hZGRFdmVudExpc3RlbmVyJTI4JTIyY2xpY2slMjIlMkMlMjBzaG93VmlkZW8lMjklM0IlMEElMEFmdW5jdGlvbiUyMHNob3dWaWRlbyUyOCUyOSU3QiUwQSUwQXZpZGVvLmlubmVySFRNTCUyMCUzRCUyMCUyMCUyNyUzQ2RpdiUyMGNsYXNzJTNEJTIydmlkZW8taWZyYW1lJTIyJTNFJTNDc3BhbiUyMGNsYXNzJTNEJTIyY2xvc2UlMjIlMjBvbmNsaWNrJTNEJTIyY2xvc2VWaWRlbyUyOCUyOSUyMiUzRVglM0MlMkZzcGFuJTNFJTNDdmlkZW8lMjB3aWR0aCUzRCUyMjEyMDAlMjIlMjBhdXRvcGxheSUyMGNvbnRyb2xzJTNFJTNDc291cmNlJTIwc3JjJTNEJTIyaHR0cHMlM0ElMkYlMkZzZWFiZXJ5LmJlb253dy50ZWNoJTJGd3AtY29udGVudCUyRnVwbG9hZHMlMkYyMDIyJTJGMDclMkZTT0xEQU1BVElDLVBSSU1FX0NBQkVDRVJBLm1wNCUyMiUyMHR5cGUlM0QlMjJ2aWRlbyUyRm1wNCUyMiUzRSUzQyUyRnZpZGVvJTNFJTNDJTJGZGl2JTNFJTI3JTNCJTBBJTdEJTBBJTBBJTBBJTNDJTJGc2NyaXB0JTNF[\/vc_raw_js][\/vc_column][\/vc_row][vc_row full_width=&#8221;stretch_row_content&#8221; gap=&#8221;30&#8243; css=&#8221;.vc_custom_1656344732972{margin-top: 48px !important;margin-bottom: 48px !important;}&#8221;][vc_column width=&#8221;2\/12&#8243; offset=&#8221;vc_hidden-xs&#8221;][\/vc_column][vc_column width=&#8221;4\/12&#8243;][vc_column_text css=&#8221;.vc_custom_1741260170472{margin-top: 24px !important;}&#8221;]<\/p>\n<h3><span style=\"color: #002550;\">Vantagens<\/span><\/h3>\n<p><span style=\"color: #002550;\">Quer j\u00e1 seja um utilizador Soldamatic, quer esteja a pensar incorpor\u00e1-lo na sua forma\u00e7\u00e3o, o Soldamatic Prime dar-lhe-\u00e1 acesso a diferentes vantagens tais como a atualiza\u00e7\u00e3o da sua licen\u00e7a para uma licen\u00e7a Avan\u00e7ada.<\/span><\/p>\n<p><span style=\"color: #002550;\">A licen\u00e7a Avan\u00e7ada permite a forma\u00e7\u00e3o para diferentes ind\u00fastrias verticais. Prepare-se para os requisitos da ind\u00fastria com Multijuntas de Soldadura Avan\u00e7adas especificamente concebidas para diferentes setores industriais como Autom\u00f3vel, Ferrovi\u00e1rio e Maquinaria Pesada, Constru\u00e7\u00e3o Naval ou Petr\u00f3leo e G\u00e1s.<\/span>[\/vc_column_text][\/vc_column][vc_column width=&#8221;4\/12&#8243;][vc_single_image image=&#8221;10601&#8243; img_size=&#8221;full&#8221; alignment=&#8221;center&#8221;][\/vc_column][vc_column width=&#8221;2\/12&#8243; offset=&#8221;vc_hidden-xs&#8221;][\/vc_column][\/vc_row][vc_row full_width=&#8221;stretch_row_content&#8221; gap=&#8221;30&#8243; content_placement=&#8221;top&#8221; css=&#8221;.vc_custom_1656345241090{border-bottom-width: 5px !important;padding-right: 5vw !important;padding-left: 5vw !important;background-color: #f2f2f2 !important;border-bottom-color: #ee8c55 !important;border-bottom-style: solid !important;}&#8221;][vc_column width=&#8221;6\/12&#8243;][vc_single_image image=&#8221;10602&#8243; img_size=&#8221;full&#8221; alignment=&#8221;right&#8221;][vc_single_image image=&#8221;18809&#8243; img_size=&#8221;medium&#8221; alignment=&#8221;center&#8221; css=&#8221;&#8221;][\/vc_column][vc_column width=&#8221;5\/12&#8243;][vc_column_text css=&#8221;.vc_custom_1741260180904{margin-top: 96px !important;}&#8221;]<\/p>\n<h3><span style=\"color: #002550;\">Funcionalidades de soldadura avan\u00e7adas<\/span><\/h3>\n<p><span style=\"color: #002550;\">Os soldadores avan\u00e7ados podem treinar com caracter\u00edsticas avan\u00e7adas espec\u00edficas de soldadura como Arco Pulsado, Raiz Aberta, Soldadura de Cantos, Posi\u00e7\u00e3o 6GR e diferentes esquemas em tubos.<\/span><\/p>\n<p><span style=\"color: #002550;\">Al\u00e9m disso, com a Licen\u00e7a Avan\u00e7ada pode escolher diferentes espessuras, m\u00faltiplos cord\u00f5es de solda e diferentes processos na mesma junta de soldadura.<\/span>[\/vc_column_text][\/vc_column][vc_column width=&#8221;1\/12&#8243;][vc_single_image image=&#8221;10567&#8243; img_size=&#8221;full&#8221; alignment=&#8221;center&#8221; el_class=&#8221;detail-back-soldadura&#8221;][\/vc_column][\/vc_row][vc_row content_placement=&#8221;middle&#8221; css=&#8221;.vc_custom_1662462362577{margin-top: 96px !important;margin-bottom: 48px !important;}&#8221;][vc_column width=&#8221;1\/12&#8243; offset=&#8221;vc_hidden-sm vc_hidden-xs&#8221;][vc_single_image image=&#8221;10636&#8243; img_size=&#8221;full&#8221; alignment=&#8221;center&#8221;][\/vc_column][vc_column width=&#8221;5\/12&#8243;][vc_column_text css=&#8221;&#8221;]<\/p>\n<h3><span style=\"color: #ff6b00;\">O que est\u00e1 inclu\u00eddo?<\/span><\/h3>\n<p><span style=\"color: #002550;\">Com o Soldamatic Prime, recebe uma Multijunta de Soldadura Avan\u00e7ada, atualiza\u00e7\u00f5es gratuitas de novos lan\u00e7amentos de software e descontos em todos os pr\u00f3ximos produtos de hardware gra\u00e7as ao <strong><span style=\"text-decoration: underline;\">\u201cPlano de Renova\u00e7\u00e3o\u201d<\/span><\/strong>. Al\u00e9m disso, poder\u00e1 aceder ao Curr\u00edculo Internacional de Soldador e ao servi\u00e7o de digitaliza\u00e7\u00e3o de conte\u00fados de forma\u00e7\u00e3o por um Especialista Soldamatic, bem como a op\u00e7\u00e3o de liga\u00e7\u00e3o \u00e0 nuvem.<\/span>[\/vc_column_text][\/vc_column][vc_column width=&#8221;5\/12&#8243; css=&#8221;.vc_custom_1695986027876{background-image: url(https:\/\/seaberyat.com\/wp-content\/uploads\/2023\/09\/Soldamatic-Prime-5.0.png?id=14470) !important;background-position: center !important;background-repeat: no-repeat !important;background-size: cover !important;}&#8221; el_class=&#8221;back-rounded&#8221;][vc_column_text]<\/p>\n<p>&nbsp;<\/p>\n<p>&nbsp;<\/p>\n<p>&nbsp;<\/p>\n<p>&nbsp;<\/p>\n<p>&nbsp;<\/p>\n<p>&nbsp;<\/p>\n<p>[\/vc_column_text][\/vc_column][\/vc_row][vc_row css=&#8221;.vc_custom_1656401038842{margin-bottom: 96px !important;}&#8221;][vc_column][vc_column_text css=&#8221;.vc_custom_1741260212589{border-top-width: 1px !important;border-right-width: 1px !important;border-bottom-width: 1px !important;border-left-width: 1px !important;padding-top: 9px !important;padding-right: 48px !important;padding-bottom: 9px !important;padding-left: 48px !important;border-left-style: solid !important;border-right-style: solid !important;border-top-style: solid !important;border-bottom-style: solid !important;border-radius: 10px !important;border-color: #ee8c55 !important;}&#8221;]<\/p>\n<p style=\"text-align: center;\"><span style=\"color: #002550;\"><strong>Se j\u00e1 \u00e9 um utilizador do Soldamatic, pode atualizar a sua vers\u00e3o para o software mais recente.<\/strong><\/span><\/p>\n<p>[\/vc_column_text][vc_column_text css=&#8221;&#8221;]<\/p>\n<h2 style=\"text-align: center;\"><span style=\"color: #ff6b00;\">Contacte o seu distribuidor e Leve<\/span><br \/>\n<span style=\"color: #ff6b00;\">a sua soldadura para o pr\u00f3ximo n\u00edvel<\/span><\/h2>\n<p>[\/vc_column_text][\/vc_column][\/vc_row]<\/p>\n<\/div>","protected":false},"excerpt":{"rendered":"<p>[vc_row full_width=&#8221;stretch_row_content&#8221; full_height=&#8221;yes&#8221; content_placement=&#8221;middle&#8221; bg_type=&#8221;video&#8221; video_url=&#8221;https:\/\/seaberyat.com\/wp-content\/uploads\/2022\/07\/SOLDAMATIC-PRIME_CABECERA.mp4&#8243; video_opts=&#8221;loop,muted&#8221; video_poster=&#8221;id^9349|url^https:\/\/seaberyat.com\/wp-content\/uploads\/2022\/10\/prime-responsive.jpg|caption^null|alt^null|title^prime-responsive|description^null&#8221; enable_overlay=&#8221;enable_overlay_value&#8221; overlay_color=&#8221;#3f5771&#8243; overlay_pattern=&#8221;transperant&#8221; overlay_pattern_opacity=&#8221;60&#8243; el_class=&#8221;video-home-wrap&#8221; css=&#8221;.vc_custom_1666612438002{padding-top: 15vh !important;}&#8221;][vc_column][vc_column_text] Leve a sua soldadura para o pr\u00f3ximo n\u00edvel\u00a0 com o SOLDAMATIC PRIME [\/vc_column_text][vc_icon type=&#8221;material&#8221; icon_material=&#8221;vc-material vc-material-play_arrow&#8221; color=&#8221;custom&#8221; background_style=&#8221;rounded&#8221; background_color=&#8221;custom&#8221; align=&#8221;center&#8221; css=&#8221;&#8221; custom_color=&#8221;#FF6B00&#8243; custom_background_color=&#8221;rgba(255,255,255,0.01)&#8221; el_class=&#8221;btn-video&#8221; el_id=&#8221;btn-play-soldamatic-prime&#8221;][vc_column_text el_id=&#8221;cta-video-soldamatic-prime&#8221; el_class=&#8221;cta-descubrelo&#8221;] Descobrir! [\/vc_column_text][vc_row_inner content_placement=&#8221;middle&#8221; css=&#8221;.vc_custom_1741260154639{margin-top: 30vh !important;border-top-width: 2px !important;padding-top: 24px !important;padding-bottom: 24px !important;background-color:&hellip;<\/p>\n","protected":false},"author":3,"featured_media":0,"parent":0,"menu_order":0,"comment_status":"closed","ping_status":"closed","template":"","meta":{"_acf_changed":false,"footnotes":""},"class_list":["post-10627","page","type-page","status-publish","hentry","description-off"],"acf":[],"yoast_head":"<!-- This site is optimized with the Yoast SEO plugin v26.4 - https:\/\/yoast.com\/wordpress\/plugins\/seo\/ -->\n<title>Prime -Soldamatic, Assinatura de servi\u00e7os exclusivos | Seabery<\/title>\n<meta name=\"description\" content=\"Soldamatic Prime \u00e9 uma assinatura que inclui um conjunto de servi\u00e7os e benef\u00edcios inclu\u00eddos nas licen\u00e7as avan\u00e7adas.\" \/>\n<meta name=\"robots\" content=\"index, follow, max-snippet:-1, max-image-preview:large, max-video-preview:-1\" \/>\n<link rel=\"canonical\" href=\"https:\/\/seaberyat.com\/pt-pt\/prime-soldamatic\/\" \/>\n<meta property=\"og:locale\" content=\"pt_PT\" \/>\n<meta property=\"og:type\" content=\"article\" \/>\n<meta property=\"og:title\" content=\"Prime -Soldamatic, Assinatura de servi\u00e7os exclusivos | Seabery\" \/>\n<meta property=\"og:description\" content=\"Soldamatic Prime \u00e9 uma assinatura que inclui um conjunto de servi\u00e7os e benef\u00edcios inclu\u00eddos nas licen\u00e7as avan\u00e7adas.\" \/>\n<meta property=\"og:url\" content=\"https:\/\/seaberyat.com\/pt-pt\/prime-soldamatic\/\" \/>\n<meta property=\"og:site_name\" content=\"Seabery\" \/>\n<meta property=\"article:publisher\" content=\"https:\/\/www.facebook.com\/SeaberyAugmentedTechnology\/\" \/>\n<meta property=\"article:modified_time\" content=\"2025-03-06T11:25:13+00:00\" \/>\n<meta name=\"twitter:card\" content=\"summary_large_image\" \/>\n<meta name=\"twitter:site\" content=\"@Seabery\" \/>\n<meta name=\"twitter:label1\" content=\"Tempo estimado de leitura\" \/>\n\t<meta name=\"twitter:data1\" content=\"3 minutos\" \/>\n<script type=\"application\/ld+json\" class=\"yoast-schema-graph\">{\"@context\":\"https:\/\/schema.org\",\"@graph\":[{\"@type\":\"WebPage\",\"@id\":\"https:\/\/seaberyat.com\/pt-pt\/prime-soldamatic\/\",\"url\":\"https:\/\/seaberyat.com\/pt-pt\/prime-soldamatic\/\",\"name\":\"Prime -Soldamatic, Assinatura de servi\u00e7os exclusivos | Seabery\",\"isPartOf\":{\"@id\":\"https:\/\/seaberyat.com\/pt-pt\/#website\"},\"datePublished\":\"2022-06-13T10:47:18+00:00\",\"dateModified\":\"2025-03-06T11:25:13+00:00\",\"description\":\"Soldamatic Prime \u00e9 uma assinatura que inclui um conjunto de servi\u00e7os e benef\u00edcios inclu\u00eddos nas licen\u00e7as avan\u00e7adas.\",\"breadcrumb\":{\"@id\":\"https:\/\/seaberyat.com\/pt-pt\/prime-soldamatic\/#breadcrumb\"},\"inLanguage\":\"pt-PT\",\"potentialAction\":[{\"@type\":\"ReadAction\",\"target\":[\"https:\/\/seaberyat.com\/pt-pt\/prime-soldamatic\/\"]}]},{\"@type\":\"BreadcrumbList\",\"@id\":\"https:\/\/seaberyat.com\/pt-pt\/prime-soldamatic\/#breadcrumb\",\"itemListElement\":[{\"@type\":\"ListItem\",\"position\":1,\"name\":\"Home\",\"item\":\"https:\/\/seaberyat.com\/pt-pt\/\"},{\"@type\":\"ListItem\",\"position\":2,\"name\":\"PRIME &#8211; SOLDAMATIC\"}]},{\"@type\":\"WebSite\",\"@id\":\"https:\/\/seaberyat.com\/pt-pt\/#website\",\"url\":\"https:\/\/seaberyat.com\/pt-pt\/\",\"name\":\"Seabery\",\"description\":\"Seabery\",\"publisher\":{\"@id\":\"https:\/\/seaberyat.com\/pt-pt\/#organization\"},\"potentialAction\":[{\"@type\":\"SearchAction\",\"target\":{\"@type\":\"EntryPoint\",\"urlTemplate\":\"https:\/\/seaberyat.com\/pt-pt\/?s={search_term_string}\"},\"query-input\":{\"@type\":\"PropertyValueSpecification\",\"valueRequired\":true,\"valueName\":\"search_term_string\"}}],\"inLanguage\":\"pt-PT\"},{\"@type\":\"Organization\",\"@id\":\"https:\/\/seaberyat.com\/pt-pt\/#organization\",\"name\":\"Seaberyat\",\"url\":\"https:\/\/seaberyat.com\/pt-pt\/\",\"logo\":{\"@type\":\"ImageObject\",\"inLanguage\":\"pt-PT\",\"@id\":\"https:\/\/seaberyat.com\/pt-pt\/#\/schema\/logo\/image\/\",\"url\":\"https:\/\/seaberyat.com\/wp-content\/uploads\/2022\/10\/Recurso-1@4x.png\",\"contentUrl\":\"https:\/\/seaberyat.com\/wp-content\/uploads\/2022\/10\/Recurso-1@4x.png\",\"width\":2182,\"height\":644,\"caption\":\"Seaberyat\"},\"image\":{\"@id\":\"https:\/\/seaberyat.com\/pt-pt\/#\/schema\/logo\/image\/\"},\"sameAs\":[\"https:\/\/www.facebook.com\/SeaberyAugmentedTechnology\/\",\"https:\/\/x.com\/Seabery\"]}]}<\/script>\n<!-- \/ Yoast SEO plugin. -->","yoast_head_json":{"title":"Prime -Soldamatic, Assinatura de servi\u00e7os exclusivos | Seabery","description":"Soldamatic Prime \u00e9 uma assinatura que inclui um conjunto de servi\u00e7os e benef\u00edcios inclu\u00eddos nas licen\u00e7as avan\u00e7adas.","robots":{"index":"index","follow":"follow","max-snippet":"max-snippet:-1","max-image-preview":"max-image-preview:large","max-video-preview":"max-video-preview:-1"},"canonical":"https:\/\/seaberyat.com\/pt-pt\/prime-soldamatic\/","og_locale":"pt_PT","og_type":"article","og_title":"Prime -Soldamatic, Assinatura de servi\u00e7os exclusivos | Seabery","og_description":"Soldamatic Prime \u00e9 uma assinatura que inclui um conjunto de servi\u00e7os e benef\u00edcios inclu\u00eddos nas licen\u00e7as avan\u00e7adas.","og_url":"https:\/\/seaberyat.com\/pt-pt\/prime-soldamatic\/","og_site_name":"Seabery","article_publisher":"https:\/\/www.facebook.com\/SeaberyAugmentedTechnology\/","article_modified_time":"2025-03-06T11:25:13+00:00","twitter_card":"summary_large_image","twitter_site":"@Seabery","twitter_misc":{"Tempo estimado de leitura":"3 minutos"},"schema":{"@context":"https:\/\/schema.org","@graph":[{"@type":"WebPage","@id":"https:\/\/seaberyat.com\/pt-pt\/prime-soldamatic\/","url":"https:\/\/seaberyat.com\/pt-pt\/prime-soldamatic\/","name":"Prime -Soldamatic, Assinatura de servi\u00e7os exclusivos | Seabery","isPartOf":{"@id":"https:\/\/seaberyat.com\/pt-pt\/#website"},"datePublished":"2022-06-13T10:47:18+00:00","dateModified":"2025-03-06T11:25:13+00:00","description":"Soldamatic Prime \u00e9 uma assinatura que inclui um conjunto de servi\u00e7os e benef\u00edcios inclu\u00eddos nas licen\u00e7as avan\u00e7adas.","breadcrumb":{"@id":"https:\/\/seaberyat.com\/pt-pt\/prime-soldamatic\/#breadcrumb"},"inLanguage":"pt-PT","potentialAction":[{"@type":"ReadAction","target":["https:\/\/seaberyat.com\/pt-pt\/prime-soldamatic\/"]}]},{"@type":"BreadcrumbList","@id":"https:\/\/seaberyat.com\/pt-pt\/prime-soldamatic\/#breadcrumb","itemListElement":[{"@type":"ListItem","position":1,"name":"Home","item":"https:\/\/seaberyat.com\/pt-pt\/"},{"@type":"ListItem","position":2,"name":"PRIME &#8211; SOLDAMATIC"}]},{"@type":"WebSite","@id":"https:\/\/seaberyat.com\/pt-pt\/#website","url":"https:\/\/seaberyat.com\/pt-pt\/","name":"Seabery","description":"Seabery","publisher":{"@id":"https:\/\/seaberyat.com\/pt-pt\/#organization"},"potentialAction":[{"@type":"SearchAction","target":{"@type":"EntryPoint","urlTemplate":"https:\/\/seaberyat.com\/pt-pt\/?s={search_term_string}"},"query-input":{"@type":"PropertyValueSpecification","valueRequired":true,"valueName":"search_term_string"}}],"inLanguage":"pt-PT"},{"@type":"Organization","@id":"https:\/\/seaberyat.com\/pt-pt\/#organization","name":"Seaberyat","url":"https:\/\/seaberyat.com\/pt-pt\/","logo":{"@type":"ImageObject","inLanguage":"pt-PT","@id":"https:\/\/seaberyat.com\/pt-pt\/#\/schema\/logo\/image\/","url":"https:\/\/seaberyat.com\/wp-content\/uploads\/2022\/10\/Recurso-1@4x.png","contentUrl":"https:\/\/seaberyat.com\/wp-content\/uploads\/2022\/10\/Recurso-1@4x.png","width":2182,"height":644,"caption":"Seaberyat"},"image":{"@id":"https:\/\/seaberyat.com\/pt-pt\/#\/schema\/logo\/image\/"},"sameAs":["https:\/\/www.facebook.com\/SeaberyAugmentedTechnology\/","https:\/\/x.com\/Seabery"]}]}},"_links":{"self":[{"href":"https:\/\/seaberyat.com\/pt-pt\/wp-json\/wp\/v2\/pages\/10627","targetHints":{"allow":["GET"]}}],"collection":[{"href":"https:\/\/seaberyat.com\/pt-pt\/wp-json\/wp\/v2\/pages"}],"about":[{"href":"https:\/\/seaberyat.com\/pt-pt\/wp-json\/wp\/v2\/types\/page"}],"author":[{"embeddable":true,"href":"https:\/\/seaberyat.com\/pt-pt\/wp-json\/wp\/v2\/users\/3"}],"replies":[{"embeddable":true,"href":"https:\/\/seaberyat.com\/pt-pt\/wp-json\/wp\/v2\/comments?post=10627"}],"version-history":[{"count":7,"href":"https:\/\/seaberyat.com\/pt-pt\/wp-json\/wp\/v2\/pages\/10627\/revisions"}],"predecessor-version":[{"id":13543,"href":"https:\/\/seaberyat.com\/pt-pt\/wp-json\/wp\/v2\/pages\/10627\/revisions\/13543"}],"wp:attachment":[{"href":"https:\/\/seaberyat.com\/pt-pt\/wp-json\/wp\/v2\/media?parent=10627"}],"curies":[{"name":"wp","href":"https:\/\/api.w.org\/{rel}","templated":true}]}}