{"id":10377,"date":"2022-06-13T12:33:40","date_gmt":"2022-06-13T10:33:40","guid":{"rendered":"https:\/\/seaberyat.com\/skill-training\/"},"modified":"2025-03-05T21:56:05","modified_gmt":"2025-03-05T20:56:05","slug":"skill-training","status":"publish","type":"page","link":"https:\/\/seaberyat.com\/pt-pt\/skill-training\/","title":{"rendered":"SKILLS TRAINING"},"content":{"rendered":"<div class=\"wpb-content-wrapper\"><p>[vc_row gap=&#8221;30&#8243; content_placement=&#8221;top&#8221; css=&#8221;.vc_custom_1655891176951{margin-top: 96px !important;}&#8221;][vc_column width=&#8221;1\/2&#8243; css=&#8221;.vc_custom_1655795279636{padding-top: 0px !important;padding-bottom: 0px !important;}&#8221;][vc_column_text css=&#8221;.vc_custom_1741208095600{margin-top: 12px !important;}&#8221;]<\/p>\n<h1><span style=\"color: #ff6b00;\">Skills Training<\/span><\/h1>\n<p><span style=\"color: #375773;\">A falta de m\u00e3o de obra qualificada no setor industrial \u00e9 uma realidade. A Seabery desenvolve Solu\u00e7\u00f5es de Forma\u00e7\u00e3o em Realidade Aumentada (RA) para o desenvolvimento de capacidades com o objetivo de atrair e reter as novas gera\u00e7\u00f5es, ajudando a reduzir esta lacuna.<\/span>[\/vc_column_text][\/vc_column][vc_column width=&#8221;1\/2&#8243; css=&#8221;.vc_custom_1655795290422{padding-top: 0px !important;padding-bottom: 0px !important;}&#8221;][vc_single_image image=&#8221;10378&#8243; img_size=&#8221;full&#8221; alignment=&#8221;center&#8221; css=&#8221;.vc_custom_1661511834553{margin-bottom: 0px !important;padding-bottom: 0px !important;}&#8221;][vc_raw_html css=&#8221;.vc_custom_1655740946144{margin-top: 0px !important;}&#8221;]PGRpdiBzdHlsZT0iaGVpZ2h0OiA4MHB4OyB3aWR0aDogMXB4OyBiYWNrZ3JvdW5kLWNvbG9yOiAjNzA3MDcwOyBtYXJnaW46IGF1dG87Ij48L2Rpdj4=[\/vc_raw_html][\/vc_column][\/vc_row][vc_row gap=&#8221;30&#8243; rtl_reverse=&#8221;yes&#8221; content_placement=&#8221;top&#8221; css=&#8221;.vc_custom_1658475793222{margin-top: -12px !important;}&#8221;][vc_column width=&#8221;1\/2&#8243; css=&#8221;.vc_custom_1657797220884{padding-top: 0px !important;padding-bottom: 0px !important;}&#8221; offset=&#8221;vc_hidden-xs&#8221;][vc_single_image image=&#8221;6299&#8243; img_size=&#8221;full&#8221; el_class=&#8221;detail-back-3&#8243;][vc_single_image image=&#8221;10381&#8243; img_size=&#8221;full&#8221; alignment=&#8221;center&#8221; css=&#8221;.vc_custom_1661511848232{margin-bottom: 0px !important;}&#8221;][vc_raw_html css=&#8221;.vc_custom_1655740946144{margin-top: 0px !important;}&#8221;]PGRpdiBzdHlsZT0iaGVpZ2h0OiA4MHB4OyB3aWR0aDogMXB4OyBiYWNrZ3JvdW5kLWNvbG9yOiAjNzA3MDcwOyBtYXJnaW46IGF1dG87Ij48L2Rpdj4=[\/vc_raw_html][\/vc_column][vc_column width=&#8221;1\/2&#8243; css=&#8221;.vc_custom_1657797226724{padding-top: 0px !important;padding-bottom: 0px !important;}&#8221; offset=&#8221;vc_hidden-xs&#8221;][vc_column_text css=&#8221;.vc_custom_1741208111164{margin-top: 0px !important;}&#8221;]<\/p>\n<h2><span style=\"color: #ff6b00;\">Realidade Aumentada<\/span><\/h2>\n<p><span style=\"color: #375773;\">A Realidade Aumentada desempenha um papel fundamental no desenvolvimento de compet\u00eancias porque permite colocar as compet\u00eancias em pr\u00e1tica num ambiente controlado e seguro. \u00c9 poss\u00edvel praticar at\u00e9 que as compet\u00eancias necess\u00e1rias sejam adquiridas para passar para um ambiente real.<\/span>[\/vc_column_text][\/vc_column][\/vc_row][vc_row gap=&#8221;30&#8243; rtl_reverse=&#8221;yes&#8221; content_placement=&#8221;top&#8221; css=&#8221;.vc_custom_1657797059013{margin-top: -40px !important;}&#8221;][vc_column width=&#8221;1\/2&#8243; css=&#8221;.vc_custom_1657797199220{padding-top: 0px !important;padding-bottom: 0px !important;}&#8221; offset=&#8221;vc_hidden-lg vc_hidden-md vc_hidden-sm&#8221;][vc_column_text css=&#8221;.vc_custom_1655794978517{margin-top: 30px !important;}&#8221;]<\/p>\n<h3><span style=\"color: #e58b56;\">Augmented Reality<\/span><\/h3>\n<p><span style=\"color: #375773;\">The Augmented Reality plays a key role in the skills development because it allows the practice of skills in a controlled and secure environment. You can practice until the competencies needed are acquired to pass into a real environment.<\/span>[\/vc_column_text][\/vc_column][vc_column width=&#8221;1\/2&#8243; css=&#8221;.vc_custom_1657797207228{padding-top: 0px !important;padding-bottom: 0px !important;}&#8221; offset=&#8221;vc_hidden-lg vc_hidden-md vc_hidden-sm&#8221;][vc_single_image image=&#8221;10381&#8243; img_size=&#8221;full&#8221; alignment=&#8221;center&#8221; css=&#8221;.vc_custom_1661511848232{margin-bottom: 0px !important;}&#8221;][vc_raw_html css=&#8221;.vc_custom_1655740946144{margin-top: 0px !important;}&#8221;]PGRpdiBzdHlsZT0iaGVpZ2h0OiA4MHB4OyB3aWR0aDogMXB4OyBiYWNrZ3JvdW5kLWNvbG9yOiAjNzA3MDcwOyBtYXJnaW46IGF1dG87Ij48L2Rpdj4=[\/vc_raw_html][\/vc_column][\/vc_row][vc_row gap=&#8221;30&#8243; content_placement=&#8221;top&#8221; css=&#8221;.vc_custom_1658476944439{margin-top: 24px !important;margin-bottom: 0px !important;}&#8221;][vc_column width=&#8221;1\/2&#8243; css=&#8221;.vc_custom_1655795243005{padding-top: 0px !important;padding-bottom: 0px !important;}&#8221;][vc_column_text css=&#8221;.vc_custom_1741208127867{margin-top: 0px !important;}&#8221;]<\/p>\n<h2><span style=\"color: #ff6b00;\">Programa de forma\u00e7\u00e3o<\/span><\/h2>\n<p><span style=\"color: #375773;\">O sistema educativo deve ser capaz de criar programas de forma\u00e7\u00e3o para o desenvolvimento de compet\u00eancias que gerem a m\u00e3o de obra necess\u00e1ria para satisfazer as necessidades, ao mesmo tempo que permite a integra\u00e7\u00e3o dos jovens no mercado de trabalho.<\/span>[\/vc_column_text][\/vc_column][vc_column width=&#8221;1\/2&#8243; css=&#8221;.vc_custom_1655795251523{padding-top: 0px !important;padding-bottom: 0px !important;}&#8221;][vc_single_image image=&#8221;6312&#8243; img_size=&#8221;full&#8221; el_class=&#8221;detail-back&#8221;][vc_single_image image=&#8221;10382&#8243; img_size=&#8221;full&#8221; alignment=&#8221;center&#8221; css=&#8221;.vc_custom_1661511910732{margin-bottom: 0px !important;padding-bottom: 0px !important;}&#8221;][vc_raw_html css=&#8221;.vc_custom_1655740946144{margin-top: 0px !important;}&#8221;]PGRpdiBzdHlsZT0iaGVpZ2h0OiA4MHB4OyB3aWR0aDogMXB4OyBiYWNrZ3JvdW5kLWNvbG9yOiAjNzA3MDcwOyBtYXJnaW46IGF1dG87Ij48L2Rpdj4=[\/vc_raw_html][\/vc_column][\/vc_row][vc_row gap=&#8221;30&#8243; content_placement=&#8221;top&#8221; css=&#8221;.vc_custom_1658475971575{margin-top: -24px !important;margin-bottom: 96px !important;}&#8221;][vc_column width=&#8221;1\/2&#8243; css=&#8221;.vc_custom_1657797294867{padding-top: 0px !important;padding-bottom: 0px !important;}&#8221; offset=&#8221;vc_hidden-xs&#8221;][vc_single_image image=&#8221;10383&#8243; img_size=&#8221;full&#8221; alignment=&#8221;center&#8221; css=&#8221;.vc_custom_1661511934714{margin-bottom: 0px !important;}&#8221;][vc_single_image image=&#8221;6312&#8243; img_size=&#8221;full&#8221; el_class=&#8221;detail-back-3&#8243;][\/vc_column][vc_column width=&#8221;1\/2&#8243; css=&#8221;.vc_custom_1657797301589{padding-top: 0px !important;padding-bottom: 0px !important;}&#8221; offset=&#8221;vc_hidden-xs&#8221;][vc_column_text css=&#8221;.vc_custom_1741208144764{margin-top: 0px !important;}&#8221;]<\/p>\n<h2><span style=\"color: #ff6b00;\">Envolvimento<\/span><\/h2>\n<p><span style=\"color: #375773;\">As novas tecnologias, mais concretamente a Realidade Aumentada, s\u00e3o uma excelente forma de atrair os jovens, proporcionando n\u00e3o s\u00f3 o desenvolvimento das compet\u00eancias b\u00e1sicas entre os novos estudantes, como tamb\u00e9m a forma\u00e7\u00e3o de trabalhadores qualificados para o desenvolvimento de compet\u00eancias espec\u00edficas necess\u00e1rias para um determinado posto de trabalho.<\/span>[\/vc_column_text][\/vc_column][\/vc_row][vc_row gap=&#8221;30&#8243; content_placement=&#8221;top&#8221; css=&#8221;.vc_custom_1657797469931{margin-top: -120px !important;margin-bottom: 96px !important;}&#8221;][vc_column width=&#8221;1\/2&#8243; css=&#8221;.vc_custom_1657797281109{padding-top: 0px !important;padding-bottom: 0px !important;}&#8221; offset=&#8221;vc_hidden-lg vc_hidden-md vc_hidden-sm&#8221;][vc_column_text css=&#8221;.vc_custom_1655795452733{margin-top: 30px !important;}&#8221;]<\/p>\n<h3><span style=\"color: #e58b56;\">Engagement<\/span><\/h3>\n<p><span style=\"color: #375773;\">The new technologies, and in concrete Augmented Reality, are an excellent way to attract young people, giving not only the development of the basic skills between new students but also training qualified workers for specific abilities development needed for a job.<\/span>[\/vc_column_text][\/vc_column][vc_column width=&#8221;1\/2&#8243; css=&#8221;.vc_custom_1657797288268{padding-top: 0px !important;padding-bottom: 0px !important;}&#8221; offset=&#8221;vc_hidden-lg vc_hidden-md vc_hidden-sm&#8221;][vc_single_image image=&#8221;10383&#8243; img_size=&#8221;full&#8221; alignment=&#8221;center&#8221; css=&#8221;.vc_custom_1661511934714{margin-bottom: 0px !important;}&#8221;][\/vc_column][\/vc_row]<\/p>\n<\/div>","protected":false},"excerpt":{"rendered":"<p>[vc_row gap=&#8221;30&#8243; content_placement=&#8221;top&#8221; css=&#8221;.vc_custom_1655891176951{margin-top: 96px !important;}&#8221;][vc_column width=&#8221;1\/2&#8243; css=&#8221;.vc_custom_1655795279636{padding-top: 0px !important;padding-bottom: 0px !important;}&#8221;][vc_column_text css=&#8221;.vc_custom_1741208095600{margin-top: 12px !important;}&#8221;] Skills Training A falta de m\u00e3o de obra qualificada no setor industrial \u00e9 uma realidade. A Seabery desenvolve Solu\u00e7\u00f5es de Forma\u00e7\u00e3o em Realidade Aumentada (RA) para o desenvolvimento de capacidades com o objetivo de atrair e reter as novas gera\u00e7\u00f5es,&hellip;<\/p>\n","protected":false},"author":3,"featured_media":0,"parent":0,"menu_order":0,"comment_status":"closed","ping_status":"closed","template":"","meta":{"_acf_changed":false,"footnotes":""},"class_list":["post-10377","page","type-page","status-publish","hentry","description-off"],"acf":[],"yoast_head":"<!-- This site is optimized with the Yoast SEO plugin v26.4 - https:\/\/yoast.com\/wordpress\/plugins\/seo\/ -->\n<title>Skills Training, Forma\u00e7\u00e3o de compet\u00eancias com RA | Seabery<\/title>\n<meta name=\"description\" content=\"A forma\u00e7\u00e3o de habilidades \u00e9 o desenvolvimento das habilidades e destrezas necess\u00e1rias para se adaptar \u00e0s exig\u00eancias do cargo de trabalho.\" \/>\n<meta name=\"robots\" content=\"index, follow, max-snippet:-1, max-image-preview:large, max-video-preview:-1\" \/>\n<link rel=\"canonical\" href=\"https:\/\/seaberyat.com\/pt-pt\/skill-training\/\" \/>\n<meta property=\"og:locale\" content=\"pt_PT\" \/>\n<meta property=\"og:type\" content=\"article\" \/>\n<meta property=\"og:title\" content=\"Skills Training, Forma\u00e7\u00e3o de compet\u00eancias com RA | Seabery\" \/>\n<meta property=\"og:description\" content=\"A forma\u00e7\u00e3o de habilidades \u00e9 o desenvolvimento das habilidades e destrezas necess\u00e1rias para se adaptar \u00e0s exig\u00eancias do cargo de trabalho.\" \/>\n<meta property=\"og:url\" content=\"https:\/\/seaberyat.com\/pt-pt\/skill-training\/\" \/>\n<meta property=\"og:site_name\" content=\"Seabery\" \/>\n<meta property=\"article:publisher\" content=\"https:\/\/www.facebook.com\/SeaberyAugmentedTechnology\/\" \/>\n<meta property=\"article:modified_time\" content=\"2025-03-05T20:56:05+00:00\" \/>\n<meta name=\"twitter:card\" content=\"summary_large_image\" \/>\n<meta name=\"twitter:site\" content=\"@Seabery\" \/>\n<meta name=\"twitter:label1\" content=\"Tempo estimado de leitura\" \/>\n\t<meta name=\"twitter:data1\" content=\"4 minutos\" \/>\n<script type=\"application\/ld+json\" class=\"yoast-schema-graph\">{\"@context\":\"https:\/\/schema.org\",\"@graph\":[{\"@type\":\"WebPage\",\"@id\":\"https:\/\/seaberyat.com\/pt-pt\/skill-training\/\",\"url\":\"https:\/\/seaberyat.com\/pt-pt\/skill-training\/\",\"name\":\"Skills Training, Forma\u00e7\u00e3o de compet\u00eancias com RA | Seabery\",\"isPartOf\":{\"@id\":\"https:\/\/seaberyat.com\/pt-pt\/#website\"},\"datePublished\":\"2022-06-13T10:33:40+00:00\",\"dateModified\":\"2025-03-05T20:56:05+00:00\",\"description\":\"A forma\u00e7\u00e3o de habilidades \u00e9 o desenvolvimento das habilidades e destrezas necess\u00e1rias para se adaptar \u00e0s exig\u00eancias do cargo de trabalho.\",\"breadcrumb\":{\"@id\":\"https:\/\/seaberyat.com\/pt-pt\/skill-training\/#breadcrumb\"},\"inLanguage\":\"pt-PT\",\"potentialAction\":[{\"@type\":\"ReadAction\",\"target\":[\"https:\/\/seaberyat.com\/pt-pt\/skill-training\/\"]}]},{\"@type\":\"BreadcrumbList\",\"@id\":\"https:\/\/seaberyat.com\/pt-pt\/skill-training\/#breadcrumb\",\"itemListElement\":[{\"@type\":\"ListItem\",\"position\":1,\"name\":\"Home\",\"item\":\"https:\/\/seaberyat.com\/pt-pt\/\"},{\"@type\":\"ListItem\",\"position\":2,\"name\":\"SKILLS TRAINING\"}]},{\"@type\":\"WebSite\",\"@id\":\"https:\/\/seaberyat.com\/pt-pt\/#website\",\"url\":\"https:\/\/seaberyat.com\/pt-pt\/\",\"name\":\"Seabery\",\"description\":\"Seabery\",\"publisher\":{\"@id\":\"https:\/\/seaberyat.com\/pt-pt\/#organization\"},\"potentialAction\":[{\"@type\":\"SearchAction\",\"target\":{\"@type\":\"EntryPoint\",\"urlTemplate\":\"https:\/\/seaberyat.com\/pt-pt\/?s={search_term_string}\"},\"query-input\":{\"@type\":\"PropertyValueSpecification\",\"valueRequired\":true,\"valueName\":\"search_term_string\"}}],\"inLanguage\":\"pt-PT\"},{\"@type\":\"Organization\",\"@id\":\"https:\/\/seaberyat.com\/pt-pt\/#organization\",\"name\":\"Seaberyat\",\"url\":\"https:\/\/seaberyat.com\/pt-pt\/\",\"logo\":{\"@type\":\"ImageObject\",\"inLanguage\":\"pt-PT\",\"@id\":\"https:\/\/seaberyat.com\/pt-pt\/#\/schema\/logo\/image\/\",\"url\":\"https:\/\/seaberyat.com\/wp-content\/uploads\/2022\/10\/Recurso-1@4x.png\",\"contentUrl\":\"https:\/\/seaberyat.com\/wp-content\/uploads\/2022\/10\/Recurso-1@4x.png\",\"width\":2182,\"height\":644,\"caption\":\"Seaberyat\"},\"image\":{\"@id\":\"https:\/\/seaberyat.com\/pt-pt\/#\/schema\/logo\/image\/\"},\"sameAs\":[\"https:\/\/www.facebook.com\/SeaberyAugmentedTechnology\/\",\"https:\/\/x.com\/Seabery\"]}]}<\/script>\n<!-- \/ Yoast SEO plugin. -->","yoast_head_json":{"title":"Skills Training, Forma\u00e7\u00e3o de compet\u00eancias com RA | Seabery","description":"A forma\u00e7\u00e3o de habilidades \u00e9 o desenvolvimento das habilidades e destrezas necess\u00e1rias para se adaptar \u00e0s exig\u00eancias do cargo de trabalho.","robots":{"index":"index","follow":"follow","max-snippet":"max-snippet:-1","max-image-preview":"max-image-preview:large","max-video-preview":"max-video-preview:-1"},"canonical":"https:\/\/seaberyat.com\/pt-pt\/skill-training\/","og_locale":"pt_PT","og_type":"article","og_title":"Skills Training, Forma\u00e7\u00e3o de compet\u00eancias com RA | Seabery","og_description":"A forma\u00e7\u00e3o de habilidades \u00e9 o desenvolvimento das habilidades e destrezas necess\u00e1rias para se adaptar \u00e0s exig\u00eancias do cargo de trabalho.","og_url":"https:\/\/seaberyat.com\/pt-pt\/skill-training\/","og_site_name":"Seabery","article_publisher":"https:\/\/www.facebook.com\/SeaberyAugmentedTechnology\/","article_modified_time":"2025-03-05T20:56:05+00:00","twitter_card":"summary_large_image","twitter_site":"@Seabery","twitter_misc":{"Tempo estimado de leitura":"4 minutos"},"schema":{"@context":"https:\/\/schema.org","@graph":[{"@type":"WebPage","@id":"https:\/\/seaberyat.com\/pt-pt\/skill-training\/","url":"https:\/\/seaberyat.com\/pt-pt\/skill-training\/","name":"Skills Training, Forma\u00e7\u00e3o de compet\u00eancias com RA | Seabery","isPartOf":{"@id":"https:\/\/seaberyat.com\/pt-pt\/#website"},"datePublished":"2022-06-13T10:33:40+00:00","dateModified":"2025-03-05T20:56:05+00:00","description":"A forma\u00e7\u00e3o de habilidades \u00e9 o desenvolvimento das habilidades e destrezas necess\u00e1rias para se adaptar \u00e0s exig\u00eancias do cargo de trabalho.","breadcrumb":{"@id":"https:\/\/seaberyat.com\/pt-pt\/skill-training\/#breadcrumb"},"inLanguage":"pt-PT","potentialAction":[{"@type":"ReadAction","target":["https:\/\/seaberyat.com\/pt-pt\/skill-training\/"]}]},{"@type":"BreadcrumbList","@id":"https:\/\/seaberyat.com\/pt-pt\/skill-training\/#breadcrumb","itemListElement":[{"@type":"ListItem","position":1,"name":"Home","item":"https:\/\/seaberyat.com\/pt-pt\/"},{"@type":"ListItem","position":2,"name":"SKILLS TRAINING"}]},{"@type":"WebSite","@id":"https:\/\/seaberyat.com\/pt-pt\/#website","url":"https:\/\/seaberyat.com\/pt-pt\/","name":"Seabery","description":"Seabery","publisher":{"@id":"https:\/\/seaberyat.com\/pt-pt\/#organization"},"potentialAction":[{"@type":"SearchAction","target":{"@type":"EntryPoint","urlTemplate":"https:\/\/seaberyat.com\/pt-pt\/?s={search_term_string}"},"query-input":{"@type":"PropertyValueSpecification","valueRequired":true,"valueName":"search_term_string"}}],"inLanguage":"pt-PT"},{"@type":"Organization","@id":"https:\/\/seaberyat.com\/pt-pt\/#organization","name":"Seaberyat","url":"https:\/\/seaberyat.com\/pt-pt\/","logo":{"@type":"ImageObject","inLanguage":"pt-PT","@id":"https:\/\/seaberyat.com\/pt-pt\/#\/schema\/logo\/image\/","url":"https:\/\/seaberyat.com\/wp-content\/uploads\/2022\/10\/Recurso-1@4x.png","contentUrl":"https:\/\/seaberyat.com\/wp-content\/uploads\/2022\/10\/Recurso-1@4x.png","width":2182,"height":644,"caption":"Seaberyat"},"image":{"@id":"https:\/\/seaberyat.com\/pt-pt\/#\/schema\/logo\/image\/"},"sameAs":["https:\/\/www.facebook.com\/SeaberyAugmentedTechnology\/","https:\/\/x.com\/Seabery"]}]}},"_links":{"self":[{"href":"https:\/\/seaberyat.com\/pt-pt\/wp-json\/wp\/v2\/pages\/10377","targetHints":{"allow":["GET"]}}],"collection":[{"href":"https:\/\/seaberyat.com\/pt-pt\/wp-json\/wp\/v2\/pages"}],"about":[{"href":"https:\/\/seaberyat.com\/pt-pt\/wp-json\/wp\/v2\/types\/page"}],"author":[{"embeddable":true,"href":"https:\/\/seaberyat.com\/pt-pt\/wp-json\/wp\/v2\/users\/3"}],"replies":[{"embeddable":true,"href":"https:\/\/seaberyat.com\/pt-pt\/wp-json\/wp\/v2\/comments?post=10377"}],"version-history":[{"count":3,"href":"https:\/\/seaberyat.com\/pt-pt\/wp-json\/wp\/v2\/pages\/10377\/revisions"}],"predecessor-version":[{"id":19065,"href":"https:\/\/seaberyat.com\/pt-pt\/wp-json\/wp\/v2\/pages\/10377\/revisions\/19065"}],"wp:attachment":[{"href":"https:\/\/seaberyat.com\/pt-pt\/wp-json\/wp\/v2\/media?parent=10377"}],"curies":[{"name":"wp","href":"https:\/\/api.w.org\/{rel}","templated":true}]}}