{"id":10360,"date":"2022-06-13T15:56:35","date_gmt":"2022-06-13T13:56:35","guid":{"rendered":"https:\/\/seaberyat.com\/about-us\/"},"modified":"2025-03-06T00:05:18","modified_gmt":"2025-03-05T23:05:18","slug":"sobre-nos","status":"publish","type":"page","link":"https:\/\/seaberyat.com\/pt-pt\/sobre-nos\/","title":{"rendered":"SOBRE N\u00d3S"},"content":{"rendered":"<div class=\"wpb-content-wrapper\"><p>[vc_row full_width=&#8221;stretch_row&#8221; css=&#8221;.vc_custom_1741215824190{padding-top: 48px !important;padding-bottom: 48px !important;background-color: #002550 !important;}&#8221;][vc_column][vc_column_text css=&#8221;&#8221;]<\/p>\n<h1><span style=\"color: #ffffff;\">Sobre n\u00f3s<\/span><\/h1>\n<p>&nbsp;<\/p>\n<p><span style=\"color: #ffffff;\">Seabery Augmented Technology \u00e9 o l\u00edder mundial no desenvolvimento de solu\u00e7\u00f5es educacionais baseadas na simula\u00e7\u00e3o com tecnologia de Realidade Aumentada. A marca da empresa \u00e9 tornar-se uma refer\u00eancia no sector EdTech e industrial de forma\u00e7\u00e3o baseada em <em>compet\u00eancias<\/em>, ajudando a desenvolver o modelo educacional tradicional e permitindo \u00e0s empresas adaptarem-se \u00e0s exig\u00eancias da Ind\u00fastria 4.0. A solu\u00e7\u00e3o de forma\u00e7\u00e3o em soldadura, <span style=\"color: #ff6b00;\"><a style=\"color: #ff6b00;\" href=\"https:\/\/seaberyat.com\/pt-pt\/soldamatic\/\">Soldamatic Augmented Training\u00ae<\/a><\/span>, est\u00e1 actualmente implantada em mais de 80 pa\u00edses e o seu crescimento \u00e9 exponencial Soldamatic apresenta a tecnologia patenteada HyperReal-SimTM e foi premiada como A Melhor Aplica\u00e7\u00e3o de Realidade Aumentada em educa\u00e7\u00e3o nos Pr\u00e9mios Auggie (Silicon Valley, Calif\u00f3rnia), uma vez que prop\u00f5e um novo paradigma no mundo da forma\u00e7\u00e3o profissional tradicional. Recentemente, em Mar\u00e7o de 2022, foi premiada como PME do Ano em Espanha pela C\u00e2mara de Com\u00e9rcio Espanhola, recebendo o pr\u00e9mio de HM King Felipe VI. <\/span>[\/vc_column_text][vc_video link=&#8221;https:\/\/youtu.be\/pgKDtlvAfW4&#8243; align=&#8221;center&#8221; css=&#8221;&#8221;][\/vc_column][\/vc_row][vc_row css=&#8221;.vc_custom_1726131663264{padding-top: 60px !important;padding-bottom: 0px !important;}&#8221;][vc_column][vc_column_text css=&#8221;&#8221;]<\/p>\n<h2><span style=\"color: #ff6b00;\">UMA HIST\u00d3RIA DE PESSOAS APAIXONADAS <\/span><\/h2>\n<p>[\/vc_column_text][vc_column_text css=&#8221;&#8221;]<span style=\"color: #002550;\">No mais puro estilo Silicon Valley, Seabery nasceu na &#8220;garagem&#8221; de um dos seus fundadores, Basilio Marqu\u00ednez (actual presidente da Seabery), que teve a ideia original de aplicar uma tecnologia incipiente como a Realidade Aumentada para melhorar o processo de forma\u00e7\u00e3o de uma profiss\u00e3o t\u00e3o antiga e importante como a soldadura. Esse cruzamento de ideias entre uma necessidade e uma tecnologia toma forma com a per\u00edcia e vis\u00e3o de pessoas relacionadas com a Universidade de Huelva, que come\u00e7am a moldar um projecto que se tornar\u00e1 anos mais tarde uma das mais importantes empresas da cidade e <strong>l\u00edder mundial incontest\u00e1vel na forma\u00e7\u00e3o em soldadura digital.<\/strong><\/span><\/p>\n<p><span style=\"color: #002550;\">Huelva \u00e9 o local de nascimento da Seabery e o lar da sua sede. Apesar disso, as nossas equipas s\u00e3o compostas por pessoas de mais de 20 nacionalidades diferentes. A Seabery tem vindo a crescer em tamanho e presen\u00e7a em todo o mundo, e isto permitiu a muitos dos que a ajudaram a nascer e a crescer, desenvolver uma rica carreira dentro dela.<\/span>[\/vc_column_text][\/vc_column][\/vc_row][vc_row css=&#8221;.vc_custom_1726131675904{padding-top: 0px !important;padding-bottom: 60px !important;}&#8221;][vc_column width=&#8221;1\/2&#8243;][vc_column_text css=&#8221;&#8221;]<span style=\"color: #002550;\">O sucesso desta vis\u00e3o foi t\u00e3o espectacular que, ano ap\u00f3s ano, a empresa cresceu <strong>reinvestindo todos os seus lucros em talento e recursos<\/strong>, inspirada pela firme convic\u00e7\u00e3o de que o futuro seria ainda mais brilhante. Em 2022, junt\u00e1mo-nos ao potencial e vis\u00e3o de dois dos mais importantes fundos de investimento do pa\u00eds: Seaya e MCH, parceiros e amigos que nos ajudar\u00e3o a continuar a crescer e a melhorar.<\/span><\/p>\n<p><span style=\"color: #002550;\">Somos inspirados pela forma\u00e7\u00e3o, mas tamb\u00e9m pelo cuidado com o planeta e pelo nosso inabal\u00e1vel empenho em ajudar a sua conserva\u00e7\u00e3o. E, claro, somos inspirados pela tecnologia, sem esquecer as pessoas por detr\u00e1s dela. Em Seabery temos uma bela hist\u00f3ria para contar, mas ainda mais emocionante \u00e9 a que ainda temos de escrever, <strong>queres fazer parte dela?<\/strong><\/span>[\/vc_column_text][\/vc_column][vc_column width=&#8221;1\/2&#8243;][vc_video link=&#8221;https:\/\/youtu.be\/5SDwHpUHW3w&#8221; align=&#8221;center&#8221;][\/vc_column][\/vc_row][vc_row full_width=&#8221;stretch_row&#8221; css=&#8221;.vc_custom_1741215915097{padding-top: 48px !important;padding-bottom: 48px !important;background-color: #002550 !important;}&#8221;][vc_column][vc_column_text css=&#8221;&#8221;]<\/p>\n<h2><span style=\"color: #ff6b00;\">O QUE NOS TORNA DIFERENTES<\/span><\/h2>\n<p><span style=\"color: #ffffff;\">Se tiv\u00e9ssemos de resumir numa frase qual \u00e9 o objectivo final do povo do Seabery, seria algo como &#8220;imaginar novas formas de formar uma profiss\u00e3o e encontrar a forma de materializar esse conceito num produto de alta tecnologia&#8221;. Nem todas as empresas podem desenhar o seu futuro sobre uma tela em branco. \u00c9 por isso que trabalhar na Seabery \u00e9 diferente.<\/span><\/p>\n<p><span style=\"color: #ffffff;\">O dia-a-dia na empresa envolve um exerc\u00edcio de pensamento &#8220;fora da caixa&#8221; para ir onde ningu\u00e9m mais foi antes. O tipo de produtos que concebemos e constru\u00edmos n\u00e3o foram, em geral, conceptualizados antes, <strong>somos pioneiros.<\/strong>.\u00a0<\/span><\/p>\n<p><span style=\"color: #ffffff;\">Uma vez que temos uma ideia perturbadora em m\u00e3os, o pr\u00f3ximo desafio \u00e9 como implement\u00e1-la. E aqui, tamb\u00e9m, somos diferentes: <strong>todo o ciclo de cria\u00e7\u00e3o do produto \u00e9 realizado do princ\u00edpio ao fim dentro da empresa<\/strong>. Desde a primeira prova de conceito, atrav\u00e9s do desenvolvimento do software e hardware, at\u00e9 \u00e0 concep\u00e7\u00e3o e montagem dos simuladores e dos seus perif\u00e9ricos.<\/span><\/p>\n<p><span style=\"color: #ffffff;\">Outro ponto que nos distingue \u00e9 o compromisso a longo prazo que estabelecemos com todos os nossos empregados: <strong>todos os nossos empregados t\u00eam uma rela\u00e7\u00e3o laboral indefinida<\/strong>. Quando decidimos expandir uma equipa e abrir uma nova posi\u00e7\u00e3o, \u00e9 sempre com vista ao futuro. <\/span><\/p>\n<p><span style=\"color: #ffffff;\">Desta forma, independentemente do perfil profissional, pessoas de todas as \u00e1reas da empresa contribuem com o seu gr\u00e3o de areia, assim como com uma vis\u00e3o particular que enriquece o resto. Estamos todos a remar na mesma direc\u00e7\u00e3o para <strong>mudar a forma como o mundo ensina e aprende<\/strong>.<\/span>[\/vc_column_text][vc_single_image image=&#8221;16327&#8243; img_size=&#8221;large&#8221; alignment=&#8221;center&#8221; style=&#8221;vc_box_rounded&#8221; onclick=&#8221;custom_link&#8221; img_link_target=&#8221;_blank&#8221; link=&#8221;https:\/\/www.youtube.com\/playlist?list=PLHJ11CaIswavBqNTYkWI7xeHhhuYx4q9G&#8221;][\/vc_column][\/vc_row][vc_row disable_element=&#8221;yes&#8221;][vc_column][vc_single_image image=&#8221;10361&#8243; img_size=&#8221;full&#8221; alignment=&#8221;center&#8221; css=&#8221;.vc_custom_1674577472736{padding-top: 60px !important;padding-bottom: 60px !important;}&#8221; el_class=&#8221;icon-seabery&#8221;][\/vc_column][\/vc_row][vc_column][\/vc_column]<\/p>\n<\/div>","protected":false},"excerpt":{"rendered":"<p>[vc_row full_width=&#8221;stretch_row&#8221; css=&#8221;.vc_custom_1741215824190{padding-top: 48px !important;padding-bottom: 48px !important;background-color: #002550 !important;}&#8221;][vc_column][vc_column_text css=&#8221;&#8221;] Sobre n\u00f3s &nbsp; Seabery Augmented Technology \u00e9 o l\u00edder mundial no desenvolvimento de solu\u00e7\u00f5es educacionais baseadas na simula\u00e7\u00e3o com tecnologia de Realidade Aumentada. A marca da empresa \u00e9 tornar-se uma refer\u00eancia no sector EdTech e industrial de forma\u00e7\u00e3o baseada em compet\u00eancias, ajudando a desenvolver o&hellip;<\/p>\n","protected":false},"author":3,"featured_media":0,"parent":0,"menu_order":0,"comment_status":"closed","ping_status":"closed","template":"","meta":{"_acf_changed":false,"footnotes":""},"class_list":["post-10360","page","type-page","status-publish","hentry","description-off"],"acf":[],"yoast_head":"<!-- This site is optimized with the Yoast SEO plugin v26.4 - https:\/\/yoast.com\/wordpress\/plugins\/seo\/ -->\n<title>SOBRE N\u00d3S | Seabery<\/title>\n<meta name=\"description\" content=\"Seabery Augmented Technology \u00e9 a empresa l\u00edder mundial no desenvolvimento de solu\u00e7\u00f5es educacionais por meio de simula\u00e7\u00e3o com tecnologia de Realidade Aumentada.\" \/>\n<meta name=\"robots\" content=\"index, follow, max-snippet:-1, max-image-preview:large, max-video-preview:-1\" \/>\n<link rel=\"canonical\" href=\"https:\/\/seaberyat.com\/pt-pt\/sobre-nos\/\" \/>\n<meta property=\"og:locale\" content=\"pt_PT\" \/>\n<meta property=\"og:type\" content=\"article\" \/>\n<meta property=\"og:title\" content=\"SOBRE N\u00d3S | Seabery\" \/>\n<meta property=\"og:description\" content=\"Seabery Augmented Technology \u00e9 a empresa l\u00edder mundial no desenvolvimento de solu\u00e7\u00f5es educacionais por meio de simula\u00e7\u00e3o com tecnologia de Realidade Aumentada.\" \/>\n<meta property=\"og:url\" content=\"https:\/\/seaberyat.com\/pt-pt\/sobre-nos\/\" \/>\n<meta property=\"og:site_name\" content=\"Seabery\" \/>\n<meta property=\"article:publisher\" content=\"https:\/\/www.facebook.com\/SeaberyAugmentedTechnology\/\" \/>\n<meta property=\"article:modified_time\" content=\"2025-03-05T23:05:18+00:00\" \/>\n<meta name=\"twitter:card\" content=\"summary_large_image\" \/>\n<meta name=\"twitter:site\" content=\"@Seabery\" \/>\n<meta name=\"twitter:label1\" content=\"Tempo estimado de leitura\" \/>\n\t<meta name=\"twitter:data1\" content=\"4 minutos\" \/>\n<script type=\"application\/ld+json\" class=\"yoast-schema-graph\">{\"@context\":\"https:\/\/schema.org\",\"@graph\":[{\"@type\":\"WebPage\",\"@id\":\"https:\/\/seaberyat.com\/pt-pt\/sobre-nos\/\",\"url\":\"https:\/\/seaberyat.com\/pt-pt\/sobre-nos\/\",\"name\":\"SOBRE N\u00d3S | Seabery\",\"isPartOf\":{\"@id\":\"https:\/\/seaberyat.com\/pt-pt\/#website\"},\"datePublished\":\"2022-06-13T13:56:35+00:00\",\"dateModified\":\"2025-03-05T23:05:18+00:00\",\"description\":\"Seabery Augmented Technology \u00e9 a empresa l\u00edder mundial no desenvolvimento de solu\u00e7\u00f5es educacionais por meio de simula\u00e7\u00e3o com tecnologia de Realidade Aumentada.\",\"breadcrumb\":{\"@id\":\"https:\/\/seaberyat.com\/pt-pt\/sobre-nos\/#breadcrumb\"},\"inLanguage\":\"pt-PT\",\"potentialAction\":[{\"@type\":\"ReadAction\",\"target\":[\"https:\/\/seaberyat.com\/pt-pt\/sobre-nos\/\"]}]},{\"@type\":\"BreadcrumbList\",\"@id\":\"https:\/\/seaberyat.com\/pt-pt\/sobre-nos\/#breadcrumb\",\"itemListElement\":[{\"@type\":\"ListItem\",\"position\":1,\"name\":\"Home\",\"item\":\"https:\/\/seaberyat.com\/pt-pt\/\"},{\"@type\":\"ListItem\",\"position\":2,\"name\":\"SOBRE N\u00d3S\"}]},{\"@type\":\"WebSite\",\"@id\":\"https:\/\/seaberyat.com\/pt-pt\/#website\",\"url\":\"https:\/\/seaberyat.com\/pt-pt\/\",\"name\":\"Seabery\",\"description\":\"Seabery\",\"publisher\":{\"@id\":\"https:\/\/seaberyat.com\/pt-pt\/#organization\"},\"potentialAction\":[{\"@type\":\"SearchAction\",\"target\":{\"@type\":\"EntryPoint\",\"urlTemplate\":\"https:\/\/seaberyat.com\/pt-pt\/?s={search_term_string}\"},\"query-input\":{\"@type\":\"PropertyValueSpecification\",\"valueRequired\":true,\"valueName\":\"search_term_string\"}}],\"inLanguage\":\"pt-PT\"},{\"@type\":\"Organization\",\"@id\":\"https:\/\/seaberyat.com\/pt-pt\/#organization\",\"name\":\"Seaberyat\",\"url\":\"https:\/\/seaberyat.com\/pt-pt\/\",\"logo\":{\"@type\":\"ImageObject\",\"inLanguage\":\"pt-PT\",\"@id\":\"https:\/\/seaberyat.com\/pt-pt\/#\/schema\/logo\/image\/\",\"url\":\"https:\/\/seaberyat.com\/wp-content\/uploads\/2022\/10\/Recurso-1@4x.png\",\"contentUrl\":\"https:\/\/seaberyat.com\/wp-content\/uploads\/2022\/10\/Recurso-1@4x.png\",\"width\":2182,\"height\":644,\"caption\":\"Seaberyat\"},\"image\":{\"@id\":\"https:\/\/seaberyat.com\/pt-pt\/#\/schema\/logo\/image\/\"},\"sameAs\":[\"https:\/\/www.facebook.com\/SeaberyAugmentedTechnology\/\",\"https:\/\/x.com\/Seabery\"]}]}<\/script>\n<!-- \/ Yoast SEO plugin. -->","yoast_head_json":{"title":"SOBRE N\u00d3S | Seabery","description":"Seabery Augmented Technology \u00e9 a empresa l\u00edder mundial no desenvolvimento de solu\u00e7\u00f5es educacionais por meio de simula\u00e7\u00e3o com tecnologia de Realidade Aumentada.","robots":{"index":"index","follow":"follow","max-snippet":"max-snippet:-1","max-image-preview":"max-image-preview:large","max-video-preview":"max-video-preview:-1"},"canonical":"https:\/\/seaberyat.com\/pt-pt\/sobre-nos\/","og_locale":"pt_PT","og_type":"article","og_title":"SOBRE N\u00d3S | Seabery","og_description":"Seabery Augmented Technology \u00e9 a empresa l\u00edder mundial no desenvolvimento de solu\u00e7\u00f5es educacionais por meio de simula\u00e7\u00e3o com tecnologia de Realidade Aumentada.","og_url":"https:\/\/seaberyat.com\/pt-pt\/sobre-nos\/","og_site_name":"Seabery","article_publisher":"https:\/\/www.facebook.com\/SeaberyAugmentedTechnology\/","article_modified_time":"2025-03-05T23:05:18+00:00","twitter_card":"summary_large_image","twitter_site":"@Seabery","twitter_misc":{"Tempo estimado de leitura":"4 minutos"},"schema":{"@context":"https:\/\/schema.org","@graph":[{"@type":"WebPage","@id":"https:\/\/seaberyat.com\/pt-pt\/sobre-nos\/","url":"https:\/\/seaberyat.com\/pt-pt\/sobre-nos\/","name":"SOBRE N\u00d3S | Seabery","isPartOf":{"@id":"https:\/\/seaberyat.com\/pt-pt\/#website"},"datePublished":"2022-06-13T13:56:35+00:00","dateModified":"2025-03-05T23:05:18+00:00","description":"Seabery Augmented Technology \u00e9 a empresa l\u00edder mundial no desenvolvimento de solu\u00e7\u00f5es educacionais por meio de simula\u00e7\u00e3o com tecnologia de Realidade Aumentada.","breadcrumb":{"@id":"https:\/\/seaberyat.com\/pt-pt\/sobre-nos\/#breadcrumb"},"inLanguage":"pt-PT","potentialAction":[{"@type":"ReadAction","target":["https:\/\/seaberyat.com\/pt-pt\/sobre-nos\/"]}]},{"@type":"BreadcrumbList","@id":"https:\/\/seaberyat.com\/pt-pt\/sobre-nos\/#breadcrumb","itemListElement":[{"@type":"ListItem","position":1,"name":"Home","item":"https:\/\/seaberyat.com\/pt-pt\/"},{"@type":"ListItem","position":2,"name":"SOBRE N\u00d3S"}]},{"@type":"WebSite","@id":"https:\/\/seaberyat.com\/pt-pt\/#website","url":"https:\/\/seaberyat.com\/pt-pt\/","name":"Seabery","description":"Seabery","publisher":{"@id":"https:\/\/seaberyat.com\/pt-pt\/#organization"},"potentialAction":[{"@type":"SearchAction","target":{"@type":"EntryPoint","urlTemplate":"https:\/\/seaberyat.com\/pt-pt\/?s={search_term_string}"},"query-input":{"@type":"PropertyValueSpecification","valueRequired":true,"valueName":"search_term_string"}}],"inLanguage":"pt-PT"},{"@type":"Organization","@id":"https:\/\/seaberyat.com\/pt-pt\/#organization","name":"Seaberyat","url":"https:\/\/seaberyat.com\/pt-pt\/","logo":{"@type":"ImageObject","inLanguage":"pt-PT","@id":"https:\/\/seaberyat.com\/pt-pt\/#\/schema\/logo\/image\/","url":"https:\/\/seaberyat.com\/wp-content\/uploads\/2022\/10\/Recurso-1@4x.png","contentUrl":"https:\/\/seaberyat.com\/wp-content\/uploads\/2022\/10\/Recurso-1@4x.png","width":2182,"height":644,"caption":"Seaberyat"},"image":{"@id":"https:\/\/seaberyat.com\/pt-pt\/#\/schema\/logo\/image\/"},"sameAs":["https:\/\/www.facebook.com\/SeaberyAugmentedTechnology\/","https:\/\/x.com\/Seabery"]}]}},"_links":{"self":[{"href":"https:\/\/seaberyat.com\/pt-pt\/wp-json\/wp\/v2\/pages\/10360","targetHints":{"allow":["GET"]}}],"collection":[{"href":"https:\/\/seaberyat.com\/pt-pt\/wp-json\/wp\/v2\/pages"}],"about":[{"href":"https:\/\/seaberyat.com\/pt-pt\/wp-json\/wp\/v2\/types\/page"}],"author":[{"embeddable":true,"href":"https:\/\/seaberyat.com\/pt-pt\/wp-json\/wp\/v2\/users\/3"}],"replies":[{"embeddable":true,"href":"https:\/\/seaberyat.com\/pt-pt\/wp-json\/wp\/v2\/comments?post=10360"}],"version-history":[{"count":7,"href":"https:\/\/seaberyat.com\/pt-pt\/wp-json\/wp\/v2\/pages\/10360\/revisions"}],"predecessor-version":[{"id":19102,"href":"https:\/\/seaberyat.com\/pt-pt\/wp-json\/wp\/v2\/pages\/10360\/revisions\/19102"}],"wp:attachment":[{"href":"https:\/\/seaberyat.com\/pt-pt\/wp-json\/wp\/v2\/media?parent=10360"}],"curies":[{"name":"wp","href":"https:\/\/api.w.org\/{rel}","templated":true}]}}