{"id":10976,"date":"2022-06-13T12:47:18","date_gmt":"2022-06-13T10:47:18","guid":{"rendered":"https:\/\/seaberyat.com\/prime-soldamatic\/"},"modified":"2025-03-06T12:15:02","modified_gmt":"2025-03-06T11:15:02","slug":"prime-soldamatic","status":"publish","type":"page","link":"https:\/\/seaberyat.com\/fr\/prime-soldamatic\/","title":{"rendered":"PRIME"},"content":{"rendered":"<div class=\"wpb-content-wrapper\"><p>[vc_row full_width=&#8221;stretch_row_content&#8221; full_height=&#8221;yes&#8221; content_placement=&#8221;middle&#8221; bg_type=&#8221;video&#8221; video_url=&#8221;https:\/\/seaberyat.com\/wp-content\/uploads\/2022\/07\/SOLDAMATIC-PRIME_CABECERA.mp4&#8243; video_opts=&#8221;loop,muted&#8221; video_poster=&#8221;id^9349|url^https:\/\/seaberyat.com\/wp-content\/uploads\/2022\/10\/prime-responsive.jpg|caption^null|alt^null|title^prime-responsive|description^null&#8221; enable_overlay=&#8221;enable_overlay_value&#8221; overlay_color=&#8221;#3f5771&#8243; overlay_pattern=&#8221;transperant&#8221; overlay_pattern_opacity=&#8221;60&#8243; el_class=&#8221;video-home-wrap&#8221; css=&#8221;.vc_custom_1666612438002{padding-top: 15vh !important;}&#8221;][vc_column][vc_column_text]<\/p>\n<h1 style=\"text-align: center;\"><span style=\"color: #ffffff;\">Menez votre soudage au niveau sup\u00e9rieur <\/span><span style=\"color: #ffffff;\">avec SOLDAMATIC PRIME<\/span><\/h1>\n<p>[\/vc_column_text][vc_icon type=&#8221;material&#8221; icon_material=&#8221;vc-material vc-material-play_arrow&#8221; color=&#8221;custom&#8221; background_style=&#8221;rounded&#8221; background_color=&#8221;custom&#8221; align=&#8221;center&#8221; css=&#8221;&#8221; custom_color=&#8221;#FF6B00&#8243; custom_background_color=&#8221;rgba(255,255,255,0.01)&#8221; el_class=&#8221;btn-video&#8221; el_id=&#8221;btn-play-soldamatic-prime&#8221;][vc_column_text el_id=&#8221;cta-video-soldamatic-prime&#8221; el_class=&#8221;cta-descubrelo&#8221;]<\/p>\n<div id=\"cta-play\" class=\"cta-video\">D\u00e9couvrez-le !<\/div>\n<p>[\/vc_column_text][vc_row_inner content_placement=&#8221;middle&#8221; css=&#8221;.vc_custom_1741259596115{margin-top: 30vh !important;border-top-width: 2px !important;padding-top: 24px !important;padding-bottom: 24px !important;background-color: #002550 !important;border-top-style: solid !important;border-color: #FF6B00 !important;}&#8221; el_class=&#8221;at-augmented&#8221;][vc_column_inner width=&#8221;1\/5&#8243; offset=&#8221;vc_hidden-xs&#8221;][vc_single_image image=&#8221;10718&#8243; img_size=&#8221;full&#8221; alignment=&#8221;center&#8221; css_animation=&#8221;none&#8221; el_class=&#8221;linea-fondo&#8221; el_id=&#8221;linea-fondo&#8221;][\/vc_column_inner][vc_column_inner width=&#8221;1\/5&#8243;][vc_single_image image=&#8221;18777&#8243; img_size=&#8221;medium&#8221; alignment=&#8221;center&#8221; css=&#8221;&#8221;][\/vc_column_inner][vc_column_inner width=&#8221;2\/5&#8243;][vc_column_text]<\/p>\n<h2><span style=\"color: #ffffff;\">Soldamatic PRIME<\/span><\/h2>\n<p><span style=\"color: #ffffff;\">Soldamatic Prime est un abonnement qui comprend un ensemble de services et d\u2019avantages qui sont inclus dans les licences Advanced et peuvent \u00eatre ajout\u00e9s en suppl\u00e9ment \u00e0 toutes les licences Lifetime. Il s\u2019agit du moyen id\u00e9al pour faire progresser votre soudage et tenir vos syst\u00e8mes toujours \u00e0 la pointe des derni\u00e8res fonctionnalit\u00e9s.<\/span>[\/vc_column_text][\/vc_column_inner][vc_column_inner width=&#8221;1\/5&#8243; offset=&#8221;vc_hidden-xs&#8221;][\/vc_column_inner][\/vc_row_inner][\/vc_column][\/vc_row][vc_row el_class=&#8221;video-modal&#8221; css=&#8221;.vc_custom_1657099378374{margin-top: 0px !important;margin-right: 0px !important;margin-bottom: 0px !important;margin-left: 0px !important;padding-top: 0px !important;padding-right: 0px !important;padding-bottom: 0px !important;padding-left: 0px !important;}&#8221; el_id=&#8221;video-modal-soldamatic-prime&#8221;][vc_column css=&#8221;.vc_custom_1655291607691{padding-top: 0px !important;padding-right: 0px !important;padding-bottom: 0px !important;padding-left: 0px !important;}&#8221;][\/vc_column][\/vc_row][vc_row][vc_column][vc_raw_js]JTNDc2NyaXB0JTNFJTBBJTBBdmFyJTIwdmlkZW8lM0QlMjBkb2N1bWVudC5nZXRFbGVtZW50QnlJZCUyOCUyMnZpZGVvLW1vZGFsLXNvbGRhbWF0aWMtcHJpbWUlMjIlMjklM0IlMEElMEFkb2N1bWVudC5nZXRFbGVtZW50QnlJZCUyOCUyMmJ0bi1wbGF5LXNvbGRhbWF0aWMtcHJpbWUlMjIlMjkuYWRkRXZlbnRMaXN0ZW5lciUyOCUyMmNsaWNrJTIyJTJDJTIwc2hvd1ZpZGVvJTI5JTNCJTBBZG9jdW1lbnQuZ2V0RWxlbWVudEJ5SWQlMjglMjJjdGEtdmlkZW8tc29sZGFtYXRpYy1wcmltZSUyMiUyOS5hZGRFdmVudExpc3RlbmVyJTI4JTIyY2xpY2slMjIlMkMlMjBzaG93VmlkZW8lMjklM0IlMEElMEFmdW5jdGlvbiUyMHNob3dWaWRlbyUyOCUyOSU3QiUwQSUwQXZpZGVvLmlubmVySFRNTCUyMCUzRCUyMCUyMCUyNyUzQ2RpdiUyMGNsYXNzJTNEJTIydmlkZW8taWZyYW1lJTIyJTNFJTNDc3BhbiUyMGNsYXNzJTNEJTIyY2xvc2UlMjIlMjBvbmNsaWNrJTNEJTIyY2xvc2VWaWRlbyUyOCUyOSUyMiUzRVglM0MlMkZzcGFuJTNFJTNDdmlkZW8lMjB3aWR0aCUzRCUyMjEyMDAlMjIlMjBhdXRvcGxheSUyMGNvbnRyb2xzJTNFJTNDc291cmNlJTIwc3JjJTNEJTIyaHR0cHMlM0ElMkYlMkZzZWFiZXJ5LmJlb253dy50ZWNoJTJGd3AtY29udGVudCUyRnVwbG9hZHMlMkYyMDIyJTJGMDclMkZTT0xEQU1BVElDLVBSSU1FX0NBQkVDRVJBLm1wNCUyMiUyMHR5cGUlM0QlMjJ2aWRlbyUyRm1wNCUyMiUzRSUzQyUyRnZpZGVvJTNFJTNDJTJGZGl2JTNFJTI3JTNCJTBBJTdEJTBBJTBBJTBBJTNDJTJGc2NyaXB0JTNF[\/vc_raw_js][\/vc_column][\/vc_row][vc_row full_width=&#8221;stretch_row_content&#8221; gap=&#8221;30&#8243; css=&#8221;.vc_custom_1656344732972{margin-top: 48px !important;margin-bottom: 48px !important;}&#8221;][vc_column width=&#8221;2\/12&#8243; offset=&#8221;vc_hidden-xs&#8221;][\/vc_column][vc_column width=&#8221;4\/12&#8243;][vc_column_text css=&#8221;.vc_custom_1741259609001{margin-top: 24px !important;}&#8221;]<\/p>\n<h3><span style=\"color: #002550;\">Advantages<\/span><\/h3>\n<p><span style=\"color: #002550;\">Que vous utilisiez d\u00e9j\u00e0 Soldamatic ou que vous songiez \u00e0 l\u2019int\u00e9grer \u00e0 votre formation, Soldamatic Prime vous donne acc\u00e8s aux diff\u00e9rents avantages, tels que le passage \u00e0 une licence Advanced.<\/span><\/p>\n<p><span style=\"color: #002550;\">La licence Advanced permet d\u2019assurer la formation de diff\u00e9rents segments. Pr\u00e9parez-vous \u00e0 satisfaire aux exigences de l\u2019industrie avec des multijoints de soudure avanc\u00e9s con\u00e7us sp\u00e9cialement pour diff\u00e9rents secteurs industriels, comme l\u2019automobile, le secteur ferroviaire et des machines lourdes, les chantiers navals ou les hydrocarbures.<\/span>[\/vc_column_text][\/vc_column][vc_column width=&#8221;4\/12&#8243;][vc_single_image image=&#8221;11139&#8243; img_size=&#8221;full&#8221; alignment=&#8221;center&#8221;][\/vc_column][vc_column width=&#8221;2\/12&#8243; offset=&#8221;vc_hidden-xs&#8221;][\/vc_column][\/vc_row][vc_row full_width=&#8221;stretch_row_content&#8221; gap=&#8221;30&#8243; content_placement=&#8221;top&#8221; css=&#8221;.vc_custom_1656345241090{border-bottom-width: 5px !important;padding-right: 5vw !important;padding-left: 5vw !important;background-color: #f2f2f2 !important;border-bottom-color: #ee8c55 !important;border-bottom-style: solid !important;}&#8221;][vc_column width=&#8221;6\/12&#8243;][vc_single_image image=&#8221;10953&#8243; img_size=&#8221;full&#8221; alignment=&#8221;right&#8221;][vc_single_image image=&#8221;18804&#8243; img_size=&#8221;medium&#8221; alignment=&#8221;center&#8221; css=&#8221;&#8221;][\/vc_column][vc_column width=&#8221;5\/12&#8243;][vc_column_text css=&#8221;.vc_custom_1741259620132{margin-top: 96px !important;}&#8221;]<\/p>\n<h3><span style=\"color: #002550;\">Fonctionnalit\u00e9s de<br \/>\nsoudage avanc\u00e9es <\/span><\/h3>\n<p><span style=\"color: #002550;\">Les soudeurs avanc\u00e9s peuvent s\u2019entra\u00eener avec des fonctionnalit\u00e9s de soudage avanc\u00e9es sp\u00e9cifiques, comme la lampe \u00e0 arc, la racine ouverte, le soudage en coin, la position 6GR et diff\u00e9rents programmes dans des tubes.<\/span><\/p>\n<p><span style=\"color: #002550;\">De plus, avec la licence Advanced, vous pouvez choisir diff\u00e9rentes \u00e9paisseurs, plusieurs cordons de soudure et divers processus dans un m\u00eame joint de soudure.<\/span>[\/vc_column_text][\/vc_column][vc_column width=&#8221;1\/12&#8243;][vc_single_image image=&#8221;10925&#8243; img_size=&#8221;full&#8221; alignment=&#8221;center&#8221; el_class=&#8221;detail-back-soldadura&#8221;][\/vc_column][\/vc_row][vc_row content_placement=&#8221;middle&#8221; css=&#8221;.vc_custom_1662462362577{margin-top: 96px !important;margin-bottom: 48px !important;}&#8221;][vc_column width=&#8221;1\/12&#8243; offset=&#8221;vc_hidden-sm vc_hidden-xs&#8221;][vc_single_image image=&#8221;10984&#8243; img_size=&#8221;full&#8221; alignment=&#8221;center&#8221;][\/vc_column][vc_column width=&#8221;5\/12&#8243;][vc_column_text css=&#8221;&#8221;]<\/p>\n<h3><span style=\"color: #ff6b00;\">\u00c9l\u00e9ments inclus<\/span><\/h3>\n<p><span style=\"color: #002550;\">Avec Soldamatic Prime, vous recevez un multijoint de soudage avanc\u00e9, des mises \u00e0 jour de nouvelles versions du logiciel et des remises sur tous les \u00e9l\u00e9ments mat\u00e9riels \u00e0 venir gr\u00e2ce au \u201cRenewal Plan\u201d. De plus, vous pourrez acc\u00e9der aux programmes internationaux d\u2019enseignement pour soudeurs et au service de digitalisation de contenu de formation assur\u00e9 par un expert Soldamatic, sans oublier l\u2019option de connectivit\u00e9 cloud.<\/span>[\/vc_column_text][\/vc_column][vc_column width=&#8221;5\/12&#8243; css=&#8221;.vc_custom_1696235105688{background-image: url(https:\/\/seaberyat.com\/wp-content\/uploads\/2023\/09\/Soldamatic-Prime-5.0.png?id=14467) !important;background-position: center !important;background-repeat: no-repeat !important;background-size: cover !important;}&#8221; el_class=&#8221;back-rounded&#8221;][vc_column_text]<\/p>\n<p>&nbsp;<\/p>\n<p>&nbsp;<\/p>\n<p>&nbsp;<\/p>\n<p>&nbsp;<\/p>\n<p>&nbsp;<\/p>\n<p>&nbsp;<\/p>\n<p>[\/vc_column_text][\/vc_column][\/vc_row][vc_row css=&#8221;.vc_custom_1656401038842{margin-bottom: 96px !important;}&#8221;][vc_column][vc_column_text css=&#8221;.vc_custom_1741259659169{border-top-width: 1px !important;border-right-width: 1px !important;border-bottom-width: 1px !important;border-left-width: 1px !important;padding-top: 9px !important;padding-right: 48px !important;padding-bottom: 9px !important;padding-left: 48px !important;border-left-style: solid !important;border-right-style: solid !important;border-top-style: solid !important;border-bottom-style: solid !important;border-radius: 10px !important;border-color: #ee8c55 !important;}&#8221;]<\/p>\n<p style=\"text-align: center;\"><span style=\"color: #002550;\"><strong>Si vous utilisez d\u00e9j\u00e0 Soldamatic, vous pouvez installer la toute derni\u00e8re version du logiciel.<\/strong><\/span><\/p>\n<p>[\/vc_column_text][vc_column_text css=&#8221;&#8221;]<\/p>\n<h2 style=\"text-align: center;\"><span style=\"color: #ff6b00;\">Contactez votre distributeur et Menez<\/span><br \/>\n<span style=\"color: #ff6b00;\">votre soudage au niveau sup\u00e9rieur<\/span><\/h2>\n<p>[\/vc_column_text][\/vc_column][\/vc_row]<\/p>\n<\/div>","protected":false},"excerpt":{"rendered":"<p>[vc_row full_width=&#8221;stretch_row_content&#8221; full_height=&#8221;yes&#8221; content_placement=&#8221;middle&#8221; bg_type=&#8221;video&#8221; video_url=&#8221;https:\/\/seaberyat.com\/wp-content\/uploads\/2022\/07\/SOLDAMATIC-PRIME_CABECERA.mp4&#8243; video_opts=&#8221;loop,muted&#8221; video_poster=&#8221;id^9349|url^https:\/\/seaberyat.com\/wp-content\/uploads\/2022\/10\/prime-responsive.jpg|caption^null|alt^null|title^prime-responsive|description^null&#8221; enable_overlay=&#8221;enable_overlay_value&#8221; overlay_color=&#8221;#3f5771&#8243; overlay_pattern=&#8221;transperant&#8221; overlay_pattern_opacity=&#8221;60&#8243; el_class=&#8221;video-home-wrap&#8221; css=&#8221;.vc_custom_1666612438002{padding-top: 15vh !important;}&#8221;][vc_column][vc_column_text] Menez votre soudage au niveau sup\u00e9rieur avec SOLDAMATIC PRIME [\/vc_column_text][vc_icon type=&#8221;material&#8221; icon_material=&#8221;vc-material vc-material-play_arrow&#8221; color=&#8221;custom&#8221; background_style=&#8221;rounded&#8221; background_color=&#8221;custom&#8221; align=&#8221;center&#8221; css=&#8221;&#8221; custom_color=&#8221;#FF6B00&#8243; custom_background_color=&#8221;rgba(255,255,255,0.01)&#8221; el_class=&#8221;btn-video&#8221; el_id=&#8221;btn-play-soldamatic-prime&#8221;][vc_column_text el_id=&#8221;cta-video-soldamatic-prime&#8221; el_class=&#8221;cta-descubrelo&#8221;] D\u00e9couvrez-le ! [\/vc_column_text][vc_row_inner content_placement=&#8221;middle&#8221; css=&#8221;.vc_custom_1741259596115{margin-top: 30vh !important;border-top-width: 2px !important;padding-top: 24px !important;padding-bottom: 24px !important;background-color: #002550 !important;border-top-style:&hellip;<\/p>\n","protected":false},"author":3,"featured_media":0,"parent":0,"menu_order":0,"comment_status":"closed","ping_status":"closed","template":"","meta":{"_acf_changed":false,"footnotes":""},"class_list":["post-10976","page","type-page","status-publish","hentry","description-off"],"acf":[],"yoast_head":"<!-- This site is optimized with the Yoast SEO plugin v26.4 - https:\/\/yoast.com\/wordpress\/plugins\/seo\/ -->\n<title>Prime -Soldamatic, Abonnement \u00e0 des services exclusifs | Seabery<\/title>\n<meta name=\"description\" content=\"Soldamatic Prime est un abonnement qui inclut un ensemble de services et avantages inclus dans les licences avanc\u00e9es.\" \/>\n<meta name=\"robots\" content=\"index, follow, max-snippet:-1, max-image-preview:large, max-video-preview:-1\" \/>\n<link rel=\"canonical\" href=\"https:\/\/seaberyat.com\/fr\/prime-soldamatic\/\" \/>\n<meta property=\"og:locale\" content=\"fr_FR\" \/>\n<meta property=\"og:type\" content=\"article\" \/>\n<meta property=\"og:title\" content=\"Prime -Soldamatic, Abonnement \u00e0 des services exclusifs | Seabery\" \/>\n<meta property=\"og:description\" content=\"Soldamatic Prime est un abonnement qui inclut un ensemble de services et avantages inclus dans les licences avanc\u00e9es.\" \/>\n<meta property=\"og:url\" content=\"https:\/\/seaberyat.com\/fr\/prime-soldamatic\/\" \/>\n<meta property=\"og:site_name\" content=\"Seabery\" \/>\n<meta property=\"article:publisher\" content=\"https:\/\/www.facebook.com\/SeaberyAugmentedTechnology\/\" \/>\n<meta property=\"article:modified_time\" content=\"2025-03-06T11:15:02+00:00\" \/>\n<meta name=\"twitter:card\" content=\"summary_large_image\" \/>\n<meta name=\"twitter:site\" content=\"@Seabery\" \/>\n<meta name=\"twitter:label1\" content=\"Dur\u00e9e de lecture estim\u00e9e\" \/>\n\t<meta name=\"twitter:data1\" content=\"3 minutes\" \/>\n<script type=\"application\/ld+json\" class=\"yoast-schema-graph\">{\"@context\":\"https:\/\/schema.org\",\"@graph\":[{\"@type\":\"WebPage\",\"@id\":\"https:\/\/seaberyat.com\/fr\/prime-soldamatic\/\",\"url\":\"https:\/\/seaberyat.com\/fr\/prime-soldamatic\/\",\"name\":\"Prime -Soldamatic, Abonnement \u00e0 des services exclusifs | Seabery\",\"isPartOf\":{\"@id\":\"https:\/\/seaberyat.com\/fr\/#website\"},\"datePublished\":\"2022-06-13T10:47:18+00:00\",\"dateModified\":\"2025-03-06T11:15:02+00:00\",\"description\":\"Soldamatic Prime est un abonnement qui inclut un ensemble de services et avantages inclus dans les licences avanc\u00e9es.\",\"breadcrumb\":{\"@id\":\"https:\/\/seaberyat.com\/fr\/prime-soldamatic\/#breadcrumb\"},\"inLanguage\":\"fr-FR\",\"potentialAction\":[{\"@type\":\"ReadAction\",\"target\":[\"https:\/\/seaberyat.com\/fr\/prime-soldamatic\/\"]}]},{\"@type\":\"BreadcrumbList\",\"@id\":\"https:\/\/seaberyat.com\/fr\/prime-soldamatic\/#breadcrumb\",\"itemListElement\":[{\"@type\":\"ListItem\",\"position\":1,\"name\":\"Home\",\"item\":\"https:\/\/seaberyat.com\/fr\/\"},{\"@type\":\"ListItem\",\"position\":2,\"name\":\"PRIME\"}]},{\"@type\":\"WebSite\",\"@id\":\"https:\/\/seaberyat.com\/fr\/#website\",\"url\":\"https:\/\/seaberyat.com\/fr\/\",\"name\":\"Seabery\",\"description\":\"Seabery\",\"publisher\":{\"@id\":\"https:\/\/seaberyat.com\/fr\/#organization\"},\"potentialAction\":[{\"@type\":\"SearchAction\",\"target\":{\"@type\":\"EntryPoint\",\"urlTemplate\":\"https:\/\/seaberyat.com\/fr\/?s={search_term_string}\"},\"query-input\":{\"@type\":\"PropertyValueSpecification\",\"valueRequired\":true,\"valueName\":\"search_term_string\"}}],\"inLanguage\":\"fr-FR\"},{\"@type\":\"Organization\",\"@id\":\"https:\/\/seaberyat.com\/fr\/#organization\",\"name\":\"Seaberyat\",\"url\":\"https:\/\/seaberyat.com\/fr\/\",\"logo\":{\"@type\":\"ImageObject\",\"inLanguage\":\"fr-FR\",\"@id\":\"https:\/\/seaberyat.com\/fr\/#\/schema\/logo\/image\/\",\"url\":\"https:\/\/seaberyat.com\/wp-content\/uploads\/2022\/10\/Recurso-1@4x.png\",\"contentUrl\":\"https:\/\/seaberyat.com\/wp-content\/uploads\/2022\/10\/Recurso-1@4x.png\",\"width\":2182,\"height\":644,\"caption\":\"Seaberyat\"},\"image\":{\"@id\":\"https:\/\/seaberyat.com\/fr\/#\/schema\/logo\/image\/\"},\"sameAs\":[\"https:\/\/www.facebook.com\/SeaberyAugmentedTechnology\/\",\"https:\/\/x.com\/Seabery\"]}]}<\/script>\n<!-- \/ Yoast SEO plugin. -->","yoast_head_json":{"title":"Prime -Soldamatic, Abonnement \u00e0 des services exclusifs | Seabery","description":"Soldamatic Prime est un abonnement qui inclut un ensemble de services et avantages inclus dans les licences avanc\u00e9es.","robots":{"index":"index","follow":"follow","max-snippet":"max-snippet:-1","max-image-preview":"max-image-preview:large","max-video-preview":"max-video-preview:-1"},"canonical":"https:\/\/seaberyat.com\/fr\/prime-soldamatic\/","og_locale":"fr_FR","og_type":"article","og_title":"Prime -Soldamatic, Abonnement \u00e0 des services exclusifs | Seabery","og_description":"Soldamatic Prime est un abonnement qui inclut un ensemble de services et avantages inclus dans les licences avanc\u00e9es.","og_url":"https:\/\/seaberyat.com\/fr\/prime-soldamatic\/","og_site_name":"Seabery","article_publisher":"https:\/\/www.facebook.com\/SeaberyAugmentedTechnology\/","article_modified_time":"2025-03-06T11:15:02+00:00","twitter_card":"summary_large_image","twitter_site":"@Seabery","twitter_misc":{"Dur\u00e9e de lecture estim\u00e9e":"3 minutes"},"schema":{"@context":"https:\/\/schema.org","@graph":[{"@type":"WebPage","@id":"https:\/\/seaberyat.com\/fr\/prime-soldamatic\/","url":"https:\/\/seaberyat.com\/fr\/prime-soldamatic\/","name":"Prime -Soldamatic, Abonnement \u00e0 des services exclusifs | Seabery","isPartOf":{"@id":"https:\/\/seaberyat.com\/fr\/#website"},"datePublished":"2022-06-13T10:47:18+00:00","dateModified":"2025-03-06T11:15:02+00:00","description":"Soldamatic Prime est un abonnement qui inclut un ensemble de services et avantages inclus dans les licences avanc\u00e9es.","breadcrumb":{"@id":"https:\/\/seaberyat.com\/fr\/prime-soldamatic\/#breadcrumb"},"inLanguage":"fr-FR","potentialAction":[{"@type":"ReadAction","target":["https:\/\/seaberyat.com\/fr\/prime-soldamatic\/"]}]},{"@type":"BreadcrumbList","@id":"https:\/\/seaberyat.com\/fr\/prime-soldamatic\/#breadcrumb","itemListElement":[{"@type":"ListItem","position":1,"name":"Home","item":"https:\/\/seaberyat.com\/fr\/"},{"@type":"ListItem","position":2,"name":"PRIME"}]},{"@type":"WebSite","@id":"https:\/\/seaberyat.com\/fr\/#website","url":"https:\/\/seaberyat.com\/fr\/","name":"Seabery","description":"Seabery","publisher":{"@id":"https:\/\/seaberyat.com\/fr\/#organization"},"potentialAction":[{"@type":"SearchAction","target":{"@type":"EntryPoint","urlTemplate":"https:\/\/seaberyat.com\/fr\/?s={search_term_string}"},"query-input":{"@type":"PropertyValueSpecification","valueRequired":true,"valueName":"search_term_string"}}],"inLanguage":"fr-FR"},{"@type":"Organization","@id":"https:\/\/seaberyat.com\/fr\/#organization","name":"Seaberyat","url":"https:\/\/seaberyat.com\/fr\/","logo":{"@type":"ImageObject","inLanguage":"fr-FR","@id":"https:\/\/seaberyat.com\/fr\/#\/schema\/logo\/image\/","url":"https:\/\/seaberyat.com\/wp-content\/uploads\/2022\/10\/Recurso-1@4x.png","contentUrl":"https:\/\/seaberyat.com\/wp-content\/uploads\/2022\/10\/Recurso-1@4x.png","width":2182,"height":644,"caption":"Seaberyat"},"image":{"@id":"https:\/\/seaberyat.com\/fr\/#\/schema\/logo\/image\/"},"sameAs":["https:\/\/www.facebook.com\/SeaberyAugmentedTechnology\/","https:\/\/x.com\/Seabery"]}]}},"_links":{"self":[{"href":"https:\/\/seaberyat.com\/fr\/wp-json\/wp\/v2\/pages\/10976","targetHints":{"allow":["GET"]}}],"collection":[{"href":"https:\/\/seaberyat.com\/fr\/wp-json\/wp\/v2\/pages"}],"about":[{"href":"https:\/\/seaberyat.com\/fr\/wp-json\/wp\/v2\/types\/page"}],"author":[{"embeddable":true,"href":"https:\/\/seaberyat.com\/fr\/wp-json\/wp\/v2\/users\/3"}],"replies":[{"embeddable":true,"href":"https:\/\/seaberyat.com\/fr\/wp-json\/wp\/v2\/comments?post=10976"}],"version-history":[{"count":6,"href":"https:\/\/seaberyat.com\/fr\/wp-json\/wp\/v2\/pages\/10976\/revisions"}],"predecessor-version":[{"id":19183,"href":"https:\/\/seaberyat.com\/fr\/wp-json\/wp\/v2\/pages\/10976\/revisions\/19183"}],"wp:attachment":[{"href":"https:\/\/seaberyat.com\/fr\/wp-json\/wp\/v2\/media?parent=10976"}],"curies":[{"name":"wp","href":"https:\/\/api.w.org\/{rel}","templated":true}]}}