{"id":10828,"date":"2022-06-13T15:57:14","date_gmt":"2022-06-13T13:57:14","guid":{"rendered":"https:\/\/seaberyat.com\/blog\/"},"modified":"2025-03-06T00:37:31","modified_gmt":"2025-03-05T23:37:31","slug":"blog","status":"publish","type":"page","link":"https:\/\/seaberyat.com\/fr\/blog\/","title":{"rendered":"BLOG"},"content":{"rendered":"<div class=\"wpb-content-wrapper\"><p>[vc_row full_width=&#8221;stretch_row&#8221; css=&#8221;.vc_custom_1741217832372{padding-top: 48px !important;padding-bottom: 48px !important;background-color: #002550 !important;}&#8221;][vc_column][vc_column_text]<\/p>\n<h1 style=\"text-align: center;\"><span style=\"color: #ffffff;\">Blog<\/span><\/h1>\n<p>[\/vc_column_text][\/vc_column][\/vc_row][vc_row][vc_column][vc_single_image image=&#8221;18741&#8243; img_size=&#8221;medium&#8221; alignment=&#8221;center&#8221; css=&#8221;&#8221; el_class=&#8221;icon-seabery&#8221;][\/vc_column][\/vc_row][vc_row full_width=&#8221;stretch_row_content&#8221; css=&#8221;.vc_custom_1657605843439{margin-top: 160px !important;margin-bottom: 96px !important;padding-right: 10vw !important;padding-left: 10vw !important;}&#8221;][vc_column]<style type=\"text\/css\" data-type=\"the7_shortcodes-inline-css\">.blog-shortcode.blog-masonry-shortcode-id-008072c6f28848e676ac99e355f2f31e.content-bg-on.classic-layout-list article {\n  background: #f2f2f2;\n  box-shadow: none;\n}\n.blog-shortcode.blog-masonry-shortcode-id-008072c6f28848e676ac99e355f2f31e.dividers-on.classic-layout-list article {\n  padding-top: 0;\n}\n.blog-shortcode.blog-masonry-shortcode-id-008072c6f28848e676ac99e355f2f31e.dividers-on.classic-layout-list article:first-of-type {\n  margin-top: 0;\n  padding-top: 0;\n}\n.blog-shortcode.blog-masonry-shortcode-id-008072c6f28848e676ac99e355f2f31e.classic-layout-list.mode-list .post-entry-content {\n  width: calc(100% - );\n}\n.blog-shortcode.blog-masonry-shortcode-id-008072c6f28848e676ac99e355f2f31e.classic-layout-list.mode-list .no-img .post-entry-content {\n  width: 100%;\n}\n.blog-shortcode.blog-masonry-shortcode-id-008072c6f28848e676ac99e355f2f31e .filter-bg-decoration .filter-categories a.act {\n  color: #fff;\n}\n.blog-shortcode.blog-masonry-shortcode-id-008072c6f28848e676ac99e355f2f31e:not(.mode-masonry) article:first-of-type,\n.blog-shortcode.blog-masonry-shortcode-id-008072c6f28848e676ac99e355f2f31e:not(.mode-masonry) article.visible.first:not(.product) {\n  margin-top: 0;\n}\n.blog-shortcode.blog-masonry-shortcode-id-008072c6f28848e676ac99e355f2f31e.dividers-on:not(.mode-masonry) article {\n  margin-top: 0;\n}\n.blog-shortcode.blog-masonry-shortcode-id-008072c6f28848e676ac99e355f2f31e.dividers-on:not(.mode-masonry) article:first-of-type,\n.blog-shortcode.blog-masonry-shortcode-id-008072c6f28848e676ac99e355f2f31e.dividers-on:not(.mode-masonry) article.visible.first:not(.product) {\n  margin-top: 0;\n  padding-top: 0;\n}\n.blog-shortcode.blog-masonry-shortcode-id-008072c6f28848e676ac99e355f2f31e .post-thumbnail-wrap {\n  padding: 0px 0px 0px 0px;\n}\n.blog-shortcode.blog-masonry-shortcode-id-008072c6f28848e676ac99e355f2f31e.enable-bg-rollover .post-thumbnail-rollover:after {\n  background: -webkit-linear-gradient();\n  background: linear-gradient();\n}\n.blog-shortcode.blog-masonry-shortcode-id-008072c6f28848e676ac99e355f2f31e .gallery-zoom-ico {\n  width: 44px;\n  height: 44px;\n  line-height: 44px;\n  border-radius: 100px;\n  margin: -22px 0 0 -22px;\n  border-width: 0px;\n  color: #ffffff;\n}\n.bottom-overlap-layout-list.blog-shortcode.blog-masonry-shortcode-id-008072c6f28848e676ac99e355f2f31e .gallery-zoom-ico {\n  margin-top: -72px;\n}\n.gradient-overlay-layout-list.blog-shortcode.blog-masonry-shortcode-id-008072c6f28848e676ac99e355f2f31e .gallery-zoom-ico,\n.content-rollover-layout-list.blog-shortcode.blog-masonry-shortcode-id-008072c6f28848e676ac99e355f2f31e .gallery-zoom-ico {\n  margin: 0 0 10px;\n}\n.content-align-center.gradient-overlay-layout-list.blog-shortcode.blog-masonry-shortcode-id-008072c6f28848e676ac99e355f2f31e .gallery-zoom-ico,\n.content-align-center.content-rollover-layout-list.blog-shortcode.blog-masonry-shortcode-id-008072c6f28848e676ac99e355f2f31e .gallery-zoom-ico {\n  margin: 0 auto 10px;\n}\n.dt-icon-bg-on.blog-shortcode.blog-masonry-shortcode-id-008072c6f28848e676ac99e355f2f31e .gallery-zoom-ico {\n  background: rgba(255,255,255,0.3);\n  box-shadow: none;\n}\n.blog-shortcode.blog-masonry-shortcode-id-008072c6f28848e676ac99e355f2f31e .gallery-zoom-ico > span,\n.blog-shortcode.blog-masonry-shortcode-id-008072c6f28848e676ac99e355f2f31e .gallery-zoom-ico:before {\n  font-size: 32px;\n  line-height: 44px;\n}\n.blog-shortcode.blog-masonry-shortcode-id-008072c6f28848e676ac99e355f2f31e .gallery-zoom-ico > span,\n.blog-shortcode.blog-masonry-shortcode-id-008072c6f28848e676ac99e355f2f31e .gallery-zoom-ico:before {\n  color: #ffffff;\n}\n.blog-shortcode.blog-masonry-shortcode-id-008072c6f28848e676ac99e355f2f31e .entry-title,\n.blog-shortcode.blog-masonry-shortcode-id-008072c6f28848e676ac99e355f2f31e.owl-carousel .entry-title {\n  margin-bottom: 5px;\n  font-weight: bold;\n}\n.blog-shortcode.blog-masonry-shortcode-id-008072c6f28848e676ac99e355f2f31e .entry-title a,\n.blog-shortcode.blog-masonry-shortcode-id-008072c6f28848e676ac99e355f2f31e.owl-carousel .entry-title a {\n  color: #3f5771;\n}\n.blog-shortcode.blog-masonry-shortcode-id-008072c6f28848e676ac99e355f2f31e .entry-meta {\n  margin-bottom: 15px;\n}\n.blog-shortcode.blog-masonry-shortcode-id-008072c6f28848e676ac99e355f2f31e .entry-meta * {\n  color: #3f5771;\n}\n.blog-shortcode.blog-masonry-shortcode-id-008072c6f28848e676ac99e355f2f31e .portfolio-categories {\n  margin-bottom: 15px;\n}\n.blog-shortcode.blog-masonry-shortcode-id-008072c6f28848e676ac99e355f2f31e .entry-meta > a:after,\n.blog-shortcode.blog-masonry-shortcode-id-008072c6f28848e676ac99e355f2f31e .entry-meta > span:after {\n  background: #3f5771;\n  box-shadow: none;\n}\n.blog-shortcode.blog-masonry-shortcode-id-008072c6f28848e676ac99e355f2f31e .entry-excerpt {\n  margin-bottom: 5px;\n}\n.blog-shortcode.blog-masonry-shortcode-id-008072c6f28848e676ac99e355f2f31e .entry-excerpt * {\n  color: #3f5771;\n}\n.blog-shortcode.blog-masonry-shortcode-id-008072c6f28848e676ac99e355f2f31e:not(.centered-layout-list) .post-entry-content {\n  padding: 32px 32px 32px 32px;\n}\n.blog-shortcode.blog-masonry-shortcode-id-008072c6f28848e676ac99e355f2f31e:not(.centered-layout-list):not(.content-bg-on):not(.mode-list) .no-img .post-entry-content {\n  padding: 0;\n}\n.blog-shortcode.blog-masonry-shortcode-id-008072c6f28848e676ac99e355f2f31e.content-bg-on:not(.classic-layout-list):not(.centered-layout-list) .post-entry-content {\n  background: #f2f2f2;\n  box-shadow: none;\n}\n.blog-shortcode.blog-masonry-shortcode-id-008072c6f28848e676ac99e355f2f31e .post-details.details-type-link,\n.blog-shortcode.blog-masonry-shortcode-id-008072c6f28848e676ac99e355f2f31e .post-details.details-type-link * {\n  color: #3f5771;\n}\n@media screen and (max-width: ) {\n  .blog-shortcode.blog-masonry-shortcode-id-008072c6f28848e676ac99e355f2f31e article {\n    -ms-flex-flow: column nowrap;\n    flex-flow: column nowrap;\n    margin-top: 20px;\n  }\n  .blog-shortcode.blog-masonry-shortcode-id-008072c6f28848e676ac99e355f2f31e.dividers-on article {\n    border: none;\n  }\n  .blog-shortcode.blog-masonry-shortcode-id-008072c6f28848e676ac99e355f2f31e.content-bg-on.centered-layout-list article {\n    padding: 0;\n  }\n  .blog-shortcode.blog-masonry-shortcode-id-008072c6f28848e676ac99e355f2f31e.blog-shortcode.dividers-on article,\n  .blog-shortcode.blog-masonry-shortcode-id-008072c6f28848e676ac99e355f2f31e.dividers-on.classic-layout-list article {\n    margin-top: 20px;\n    padding: 0;\n  }\n  .blog-shortcode.blog-masonry-shortcode-id-008072c6f28848e676ac99e355f2f31e.blog-shortcode.dividers-on article:first-of-type,\n  .blog-shortcode.blog-masonry-shortcode-id-008072c6f28848e676ac99e355f2f31e.dividers-on.classic-layout-list article:first-of-type {\n    padding: 0;\n  }\n  #page .blog-shortcode.blog-masonry-shortcode-id-008072c6f28848e676ac99e355f2f31e .post-thumbnail-wrap,\n  #page .blog-shortcode.blog-masonry-shortcode-id-008072c6f28848e676ac99e355f2f31e .post-entry-content {\n    width: 100%;\n    margin: 0;\n    top: 0;\n  }\n  #page .blog-shortcode.blog-masonry-shortcode-id-008072c6f28848e676ac99e355f2f31e .post-thumbnail-wrap {\n    padding: 0;\n  }\n  #page .blog-shortcode.blog-masonry-shortcode-id-008072c6f28848e676ac99e355f2f31e .post-entry-content:after {\n    display: none;\n  }\n  #page .blog-shortcode.blog-masonry-shortcode-id-008072c6f28848e676ac99e355f2f31e .project-even .post-thumbnail-wrap,\n  #page .blog-shortcode.blog-masonry-shortcode-id-008072c6f28848e676ac99e355f2f31e.centered-layout-list .post-thumbnail-wrap {\n    -ms-flex-order: 0;\n    order: 0;\n  }\n  #page .blog-shortcode.blog-masonry-shortcode-id-008072c6f28848e676ac99e355f2f31e.centered-layout-list .post-entry-title-content {\n    -ms-flex-order: 1;\n    order: 1;\n    width: 100%;\n    padding: 20px 20px 0;\n  }\n  #page .blog-shortcode.blog-masonry-shortcode-id-008072c6f28848e676ac99e355f2f31e.centered-layout-list .post-entry-content {\n    -ms-flex-order: 2;\n    order: 2;\n    padding-top: 0;\n  }\n  #page .blog-shortcode.blog-masonry-shortcode-id-008072c6f28848e676ac99e355f2f31e .fancy-categories {\n    top: 10px;\n    left: 10px;\n    bottom: auto;\n    right: auto;\n  }\n  #page .blog-shortcode.blog-masonry-shortcode-id-008072c6f28848e676ac99e355f2f31e .fancy-date a {\n    top: 10px;\n    right: 10px;\n    left: auto;\n    bottom: auto;\n  }\n  #page .blog-shortcode.blog-masonry-shortcode-id-008072c6f28848e676ac99e355f2f31e .post-entry-content {\n    padding: 20px;\n  }\n  #page .blog-shortcode.blog-masonry-shortcode-id-008072c6f28848e676ac99e355f2f31e .entry-title {\n    margin: 3px 0 5px;\n    font-size: 20px;\n    line-height: 26px;\n  }\n  #page .blog-shortcode.blog-masonry-shortcode-id-008072c6f28848e676ac99e355f2f31e .entry-meta {\n    margin: 5px 0 5px;\n  }\n  #page .blog-shortcode.blog-masonry-shortcode-id-008072c6f28848e676ac99e355f2f31e .entry-excerpt {\n    margin: 15px 0 0;\n  }\n  #page .blog-shortcode.blog-masonry-shortcode-id-008072c6f28848e676ac99e355f2f31e .post-details {\n    margin: 5px 0 10px;\n  }\n  #page .blog-shortcode.blog-masonry-shortcode-id-008072c6f28848e676ac99e355f2f31e .post-details.details-type-link {\n    margin-bottom: 2px;\n  }\n}<\/style><div class=\"blog-shortcode blog-masonry-shortcode-id-008072c6f28848e676ac99e355f2f31e mode-masonry classic-layout-list content-bg-on jquery-filter quick-scale-img meta-info-off dt-icon-bg-off resize-by-browser-width loading-effect-move-up description-under-image \" data-padding=\"15px\" data-cur-page=\"1\" data-post-limit=\"-1\" data-pagination-mode=\"none\" data-desktop-columns-num=\"3\" data-v-tablet-columns-num=\"2\" data-h-tablet-columns-num=\"3\" data-phone-columns-num=\"1\" data-width=\"0px\" data-columns=\"0\"><div class=\"iso-container\" ><div class=\"visible wf-cell iso-item\" data-post-id=\"20796\" data-date=\"2025-09-03T10:37:10+02:00\" data-name=\"Le jumeau num\u00e9rique du soudeur : num\u00e9risation de l&#039;exp\u00e9rience de production r\u00e9elle avec Seabery Welding PRO\"><article class=\"post project-odd visible post-20796 type-post status-publish format-standard has-post-thumbnail hentry category-welding-culture-fr category-304\" data-name=\"Le jumeau num\u00e9rique du soudeur : num\u00e9risation de l&#8217;exp\u00e9rience de production r\u00e9elle avec Seabery Welding PRO\" data-date=\"2025-09-03T10:37:10+02:00\">\n\n<div class=\"post-thumbnail-wrap\">\n\t<div class=\"post-thumbnail\">\n\t\t\n\t\t\n\t\t<a href=\"https:\/\/seaberyat.com\/fr\/welders-digital-twins\/\" class=\"post-thumbnail-rollover layzr-bg layzr-bg\" ><img fetchpriority=\"high\" decoding=\"async\" class=\"iso-lazy-load preload-me iso-lazy-load aspect\" src=\"data:image\/svg+xml,%3Csvg%20xmlns%3D&#39;http%3A%2F%2Fwww.w3.org%2F2000%2Fsvg&#39;%20viewBox%3D&#39;0%200%20768%20512&#39;%2F%3E\" data-src=\"https:\/\/seaberyat.com\/wp-content\/uploads\/2025\/09\/HEAVY-MACHINERY_SOLDAR.00_00_00_13.Imagen-fija003-768x512.jpg\" data-srcset=\"https:\/\/seaberyat.com\/wp-content\/uploads\/2025\/09\/HEAVY-MACHINERY_SOLDAR.00_00_00_13.Imagen-fija003-768x512.jpg 768w, https:\/\/seaberyat.com\/wp-content\/uploads\/2025\/09\/HEAVY-MACHINERY_SOLDAR.00_00_00_13.Imagen-fija003-1152x768.jpg 1152w\" loading=\"eager\" style=\"--ratio: 768 \/ 512\" sizes=\"(max-width: 768px) 100vw, 768px\" alt=\"AR Simulator - Real Welding\" title=\"HEAVY MACHINERY_SOLDAR.00_00_00_13.Imagen fija003\" width=\"768\" height=\"512\"  \/><\/a>\t<\/div>\n<\/div>\n\n\n<div class=\"post-entry-content\">\n\n\t<h3 class=\"entry-title\">\n\t\t<a href=\"https:\/\/seaberyat.com\/fr\/welders-digital-twins\/\" title=\"Le jumeau num\u00e9rique du soudeur : num\u00e9risation de l&#8217;exp\u00e9rience de production r\u00e9elle avec Seabery Welding PRO\" rel=\"bookmark\">Le jumeau num\u00e9rique du soudeur : num\u00e9risation de l&#8217;exp\u00e9rience de production r\u00e9elle avec Seabery Welding PRO<\/a>\n\t<\/h3>\n\n\t\n\t<div class=\"entry-excerpt\"><p>[vc_row][vc_column][vc_column_text css=&#8221;&#8221;]L&#8217;industrie 4.0 \u00e9volue vers un mod\u00e8le de production plus efficace, connect\u00e9 et personnalis\u00e9. Dans ce sc\u00e9nario, les technologies telles que les jumeaux num\u00e9riques transforment non seulement les machines ou les processus, mais aussi les personnes. La num\u00e9risation de l&#8217;op\u00e9rateur et des processus, en particulier dans des professions aussi techniques\u2026<\/p>\n<\/div>\n\t\n<a href=\"https:\/\/seaberyat.com\/fr\/welders-digital-twins\/\" class=\"post-details details-type-link\" aria-label=\"En savoir plus sur Le jumeau num\u00e9rique du soudeur : num\u00e9risation de l&#8217;exp\u00e9rience de production r\u00e9elle avec Seabery Welding PRO\">Lire la suite<i class=\"dt-icon-the7-arrow-03\" aria-hidden=\"true\"><\/i><\/a>\n\n<\/div><\/article><\/div><\/div><!-- iso-container|iso-grid --><\/div>[\/vc_column][\/vc_row]<\/p>\n<\/div>","protected":false},"excerpt":{"rendered":"<p>[vc_row full_width=&#8221;stretch_row&#8221; css=&#8221;.vc_custom_1741217832372{padding-top: 48px !important;padding-bottom: 48px !important;background-color: #002550 !important;}&#8221;][vc_column][vc_column_text] Blog [\/vc_column_text][\/vc_column][\/vc_row][vc_row][vc_column][vc_single_image image=&#8221;18741&#8243; img_size=&#8221;medium&#8221; alignment=&#8221;center&#8221; css=&#8221;&#8221; el_class=&#8221;icon-seabery&#8221;][\/vc_column][\/vc_row][vc_row full_width=&#8221;stretch_row_content&#8221; css=&#8221;.vc_custom_1657605843439{margin-top: 160px !important;margin-bottom: 96px !important;padding-right: 10vw !important;padding-left: 10vw !important;}&#8221;][vc_column][\/vc_column][\/vc_row]<\/p>\n","protected":false},"author":3,"featured_media":0,"parent":0,"menu_order":0,"comment_status":"closed","ping_status":"closed","template":"","meta":{"_acf_changed":false,"footnotes":""},"class_list":["post-10828","page","type-page","status-publish","hentry","description-off"],"acf":[],"yoast_head":"<!-- This site is optimized with the Yoast SEO plugin v26.4 - https:\/\/yoast.com\/wordpress\/plugins\/seo\/ -->\n<title>Blog, espace pour les affaires courantes, les articles et les nouvelles | Seabery<\/title>\n<meta name=\"description\" content=\"Sur notre blog, vous trouverez toutes les actualit\u00e9s li\u00e9es \u00e0 Seabery, des communiqu\u00e9s de presse \u00e0 nos articles sur la soudure avec Soldamatic.\" \/>\n<meta name=\"robots\" content=\"index, follow, max-snippet:-1, max-image-preview:large, max-video-preview:-1\" \/>\n<link rel=\"canonical\" href=\"https:\/\/seaberyat.com\/fr\/blog\/\" \/>\n<meta property=\"og:locale\" content=\"fr_FR\" \/>\n<meta property=\"og:type\" content=\"article\" \/>\n<meta property=\"og:title\" content=\"Blog, espace pour les affaires courantes, les articles et les nouvelles | Seabery\" \/>\n<meta property=\"og:description\" content=\"Sur notre blog, vous trouverez toutes les actualit\u00e9s li\u00e9es \u00e0 Seabery, des communiqu\u00e9s de presse \u00e0 nos articles sur la soudure avec Soldamatic.\" \/>\n<meta property=\"og:url\" content=\"https:\/\/seaberyat.com\/fr\/blog\/\" \/>\n<meta property=\"og:site_name\" content=\"Seabery\" \/>\n<meta property=\"article:publisher\" content=\"https:\/\/www.facebook.com\/SeaberyAugmentedTechnology\/\" \/>\n<meta property=\"article:modified_time\" content=\"2025-03-05T23:37:31+00:00\" \/>\n<meta name=\"twitter:card\" content=\"summary_large_image\" \/>\n<meta name=\"twitter:site\" content=\"@Seabery\" \/>\n<meta name=\"twitter:label1\" content=\"Dur\u00e9e de lecture estim\u00e9e\" \/>\n\t<meta name=\"twitter:data1\" content=\"1 minute\" \/>\n<script type=\"application\/ld+json\" class=\"yoast-schema-graph\">{\"@context\":\"https:\/\/schema.org\",\"@graph\":[{\"@type\":\"WebPage\",\"@id\":\"https:\/\/seaberyat.com\/fr\/blog\/\",\"url\":\"https:\/\/seaberyat.com\/fr\/blog\/\",\"name\":\"Blog, espace pour les affaires courantes, les articles et les nouvelles | Seabery\",\"isPartOf\":{\"@id\":\"https:\/\/seaberyat.com\/fr\/#website\"},\"datePublished\":\"2022-06-13T13:57:14+00:00\",\"dateModified\":\"2025-03-05T23:37:31+00:00\",\"description\":\"Sur notre blog, vous trouverez toutes les actualit\u00e9s li\u00e9es \u00e0 Seabery, des communiqu\u00e9s de presse \u00e0 nos articles sur la soudure avec Soldamatic.\",\"breadcrumb\":{\"@id\":\"https:\/\/seaberyat.com\/fr\/blog\/#breadcrumb\"},\"inLanguage\":\"fr-FR\",\"potentialAction\":[{\"@type\":\"ReadAction\",\"target\":[\"https:\/\/seaberyat.com\/fr\/blog\/\"]}]},{\"@type\":\"BreadcrumbList\",\"@id\":\"https:\/\/seaberyat.com\/fr\/blog\/#breadcrumb\",\"itemListElement\":[{\"@type\":\"ListItem\",\"position\":1,\"name\":\"Home\",\"item\":\"https:\/\/seaberyat.com\/fr\/\"},{\"@type\":\"ListItem\",\"position\":2,\"name\":\"BLOG\"}]},{\"@type\":\"WebSite\",\"@id\":\"https:\/\/seaberyat.com\/fr\/#website\",\"url\":\"https:\/\/seaberyat.com\/fr\/\",\"name\":\"Seabery\",\"description\":\"Seabery\",\"publisher\":{\"@id\":\"https:\/\/seaberyat.com\/fr\/#organization\"},\"potentialAction\":[{\"@type\":\"SearchAction\",\"target\":{\"@type\":\"EntryPoint\",\"urlTemplate\":\"https:\/\/seaberyat.com\/fr\/?s={search_term_string}\"},\"query-input\":{\"@type\":\"PropertyValueSpecification\",\"valueRequired\":true,\"valueName\":\"search_term_string\"}}],\"inLanguage\":\"fr-FR\"},{\"@type\":\"Organization\",\"@id\":\"https:\/\/seaberyat.com\/fr\/#organization\",\"name\":\"Seaberyat\",\"url\":\"https:\/\/seaberyat.com\/fr\/\",\"logo\":{\"@type\":\"ImageObject\",\"inLanguage\":\"fr-FR\",\"@id\":\"https:\/\/seaberyat.com\/fr\/#\/schema\/logo\/image\/\",\"url\":\"https:\/\/seaberyat.com\/wp-content\/uploads\/2022\/10\/Recurso-1@4x.png\",\"contentUrl\":\"https:\/\/seaberyat.com\/wp-content\/uploads\/2022\/10\/Recurso-1@4x.png\",\"width\":2182,\"height\":644,\"caption\":\"Seaberyat\"},\"image\":{\"@id\":\"https:\/\/seaberyat.com\/fr\/#\/schema\/logo\/image\/\"},\"sameAs\":[\"https:\/\/www.facebook.com\/SeaberyAugmentedTechnology\/\",\"https:\/\/x.com\/Seabery\"]}]}<\/script>\n<!-- \/ Yoast SEO plugin. -->","yoast_head_json":{"title":"Blog, espace pour les affaires courantes, les articles et les nouvelles | Seabery","description":"Sur notre blog, vous trouverez toutes les actualit\u00e9s li\u00e9es \u00e0 Seabery, des communiqu\u00e9s de presse \u00e0 nos articles sur la soudure avec Soldamatic.","robots":{"index":"index","follow":"follow","max-snippet":"max-snippet:-1","max-image-preview":"max-image-preview:large","max-video-preview":"max-video-preview:-1"},"canonical":"https:\/\/seaberyat.com\/fr\/blog\/","og_locale":"fr_FR","og_type":"article","og_title":"Blog, espace pour les affaires courantes, les articles et les nouvelles | Seabery","og_description":"Sur notre blog, vous trouverez toutes les actualit\u00e9s li\u00e9es \u00e0 Seabery, des communiqu\u00e9s de presse \u00e0 nos articles sur la soudure avec Soldamatic.","og_url":"https:\/\/seaberyat.com\/fr\/blog\/","og_site_name":"Seabery","article_publisher":"https:\/\/www.facebook.com\/SeaberyAugmentedTechnology\/","article_modified_time":"2025-03-05T23:37:31+00:00","twitter_card":"summary_large_image","twitter_site":"@Seabery","twitter_misc":{"Dur\u00e9e de lecture estim\u00e9e":"1 minute"},"schema":{"@context":"https:\/\/schema.org","@graph":[{"@type":"WebPage","@id":"https:\/\/seaberyat.com\/fr\/blog\/","url":"https:\/\/seaberyat.com\/fr\/blog\/","name":"Blog, espace pour les affaires courantes, les articles et les nouvelles | Seabery","isPartOf":{"@id":"https:\/\/seaberyat.com\/fr\/#website"},"datePublished":"2022-06-13T13:57:14+00:00","dateModified":"2025-03-05T23:37:31+00:00","description":"Sur notre blog, vous trouverez toutes les actualit\u00e9s li\u00e9es \u00e0 Seabery, des communiqu\u00e9s de presse \u00e0 nos articles sur la soudure avec Soldamatic.","breadcrumb":{"@id":"https:\/\/seaberyat.com\/fr\/blog\/#breadcrumb"},"inLanguage":"fr-FR","potentialAction":[{"@type":"ReadAction","target":["https:\/\/seaberyat.com\/fr\/blog\/"]}]},{"@type":"BreadcrumbList","@id":"https:\/\/seaberyat.com\/fr\/blog\/#breadcrumb","itemListElement":[{"@type":"ListItem","position":1,"name":"Home","item":"https:\/\/seaberyat.com\/fr\/"},{"@type":"ListItem","position":2,"name":"BLOG"}]},{"@type":"WebSite","@id":"https:\/\/seaberyat.com\/fr\/#website","url":"https:\/\/seaberyat.com\/fr\/","name":"Seabery","description":"Seabery","publisher":{"@id":"https:\/\/seaberyat.com\/fr\/#organization"},"potentialAction":[{"@type":"SearchAction","target":{"@type":"EntryPoint","urlTemplate":"https:\/\/seaberyat.com\/fr\/?s={search_term_string}"},"query-input":{"@type":"PropertyValueSpecification","valueRequired":true,"valueName":"search_term_string"}}],"inLanguage":"fr-FR"},{"@type":"Organization","@id":"https:\/\/seaberyat.com\/fr\/#organization","name":"Seaberyat","url":"https:\/\/seaberyat.com\/fr\/","logo":{"@type":"ImageObject","inLanguage":"fr-FR","@id":"https:\/\/seaberyat.com\/fr\/#\/schema\/logo\/image\/","url":"https:\/\/seaberyat.com\/wp-content\/uploads\/2022\/10\/Recurso-1@4x.png","contentUrl":"https:\/\/seaberyat.com\/wp-content\/uploads\/2022\/10\/Recurso-1@4x.png","width":2182,"height":644,"caption":"Seaberyat"},"image":{"@id":"https:\/\/seaberyat.com\/fr\/#\/schema\/logo\/image\/"},"sameAs":["https:\/\/www.facebook.com\/SeaberyAugmentedTechnology\/","https:\/\/x.com\/Seabery"]}]}},"_links":{"self":[{"href":"https:\/\/seaberyat.com\/fr\/wp-json\/wp\/v2\/pages\/10828","targetHints":{"allow":["GET"]}}],"collection":[{"href":"https:\/\/seaberyat.com\/fr\/wp-json\/wp\/v2\/pages"}],"about":[{"href":"https:\/\/seaberyat.com\/fr\/wp-json\/wp\/v2\/types\/page"}],"author":[{"embeddable":true,"href":"https:\/\/seaberyat.com\/fr\/wp-json\/wp\/v2\/users\/3"}],"replies":[{"embeddable":true,"href":"https:\/\/seaberyat.com\/fr\/wp-json\/wp\/v2\/comments?post=10828"}],"version-history":[{"count":2,"href":"https:\/\/seaberyat.com\/fr\/wp-json\/wp\/v2\/pages\/10828\/revisions"}],"predecessor-version":[{"id":19120,"href":"https:\/\/seaberyat.com\/fr\/wp-json\/wp\/v2\/pages\/10828\/revisions\/19120"}],"wp:attachment":[{"href":"https:\/\/seaberyat.com\/fr\/wp-json\/wp\/v2\/media?parent=10828"}],"curies":[{"name":"wp","href":"https:\/\/api.w.org\/{rel}","templated":true}]}}