{"id":10786,"date":"2022-06-13T12:33:40","date_gmt":"2022-06-13T10:33:40","guid":{"rendered":"https:\/\/seaberyat.com\/skill-training\/"},"modified":"2025-03-05T21:54:07","modified_gmt":"2025-03-05T20:54:07","slug":"skill-training","status":"publish","type":"page","link":"https:\/\/seaberyat.com\/fr\/skill-training\/","title":{"rendered":"SKILLS TRAINING"},"content":{"rendered":"<div class=\"wpb-content-wrapper\"><p>[vc_row gap=&#8221;30&#8243; content_placement=&#8221;top&#8221; css=&#8221;.vc_custom_1655891176951{margin-top: 96px !important;}&#8221;][vc_column width=&#8221;1\/2&#8243; css=&#8221;.vc_custom_1655795279636{padding-top: 0px !important;padding-bottom: 0px !important;}&#8221;][vc_column_text css=&#8221;.vc_custom_1741207965277{margin-top: 12px !important;}&#8221;]<\/p>\n<h1><span style=\"color: #ff6b00;\">Skills Training<\/span><\/h1>\n<p><span style=\"color: #375773;\">Le manque de main-d\u2019\u0153uvre qualifi\u00e9e dans le secteur industriel est une r\u00e9alit\u00e9. Seabery met au point des Solutions de formation en R\u00e9alit\u00e9 Augment\u00e9e (RA) pour le d\u00e9veloppement de capacit\u00e9s en vue d\u2019attirer et d\u2019engager les nouvelles g\u00e9n\u00e9rations afin d\u2019aider \u00e0 combler ce foss\u00e9.<\/span>[\/vc_column_text][\/vc_column][vc_column width=&#8221;1\/2&#8243; css=&#8221;.vc_custom_1655795290422{padding-top: 0px !important;padding-bottom: 0px !important;}&#8221;][vc_single_image image=&#8221;10787&#8243; img_size=&#8221;full&#8221; alignment=&#8221;center&#8221; css=&#8221;.vc_custom_1661511834553{margin-bottom: 0px !important;padding-bottom: 0px !important;}&#8221;][vc_raw_html css=&#8221;.vc_custom_1655740946144{margin-top: 0px !important;}&#8221;]PGRpdiBzdHlsZT0iaGVpZ2h0OiA4MHB4OyB3aWR0aDogMXB4OyBiYWNrZ3JvdW5kLWNvbG9yOiAjNzA3MDcwOyBtYXJnaW46IGF1dG87Ij48L2Rpdj4=[\/vc_raw_html][\/vc_column][\/vc_row][vc_row gap=&#8221;30&#8243; rtl_reverse=&#8221;yes&#8221; content_placement=&#8221;top&#8221; css=&#8221;.vc_custom_1658475793222{margin-top: -12px !important;}&#8221;][vc_column width=&#8221;1\/2&#8243; css=&#8221;.vc_custom_1657797220884{padding-top: 0px !important;padding-bottom: 0px !important;}&#8221; offset=&#8221;vc_hidden-xs&#8221;][vc_single_image image=&#8221;6299&#8243; img_size=&#8221;full&#8221; el_class=&#8221;detail-back-3&#8243;][vc_single_image image=&#8221;10789&#8243; img_size=&#8221;full&#8221; alignment=&#8221;center&#8221; css=&#8221;.vc_custom_1661511848232{margin-bottom: 0px !important;}&#8221;][vc_raw_html css=&#8221;.vc_custom_1655740946144{margin-top: 0px !important;}&#8221;]PGRpdiBzdHlsZT0iaGVpZ2h0OiA4MHB4OyB3aWR0aDogMXB4OyBiYWNrZ3JvdW5kLWNvbG9yOiAjNzA3MDcwOyBtYXJnaW46IGF1dG87Ij48L2Rpdj4=[\/vc_raw_html][\/vc_column][vc_column width=&#8221;1\/2&#8243; css=&#8221;.vc_custom_1657797226724{padding-top: 0px !important;padding-bottom: 0px !important;}&#8221; offset=&#8221;vc_hidden-xs&#8221;][vc_column_text css=&#8221;.vc_custom_1741207980984{margin-top: 0px !important;}&#8221;]<\/p>\n<h2><span style=\"color: #ff6b00;\">R\u00e9alit\u00e9 Augment\u00e9e<\/span><\/h2>\n<p><span style=\"color: #375773;\">La R\u00e9alit\u00e9 Augment\u00e9e joue un r\u00f4le essentiel dans le d\u00e9veloppement des comp\u00e9tences, car elle permet de les mettre en pratique dans un environnement contr\u00f4l\u00e9 et s\u00fbr. Vous pouvez pratiquer jusqu\u2019\u00e0 l\u2019acquisition des comp\u00e9tences n\u00e9cessaires pour passer \u00e0 un environnement r\u00e9el.<\/span>[\/vc_column_text][\/vc_column][\/vc_row][vc_row gap=&#8221;30&#8243; rtl_reverse=&#8221;yes&#8221; content_placement=&#8221;top&#8221; css=&#8221;.vc_custom_1657797059013{margin-top: -40px !important;}&#8221;][vc_column width=&#8221;1\/2&#8243; css=&#8221;.vc_custom_1657797199220{padding-top: 0px !important;padding-bottom: 0px !important;}&#8221; offset=&#8221;vc_hidden-lg vc_hidden-md vc_hidden-sm&#8221;][vc_column_text css=&#8221;.vc_custom_1675424755943{margin-top: 30px !important;}&#8221;]<\/p>\n<h3><span style=\"color: #e58b56;\">R\u00e9alit\u00e9 Augment\u00e9e<\/span><\/h3>\n<p><span style=\"color: #375773;\">La R\u00e9alit\u00e9 Augment\u00e9e joue un r\u00f4le essentiel dans le d\u00e9veloppement des comp\u00e9tences, car elle permet de les mettre en pratique dans un environnement contr\u00f4l\u00e9 et s\u00fbr. Vous pouvez pratiquer jusqu\u2019\u00e0 l\u2019acquisition des comp\u00e9tences n\u00e9cessaires pour passer \u00e0 un environnement r\u00e9el.<\/span>[\/vc_column_text][\/vc_column][vc_column width=&#8221;1\/2&#8243; css=&#8221;.vc_custom_1657797207228{padding-top: 0px !important;padding-bottom: 0px !important;}&#8221; offset=&#8221;vc_hidden-lg vc_hidden-md vc_hidden-sm&#8221;][vc_single_image image=&#8221;10789&#8243; img_size=&#8221;full&#8221; alignment=&#8221;center&#8221; css=&#8221;.vc_custom_1661511848232{margin-bottom: 0px !important;}&#8221;][vc_raw_html css=&#8221;.vc_custom_1655740946144{margin-top: 0px !important;}&#8221;]PGRpdiBzdHlsZT0iaGVpZ2h0OiA4MHB4OyB3aWR0aDogMXB4OyBiYWNrZ3JvdW5kLWNvbG9yOiAjNzA3MDcwOyBtYXJnaW46IGF1dG87Ij48L2Rpdj4=[\/vc_raw_html][\/vc_column][\/vc_row][vc_row gap=&#8221;30&#8243; content_placement=&#8221;top&#8221; css=&#8221;.vc_custom_1658476944439{margin-top: 24px !important;margin-bottom: 0px !important;}&#8221;][vc_column width=&#8221;1\/2&#8243; css=&#8221;.vc_custom_1655795243005{padding-top: 0px !important;padding-bottom: 0px !important;}&#8221;][vc_column_text css=&#8221;.vc_custom_1741208011916{margin-top: 0px !important;}&#8221;]<\/p>\n<h2><span style=\"color: #ff6b00;\">Programme de formation<\/span><\/h2>\n<p><span style=\"color: #375773;\">Le syst\u00e8me \u00e9ducatif doit \u00eatre en mesure de cr\u00e9er des programmes de formation pour le d\u00e9veloppement des comp\u00e9tences qui g\u00e9n\u00e8rent la main-d\u2019\u0153uvre n\u00e9cessaire pour r\u00e9pondre aux besoins, tout en permettant l\u2019int\u00e9gration des jeunes sur le march\u00e9 du travail.<\/span>[\/vc_column_text][\/vc_column][vc_column width=&#8221;1\/2&#8243; css=&#8221;.vc_custom_1655795251523{padding-top: 0px !important;padding-bottom: 0px !important;}&#8221;][vc_single_image image=&#8221;6312&#8243; img_size=&#8221;full&#8221; el_class=&#8221;detail-back&#8221;][vc_single_image image=&#8221;10790&#8243; img_size=&#8221;full&#8221; alignment=&#8221;center&#8221; css=&#8221;.vc_custom_1661511910732{margin-bottom: 0px !important;padding-bottom: 0px !important;}&#8221;][vc_raw_html css=&#8221;.vc_custom_1655740946144{margin-top: 0px !important;}&#8221;]PGRpdiBzdHlsZT0iaGVpZ2h0OiA4MHB4OyB3aWR0aDogMXB4OyBiYWNrZ3JvdW5kLWNvbG9yOiAjNzA3MDcwOyBtYXJnaW46IGF1dG87Ij48L2Rpdj4=[\/vc_raw_html][\/vc_column][\/vc_row][vc_row gap=&#8221;30&#8243; content_placement=&#8221;top&#8221; css=&#8221;.vc_custom_1658475971575{margin-top: -24px !important;margin-bottom: 96px !important;}&#8221;][vc_column width=&#8221;1\/2&#8243; css=&#8221;.vc_custom_1657797294867{padding-top: 0px !important;padding-bottom: 0px !important;}&#8221; offset=&#8221;vc_hidden-xs&#8221;][vc_single_image image=&#8221;10791&#8243; img_size=&#8221;full&#8221; alignment=&#8221;center&#8221; css=&#8221;.vc_custom_1661511934714{margin-bottom: 0px !important;}&#8221;][vc_single_image image=&#8221;6312&#8243; img_size=&#8221;full&#8221; el_class=&#8221;detail-back-3&#8243;][\/vc_column][vc_column width=&#8221;1\/2&#8243; css=&#8221;.vc_custom_1657797301589{padding-top: 0px !important;padding-bottom: 0px !important;}&#8221; offset=&#8221;vc_hidden-xs&#8221;][vc_column_text css=&#8221;.vc_custom_1741208027679{margin-top: 0px !important;}&#8221;]<\/p>\n<h2><span style=\"color: #ff6b00;\">Engagement<\/span><\/h2>\n<p><span style=\"color: #375773;\">Les nouvelles technologies, et concr\u00e8tement la R\u00e9alit\u00e9 Augment\u00e9e, constituent un excellent moyen d\u2019attirer les jeunes, en assurant non seulement le d\u00e9veloppement des comp\u00e9tences de base chez les nouveaux \u00e9l\u00e8ves, mais aussi en formant des ouvriers qualifi\u00e9s pour le d\u00e9veloppement de capacit\u00e9s sp\u00e9cifiques n\u00e9cessaires pour un emploi.<\/span>[\/vc_column_text][\/vc_column][\/vc_row][vc_row gap=&#8221;30&#8243; content_placement=&#8221;top&#8221; css=&#8221;.vc_custom_1657797469931{margin-top: -120px !important;margin-bottom: 96px !important;}&#8221;][vc_column width=&#8221;1\/2&#8243; css=&#8221;.vc_custom_1657797281109{padding-top: 0px !important;padding-bottom: 0px !important;}&#8221; offset=&#8221;vc_hidden-lg vc_hidden-md vc_hidden-sm&#8221;][vc_column_text css=&#8221;.vc_custom_1675424828424{margin-top: 30px !important;}&#8221;]<\/p>\n<h3><span style=\"color: #e58b56;\">Engagement<\/span><\/h3>\n<p><span style=\"color: #375773;\">Les nouvelles technologies, et concr\u00e8tement la R\u00e9alit\u00e9 Augment\u00e9e, constituent un excellent moyen d\u2019attirer les jeunes, en assurant non seulement le d\u00e9veloppement des comp\u00e9tences de base chez les nouveaux \u00e9l\u00e8ves, mais aussi en formant des ouvriers qualifi\u00e9s pour le d\u00e9veloppement de capacit\u00e9s sp\u00e9cifiques n\u00e9cessaires pour un emploi.<\/span>[\/vc_column_text][\/vc_column][vc_column width=&#8221;1\/2&#8243; css=&#8221;.vc_custom_1657797288268{padding-top: 0px !important;padding-bottom: 0px !important;}&#8221; offset=&#8221;vc_hidden-lg vc_hidden-md vc_hidden-sm&#8221;][vc_single_image image=&#8221;10791&#8243; img_size=&#8221;full&#8221; alignment=&#8221;center&#8221; css=&#8221;.vc_custom_1661511934714{margin-bottom: 0px !important;}&#8221;][\/vc_column][\/vc_row]<\/p>\n<\/div>","protected":false},"excerpt":{"rendered":"<p>[vc_row gap=&#8221;30&#8243; content_placement=&#8221;top&#8221; css=&#8221;.vc_custom_1655891176951{margin-top: 96px !important;}&#8221;][vc_column width=&#8221;1\/2&#8243; css=&#8221;.vc_custom_1655795279636{padding-top: 0px !important;padding-bottom: 0px !important;}&#8221;][vc_column_text css=&#8221;.vc_custom_1741207965277{margin-top: 12px !important;}&#8221;] Skills Training Le manque de main-d\u2019\u0153uvre qualifi\u00e9e dans le secteur industriel est une r\u00e9alit\u00e9. Seabery met au point des Solutions de formation en R\u00e9alit\u00e9 Augment\u00e9e (RA) pour le d\u00e9veloppement de capacit\u00e9s en vue d\u2019attirer et d\u2019engager les nouvelles g\u00e9n\u00e9rations afin&hellip;<\/p>\n","protected":false},"author":3,"featured_media":0,"parent":0,"menu_order":0,"comment_status":"closed","ping_status":"closed","template":"","meta":{"_acf_changed":false,"footnotes":""},"class_list":["post-10786","page","type-page","status-publish","hentry","description-off"],"acf":[],"yoast_head":"<!-- This site is optimized with the Yoast SEO plugin v26.4 - https:\/\/yoast.com\/wordpress\/plugins\/seo\/ -->\n<title>Skills Training, Formation \u00e0 la r\u00e9alit\u00e9 augment\u00e9e | Seabery<\/title>\n<meta name=\"description\" content=\"La formation aux comp\u00e9tences est le d\u00e9veloppement des comp\u00e9tences et des aptitudes n\u00e9cessaires pour s&#039;adapter aux exigences du poste de travail.\" \/>\n<meta name=\"robots\" content=\"index, follow, max-snippet:-1, max-image-preview:large, max-video-preview:-1\" \/>\n<link rel=\"canonical\" href=\"https:\/\/seaberyat.com\/fr\/skill-training\/\" \/>\n<meta property=\"og:locale\" content=\"fr_FR\" \/>\n<meta property=\"og:type\" content=\"article\" \/>\n<meta property=\"og:title\" content=\"Skills Training, Formation \u00e0 la r\u00e9alit\u00e9 augment\u00e9e | Seabery\" \/>\n<meta property=\"og:description\" content=\"La formation aux comp\u00e9tences est le d\u00e9veloppement des comp\u00e9tences et des aptitudes n\u00e9cessaires pour s&#039;adapter aux exigences du poste de travail.\" \/>\n<meta property=\"og:url\" content=\"https:\/\/seaberyat.com\/fr\/skill-training\/\" \/>\n<meta property=\"og:site_name\" content=\"Seabery\" \/>\n<meta property=\"article:publisher\" content=\"https:\/\/www.facebook.com\/SeaberyAugmentedTechnology\/\" \/>\n<meta property=\"article:modified_time\" content=\"2025-03-05T20:54:07+00:00\" \/>\n<meta name=\"twitter:card\" content=\"summary_large_image\" \/>\n<meta name=\"twitter:site\" content=\"@Seabery\" \/>\n<meta name=\"twitter:label1\" content=\"Dur\u00e9e de lecture estim\u00e9e\" \/>\n\t<meta name=\"twitter:data1\" content=\"4 minutes\" \/>\n<script type=\"application\/ld+json\" class=\"yoast-schema-graph\">{\"@context\":\"https:\/\/schema.org\",\"@graph\":[{\"@type\":\"WebPage\",\"@id\":\"https:\/\/seaberyat.com\/fr\/skill-training\/\",\"url\":\"https:\/\/seaberyat.com\/fr\/skill-training\/\",\"name\":\"Skills Training, Formation \u00e0 la r\u00e9alit\u00e9 augment\u00e9e | Seabery\",\"isPartOf\":{\"@id\":\"https:\/\/seaberyat.com\/fr\/#website\"},\"datePublished\":\"2022-06-13T10:33:40+00:00\",\"dateModified\":\"2025-03-05T20:54:07+00:00\",\"description\":\"La formation aux comp\u00e9tences est le d\u00e9veloppement des comp\u00e9tences et des aptitudes n\u00e9cessaires pour s'adapter aux exigences du poste de travail.\",\"breadcrumb\":{\"@id\":\"https:\/\/seaberyat.com\/fr\/skill-training\/#breadcrumb\"},\"inLanguage\":\"fr-FR\",\"potentialAction\":[{\"@type\":\"ReadAction\",\"target\":[\"https:\/\/seaberyat.com\/fr\/skill-training\/\"]}]},{\"@type\":\"BreadcrumbList\",\"@id\":\"https:\/\/seaberyat.com\/fr\/skill-training\/#breadcrumb\",\"itemListElement\":[{\"@type\":\"ListItem\",\"position\":1,\"name\":\"Home\",\"item\":\"https:\/\/seaberyat.com\/fr\/\"},{\"@type\":\"ListItem\",\"position\":2,\"name\":\"SKILLS TRAINING\"}]},{\"@type\":\"WebSite\",\"@id\":\"https:\/\/seaberyat.com\/fr\/#website\",\"url\":\"https:\/\/seaberyat.com\/fr\/\",\"name\":\"Seabery\",\"description\":\"Seabery\",\"publisher\":{\"@id\":\"https:\/\/seaberyat.com\/fr\/#organization\"},\"potentialAction\":[{\"@type\":\"SearchAction\",\"target\":{\"@type\":\"EntryPoint\",\"urlTemplate\":\"https:\/\/seaberyat.com\/fr\/?s={search_term_string}\"},\"query-input\":{\"@type\":\"PropertyValueSpecification\",\"valueRequired\":true,\"valueName\":\"search_term_string\"}}],\"inLanguage\":\"fr-FR\"},{\"@type\":\"Organization\",\"@id\":\"https:\/\/seaberyat.com\/fr\/#organization\",\"name\":\"Seaberyat\",\"url\":\"https:\/\/seaberyat.com\/fr\/\",\"logo\":{\"@type\":\"ImageObject\",\"inLanguage\":\"fr-FR\",\"@id\":\"https:\/\/seaberyat.com\/fr\/#\/schema\/logo\/image\/\",\"url\":\"https:\/\/seaberyat.com\/wp-content\/uploads\/2022\/10\/Recurso-1@4x.png\",\"contentUrl\":\"https:\/\/seaberyat.com\/wp-content\/uploads\/2022\/10\/Recurso-1@4x.png\",\"width\":2182,\"height\":644,\"caption\":\"Seaberyat\"},\"image\":{\"@id\":\"https:\/\/seaberyat.com\/fr\/#\/schema\/logo\/image\/\"},\"sameAs\":[\"https:\/\/www.facebook.com\/SeaberyAugmentedTechnology\/\",\"https:\/\/x.com\/Seabery\"]}]}<\/script>\n<!-- \/ Yoast SEO plugin. -->","yoast_head_json":{"title":"Skills Training, Formation \u00e0 la r\u00e9alit\u00e9 augment\u00e9e | Seabery","description":"La formation aux comp\u00e9tences est le d\u00e9veloppement des comp\u00e9tences et des aptitudes n\u00e9cessaires pour s'adapter aux exigences du poste de travail.","robots":{"index":"index","follow":"follow","max-snippet":"max-snippet:-1","max-image-preview":"max-image-preview:large","max-video-preview":"max-video-preview:-1"},"canonical":"https:\/\/seaberyat.com\/fr\/skill-training\/","og_locale":"fr_FR","og_type":"article","og_title":"Skills Training, Formation \u00e0 la r\u00e9alit\u00e9 augment\u00e9e | Seabery","og_description":"La formation aux comp\u00e9tences est le d\u00e9veloppement des comp\u00e9tences et des aptitudes n\u00e9cessaires pour s'adapter aux exigences du poste de travail.","og_url":"https:\/\/seaberyat.com\/fr\/skill-training\/","og_site_name":"Seabery","article_publisher":"https:\/\/www.facebook.com\/SeaberyAugmentedTechnology\/","article_modified_time":"2025-03-05T20:54:07+00:00","twitter_card":"summary_large_image","twitter_site":"@Seabery","twitter_misc":{"Dur\u00e9e de lecture estim\u00e9e":"4 minutes"},"schema":{"@context":"https:\/\/schema.org","@graph":[{"@type":"WebPage","@id":"https:\/\/seaberyat.com\/fr\/skill-training\/","url":"https:\/\/seaberyat.com\/fr\/skill-training\/","name":"Skills Training, Formation \u00e0 la r\u00e9alit\u00e9 augment\u00e9e | Seabery","isPartOf":{"@id":"https:\/\/seaberyat.com\/fr\/#website"},"datePublished":"2022-06-13T10:33:40+00:00","dateModified":"2025-03-05T20:54:07+00:00","description":"La formation aux comp\u00e9tences est le d\u00e9veloppement des comp\u00e9tences et des aptitudes n\u00e9cessaires pour s'adapter aux exigences du poste de travail.","breadcrumb":{"@id":"https:\/\/seaberyat.com\/fr\/skill-training\/#breadcrumb"},"inLanguage":"fr-FR","potentialAction":[{"@type":"ReadAction","target":["https:\/\/seaberyat.com\/fr\/skill-training\/"]}]},{"@type":"BreadcrumbList","@id":"https:\/\/seaberyat.com\/fr\/skill-training\/#breadcrumb","itemListElement":[{"@type":"ListItem","position":1,"name":"Home","item":"https:\/\/seaberyat.com\/fr\/"},{"@type":"ListItem","position":2,"name":"SKILLS TRAINING"}]},{"@type":"WebSite","@id":"https:\/\/seaberyat.com\/fr\/#website","url":"https:\/\/seaberyat.com\/fr\/","name":"Seabery","description":"Seabery","publisher":{"@id":"https:\/\/seaberyat.com\/fr\/#organization"},"potentialAction":[{"@type":"SearchAction","target":{"@type":"EntryPoint","urlTemplate":"https:\/\/seaberyat.com\/fr\/?s={search_term_string}"},"query-input":{"@type":"PropertyValueSpecification","valueRequired":true,"valueName":"search_term_string"}}],"inLanguage":"fr-FR"},{"@type":"Organization","@id":"https:\/\/seaberyat.com\/fr\/#organization","name":"Seaberyat","url":"https:\/\/seaberyat.com\/fr\/","logo":{"@type":"ImageObject","inLanguage":"fr-FR","@id":"https:\/\/seaberyat.com\/fr\/#\/schema\/logo\/image\/","url":"https:\/\/seaberyat.com\/wp-content\/uploads\/2022\/10\/Recurso-1@4x.png","contentUrl":"https:\/\/seaberyat.com\/wp-content\/uploads\/2022\/10\/Recurso-1@4x.png","width":2182,"height":644,"caption":"Seaberyat"},"image":{"@id":"https:\/\/seaberyat.com\/fr\/#\/schema\/logo\/image\/"},"sameAs":["https:\/\/www.facebook.com\/SeaberyAugmentedTechnology\/","https:\/\/x.com\/Seabery"]}]}},"_links":{"self":[{"href":"https:\/\/seaberyat.com\/fr\/wp-json\/wp\/v2\/pages\/10786","targetHints":{"allow":["GET"]}}],"collection":[{"href":"https:\/\/seaberyat.com\/fr\/wp-json\/wp\/v2\/pages"}],"about":[{"href":"https:\/\/seaberyat.com\/fr\/wp-json\/wp\/v2\/types\/page"}],"author":[{"embeddable":true,"href":"https:\/\/seaberyat.com\/fr\/wp-json\/wp\/v2\/users\/3"}],"replies":[{"embeddable":true,"href":"https:\/\/seaberyat.com\/fr\/wp-json\/wp\/v2\/comments?post=10786"}],"version-history":[{"count":3,"href":"https:\/\/seaberyat.com\/fr\/wp-json\/wp\/v2\/pages\/10786\/revisions"}],"predecessor-version":[{"id":19064,"href":"https:\/\/seaberyat.com\/fr\/wp-json\/wp\/v2\/pages\/10786\/revisions\/19064"}],"wp:attachment":[{"href":"https:\/\/seaberyat.com\/fr\/wp-json\/wp\/v2\/media?parent=10786"}],"curies":[{"name":"wp","href":"https:\/\/api.w.org\/{rel}","templated":true}]}}