{"id":10741,"date":"2022-06-13T15:56:35","date_gmt":"2022-06-13T13:56:35","guid":{"rendered":"https:\/\/seaberyat.com\/about-us\/"},"modified":"2025-03-06T00:02:03","modified_gmt":"2025-03-05T23:02:03","slug":"a-propos-de-nous","status":"publish","type":"page","link":"https:\/\/seaberyat.com\/fr\/a-propos-de-nous\/","title":{"rendered":"\u00c0 PROPOS DE NOUS"},"content":{"rendered":"<div class=\"wpb-content-wrapper\"><p>[vc_row full_width=&#8221;stretch_row&#8221; css=&#8221;.vc_custom_1741215640095{padding-top: 48px !important;padding-bottom: 48px !important;background-color: #002550 !important;}&#8221;][vc_column][vc_column_text]<\/p>\n<h1><span style=\"color: #ffffff;\">\u00c0 PROPOS DE NOUS<\/span><\/h1>\n<p>&nbsp;<\/p>\n<p><span style=\"color: #ffffff;\">Seabery Augmented Technology est le leader mondial du d\u00e9veloppement de solutions \u00e9ducatives bas\u00e9es sur la simulation avec la technologie de la r\u00e9alit\u00e9 augment\u00e9e. La marque de fabrique de l&#8217;entreprise est de devenir une r\u00e9f\u00e9rence dans le secteur EdTech et industriel de la formation bas\u00e9e sur les comp\u00e9tences, en contribuant \u00e0 faire \u00e9voluer le mod\u00e8le \u00e9ducatif traditionnel et en permettant aux entreprises de s&#8217;adapter aux exigences de l&#8217;industrie 4.0. La solution de formation en soudage, Soldamatic Augmented Training\u00ae, est actuellement d\u00e9ploy\u00e9e dans plus de 80 pays et sa croissance est exponentielle Soldamatic est dot\u00e9e de la technologie brevet\u00e9e HyperReal-SimTM et a \u00e9t\u00e9 r\u00e9compens\u00e9e comme The Best Augmented Reality Application in education aux Auggie Awards (Silicon Valley, Californie), car elle propose un nouveau paradigme dans le monde de la formation professionnelle traditionnelle. R\u00e9cemment, en mars 2022, elle a \u00e9t\u00e9 r\u00e9compens\u00e9e comme PME de l&#8217;ann\u00e9e en Espagne par la Chambre de commerce espagnole, recevant le prix des mains de SM le Roi Felipe VI. <\/span>[\/vc_column_text][vc_video link=&#8221;https:\/\/youtu.be\/autwfDMYIF4&#8243; align=&#8221;center&#8221; css=&#8221;&#8221;][\/vc_column][\/vc_row][vc_row css=&#8221;.vc_custom_1726129111603{padding-top: 60px !important;padding-bottom: 0px !important;}&#8221;][vc_column][vc_column_text css=&#8221;&#8221;]<\/p>\n<h2><span style=\"color: #ff6b00;\">UNE HISTOIRE DE GENS PASSIONN\u00c9S<\/span><\/h2>\n<p>[\/vc_column_text][vc_column_text css=&#8221;&#8221;]<span style=\"color: #002550;\">Dans le plus pur style de la Silicon Valley, Seabery est n\u00e9e dans le &#8220;garage&#8221; de l&#8217;un de ses fondateurs, Basilio Marqu\u00ednez (actuel pr\u00e9sident de Seabery), qui avait l&#8217;id\u00e9e originale d&#8217;appliquer une technologie naissante telle que la r\u00e9alit\u00e9 augment\u00e9e pour am\u00e9liorer le processus de formation d&#8217;une profession aussi ancienne et importante que la soudure. Ce croisement d&#8217;id\u00e9es entre un besoin et une technologie prend forme avec l&#8217;expertise et la vision de personnes li\u00e9es \u00e0 l&#8217;Universit\u00e9 de Huelva, qui commencent \u00e0 fa\u00e7onner un projet qui deviendra des ann\u00e9es plus tard l&#8217;une des entreprises les plus importantes de la ville et le leader mondial incontest\u00e9 de la formation en soudage num\u00e9rique.<\/span><\/p>\n<p><span style=\"color: #002550;\">Huelva est le berceau de Seabery et le si\u00e8ge de l&#8217;entreprise. Malgr\u00e9 cela, nos \u00e9quipes sont compos\u00e9es de personnes de plus de 20 nationalit\u00e9s diff\u00e9rentes. Seabery n&#8217;a cess\u00e9 de cro\u00eetre en taille et en pr\u00e9sence dans le monde entier, ce qui a permis \u00e0 nombre de ceux qui l&#8217;ont aid\u00e9e \u00e0 na\u00eetre et \u00e0 grandir, de d\u00e9velopper une riche carri\u00e8re en son sein.<\/span>[\/vc_column_text][\/vc_column][\/vc_row][vc_row content_placement=&#8221;middle&#8221; css=&#8221;.vc_custom_1726129141725{padding-top: 0px !important;padding-bottom: 60px !important;}&#8221;][vc_column width=&#8221;1\/2&#8243;][vc_column_text css=&#8221;&#8221;]<span style=\"color: #002550;\">Le succ\u00e8s de cette vision \u00e9tait si spectaculaire que, ann\u00e9e apr\u00e8s ann\u00e9e, l&#8217;entreprise s&#8217;est d\u00e9velopp\u00e9e en r\u00e9investissant tous ses b\u00e9n\u00e9fices dans les talents et les ressources, inspir\u00e9e par la ferme conviction que l&#8217;avenir serait encore plus brillant. En 2022, nous avons uni le potentiel et la vision de deux des plus importants fonds d&#8217;investissement du pays : Seaya et MCH, des partenaires et des amis qui nous aideront \u00e0 poursuivre notre croissance et notre am\u00e9lioration.<\/span><\/p>\n<p><span style=\"color: #002550;\">Nous sommes inspir\u00e9s par la formation, mais aussi par le souci de la plan\u00e8te et notre engagement ind\u00e9fectible \u00e0 contribuer \u00e0 sa conservation. Et bien s\u00fbr, nous sommes inspir\u00e9s par la technologie, sans oublier les personnes qui se cachent derri\u00e8re elle. \u00c0 Seabery, nous avons une belle histoire \u00e0 raconter, mais celle que nous devons encore \u00e9crire est encore plus passionnante : <strong>voulez-vous en faire partie ?<\/strong><\/span>[\/vc_column_text][\/vc_column][vc_column width=&#8221;1\/2&#8243;][vc_video link=&#8221;https:\/\/youtu.be\/5SDwHpUHW3w&#8221; align=&#8221;center&#8221;][\/vc_column][\/vc_row][vc_row full_width=&#8221;stretch_row&#8221; css=&#8221;.vc_custom_1741215693541{padding-top: 48px !important;padding-bottom: 48px !important;background-color: #002550 !important;}&#8221;][vc_column][vc_column_text css=&#8221;&#8221;]<\/p>\n<h2><span style=\"color: #ff6b00;\">CE QUI NOUS REND DIFF\u00c9RENTS<\/span><\/h2>\n<p><span style=\"color: #ffffff;\">Si nous devions r\u00e9sumer en une phrase l&#8217;objectif ultime du personnel de Seabery, ce serait quelque chose comme &#8220;imaginer de nouvelles fa\u00e7ons de former une profession et trouver le moyen de mat\u00e9rialiser ce concept en un produit de haute technologie&#8221;. Toutes les entreprises ne peuvent pas dessiner leur avenir sur une toile blanche. C&#8217;est pourquoi travailler chez Seabery est diff\u00e9rent.<\/span><\/p>\n<p><span style=\"color: #ffffff;\">Le quotidien de l&#8217;entreprise implique un exercice de r\u00e9flexion &#8220;out of the box&#8221; pour aller l\u00e0 o\u00f9 personne n&#8217;est all\u00e9 auparavant. Le type de produits que nous concevons et construisons n&#8217;a g\u00e9n\u00e9ralement pas \u00e9t\u00e9 conceptualis\u00e9 auparavant, <strong>nous sommes des pionniers<\/strong>. <\/span><\/p>\n<p><span style=\"color: #ffffff;\">Une fois que nous avons en main une id\u00e9e perturbatrice, le d\u00e9fi suivant consiste \u00e0 la mettre en \u0153uvre. Et l\u00e0 aussi, nous sommes diff\u00e9rents : l&#8217;ensemble du cycle de cr\u00e9ation du produit est r\u00e9alis\u00e9 du d\u00e9but \u00e0 la fin au sein de l&#8217;entreprise. De la premi\u00e8re preuve de concept, en passant par le d\u00e9veloppement du logiciel et du mat\u00e9riel, jusqu&#8217;\u00e0 la conception et l&#8217;assemblage des simulateurs et de leurs p\u00e9riph\u00e9riques.<\/span><\/p>\n<p><span style=\"color: #ffffff;\">Un autre point qui nous distingue est l&#8217;engagement \u00e0 long terme que nous \u00e9tablissons avec tous nos employ\u00e9s :<strong> tous nos employ\u00e9s ont une relation de travail \u00e0 dur\u00e9e ind\u00e9termin\u00e9e<\/strong>. Lorsque nous d\u00e9cidons d&#8217;agrandir une \u00e9quipe et d&#8217;ouvrir un nouveau poste, c&#8217;est toujours dans une perspective d&#8217;avenir. <\/span><\/p>\n<p><span style=\"color: #ffffff;\">De cette fa\u00e7on, quel que soit le profil professionnel, les personnes de tous les secteurs de l&#8217;entreprise apportent leur grain de sable, ainsi qu&#8217;une vision particuli\u00e8re qui enrichit le reste. Nous ramons tous dans la m\u00eame direction pour changer la fa\u00e7on dont le monde enseigne et apprend. <\/span>[\/vc_column_text][vc_single_image image=&#8221;16327&#8243; img_size=&#8221;large&#8221; alignment=&#8221;center&#8221; style=&#8221;vc_box_rounded&#8221; onclick=&#8221;custom_link&#8221; img_link_target=&#8221;_blank&#8221; link=&#8221;https:\/\/www.youtube.com\/playlist?list=PLHJ11CaIswavBqNTYkWI7xeHhhuYx4q9G&#8221;][\/vc_column][\/vc_row][vc_row disable_element=&#8221;yes&#8221;][vc_column][vc_single_image image=&#8221;10742&#8243; img_size=&#8221;full&#8221; alignment=&#8221;center&#8221; css=&#8221;.vc_custom_1674577472736{padding-top: 60px !important;padding-bottom: 60px !important;}&#8221; el_class=&#8221;icon-seabery&#8221;][\/vc_column][\/vc_row][vc_column][\/vc_column]<\/p>\n<\/div>","protected":false},"excerpt":{"rendered":"<p>[vc_row full_width=&#8221;stretch_row&#8221; css=&#8221;.vc_custom_1741215640095{padding-top: 48px !important;padding-bottom: 48px !important;background-color: #002550 !important;}&#8221;][vc_column][vc_column_text] \u00c0 PROPOS DE NOUS &nbsp; Seabery Augmented Technology est le leader mondial du d\u00e9veloppement de solutions \u00e9ducatives bas\u00e9es sur la simulation avec la technologie de la r\u00e9alit\u00e9 augment\u00e9e. La marque de fabrique de l&#8217;entreprise est de devenir une r\u00e9f\u00e9rence dans le secteur EdTech et industriel de&hellip;<\/p>\n","protected":false},"author":3,"featured_media":0,"parent":0,"menu_order":0,"comment_status":"closed","ping_status":"closed","template":"","meta":{"_acf_changed":false,"footnotes":""},"class_list":["post-10741","page","type-page","status-publish","hentry","description-off"],"acf":[],"yoast_head":"<!-- This site is optimized with the Yoast SEO plugin v26.4 - https:\/\/yoast.com\/wordpress\/plugins\/seo\/ -->\n<title>\u00c0 PROPOS DE NOUS | Seabery<\/title>\n<meta name=\"description\" content=\"Seabery Augmented Technology est l&#039;entreprise leader mondiale dans le d\u00e9veloppement de solutions \u00e9ducatives par simulation avec la technologie de r\u00e9alit\u00e9 augment\u00e9e.\" \/>\n<meta name=\"robots\" content=\"index, follow, max-snippet:-1, max-image-preview:large, max-video-preview:-1\" \/>\n<link rel=\"canonical\" href=\"https:\/\/seaberyat.com\/fr\/a-propos-de-nous\/\" \/>\n<meta property=\"og:locale\" content=\"fr_FR\" \/>\n<meta property=\"og:type\" content=\"article\" \/>\n<meta property=\"og:title\" content=\"\u00c0 PROPOS DE NOUS | Seabery\" \/>\n<meta property=\"og:description\" content=\"Seabery Augmented Technology est l&#039;entreprise leader mondiale dans le d\u00e9veloppement de solutions \u00e9ducatives par simulation avec la technologie de r\u00e9alit\u00e9 augment\u00e9e.\" \/>\n<meta property=\"og:url\" content=\"https:\/\/seaberyat.com\/fr\/a-propos-de-nous\/\" \/>\n<meta property=\"og:site_name\" content=\"Seabery\" \/>\n<meta property=\"article:publisher\" content=\"https:\/\/www.facebook.com\/SeaberyAugmentedTechnology\/\" \/>\n<meta property=\"article:modified_time\" content=\"2025-03-05T23:02:03+00:00\" \/>\n<meta name=\"twitter:card\" content=\"summary_large_image\" \/>\n<meta name=\"twitter:site\" content=\"@Seabery\" \/>\n<meta name=\"twitter:label1\" content=\"Dur\u00e9e de lecture estim\u00e9e\" \/>\n\t<meta name=\"twitter:data1\" content=\"4 minutes\" \/>\n<script type=\"application\/ld+json\" class=\"yoast-schema-graph\">{\"@context\":\"https:\/\/schema.org\",\"@graph\":[{\"@type\":\"WebPage\",\"@id\":\"https:\/\/seaberyat.com\/fr\/a-propos-de-nous\/\",\"url\":\"https:\/\/seaberyat.com\/fr\/a-propos-de-nous\/\",\"name\":\"\u00c0 PROPOS DE NOUS | Seabery\",\"isPartOf\":{\"@id\":\"https:\/\/seaberyat.com\/fr\/#website\"},\"datePublished\":\"2022-06-13T13:56:35+00:00\",\"dateModified\":\"2025-03-05T23:02:03+00:00\",\"description\":\"Seabery Augmented Technology est l'entreprise leader mondiale dans le d\u00e9veloppement de solutions \u00e9ducatives par simulation avec la technologie de r\u00e9alit\u00e9 augment\u00e9e.\",\"breadcrumb\":{\"@id\":\"https:\/\/seaberyat.com\/fr\/a-propos-de-nous\/#breadcrumb\"},\"inLanguage\":\"fr-FR\",\"potentialAction\":[{\"@type\":\"ReadAction\",\"target\":[\"https:\/\/seaberyat.com\/fr\/a-propos-de-nous\/\"]}]},{\"@type\":\"BreadcrumbList\",\"@id\":\"https:\/\/seaberyat.com\/fr\/a-propos-de-nous\/#breadcrumb\",\"itemListElement\":[{\"@type\":\"ListItem\",\"position\":1,\"name\":\"Home\",\"item\":\"https:\/\/seaberyat.com\/fr\/\"},{\"@type\":\"ListItem\",\"position\":2,\"name\":\"\u00c0 PROPOS DE NOUS\"}]},{\"@type\":\"WebSite\",\"@id\":\"https:\/\/seaberyat.com\/fr\/#website\",\"url\":\"https:\/\/seaberyat.com\/fr\/\",\"name\":\"Seabery\",\"description\":\"Seabery\",\"publisher\":{\"@id\":\"https:\/\/seaberyat.com\/fr\/#organization\"},\"potentialAction\":[{\"@type\":\"SearchAction\",\"target\":{\"@type\":\"EntryPoint\",\"urlTemplate\":\"https:\/\/seaberyat.com\/fr\/?s={search_term_string}\"},\"query-input\":{\"@type\":\"PropertyValueSpecification\",\"valueRequired\":true,\"valueName\":\"search_term_string\"}}],\"inLanguage\":\"fr-FR\"},{\"@type\":\"Organization\",\"@id\":\"https:\/\/seaberyat.com\/fr\/#organization\",\"name\":\"Seaberyat\",\"url\":\"https:\/\/seaberyat.com\/fr\/\",\"logo\":{\"@type\":\"ImageObject\",\"inLanguage\":\"fr-FR\",\"@id\":\"https:\/\/seaberyat.com\/fr\/#\/schema\/logo\/image\/\",\"url\":\"https:\/\/seaberyat.com\/wp-content\/uploads\/2022\/10\/Recurso-1@4x.png\",\"contentUrl\":\"https:\/\/seaberyat.com\/wp-content\/uploads\/2022\/10\/Recurso-1@4x.png\",\"width\":2182,\"height\":644,\"caption\":\"Seaberyat\"},\"image\":{\"@id\":\"https:\/\/seaberyat.com\/fr\/#\/schema\/logo\/image\/\"},\"sameAs\":[\"https:\/\/www.facebook.com\/SeaberyAugmentedTechnology\/\",\"https:\/\/x.com\/Seabery\"]}]}<\/script>\n<!-- \/ Yoast SEO plugin. -->","yoast_head_json":{"title":"\u00c0 PROPOS DE NOUS | Seabery","description":"Seabery Augmented Technology est l'entreprise leader mondiale dans le d\u00e9veloppement de solutions \u00e9ducatives par simulation avec la technologie de r\u00e9alit\u00e9 augment\u00e9e.","robots":{"index":"index","follow":"follow","max-snippet":"max-snippet:-1","max-image-preview":"max-image-preview:large","max-video-preview":"max-video-preview:-1"},"canonical":"https:\/\/seaberyat.com\/fr\/a-propos-de-nous\/","og_locale":"fr_FR","og_type":"article","og_title":"\u00c0 PROPOS DE NOUS | Seabery","og_description":"Seabery Augmented Technology est l'entreprise leader mondiale dans le d\u00e9veloppement de solutions \u00e9ducatives par simulation avec la technologie de r\u00e9alit\u00e9 augment\u00e9e.","og_url":"https:\/\/seaberyat.com\/fr\/a-propos-de-nous\/","og_site_name":"Seabery","article_publisher":"https:\/\/www.facebook.com\/SeaberyAugmentedTechnology\/","article_modified_time":"2025-03-05T23:02:03+00:00","twitter_card":"summary_large_image","twitter_site":"@Seabery","twitter_misc":{"Dur\u00e9e de lecture estim\u00e9e":"4 minutes"},"schema":{"@context":"https:\/\/schema.org","@graph":[{"@type":"WebPage","@id":"https:\/\/seaberyat.com\/fr\/a-propos-de-nous\/","url":"https:\/\/seaberyat.com\/fr\/a-propos-de-nous\/","name":"\u00c0 PROPOS DE NOUS | Seabery","isPartOf":{"@id":"https:\/\/seaberyat.com\/fr\/#website"},"datePublished":"2022-06-13T13:56:35+00:00","dateModified":"2025-03-05T23:02:03+00:00","description":"Seabery Augmented Technology est l'entreprise leader mondiale dans le d\u00e9veloppement de solutions \u00e9ducatives par simulation avec la technologie de r\u00e9alit\u00e9 augment\u00e9e.","breadcrumb":{"@id":"https:\/\/seaberyat.com\/fr\/a-propos-de-nous\/#breadcrumb"},"inLanguage":"fr-FR","potentialAction":[{"@type":"ReadAction","target":["https:\/\/seaberyat.com\/fr\/a-propos-de-nous\/"]}]},{"@type":"BreadcrumbList","@id":"https:\/\/seaberyat.com\/fr\/a-propos-de-nous\/#breadcrumb","itemListElement":[{"@type":"ListItem","position":1,"name":"Home","item":"https:\/\/seaberyat.com\/fr\/"},{"@type":"ListItem","position":2,"name":"\u00c0 PROPOS DE NOUS"}]},{"@type":"WebSite","@id":"https:\/\/seaberyat.com\/fr\/#website","url":"https:\/\/seaberyat.com\/fr\/","name":"Seabery","description":"Seabery","publisher":{"@id":"https:\/\/seaberyat.com\/fr\/#organization"},"potentialAction":[{"@type":"SearchAction","target":{"@type":"EntryPoint","urlTemplate":"https:\/\/seaberyat.com\/fr\/?s={search_term_string}"},"query-input":{"@type":"PropertyValueSpecification","valueRequired":true,"valueName":"search_term_string"}}],"inLanguage":"fr-FR"},{"@type":"Organization","@id":"https:\/\/seaberyat.com\/fr\/#organization","name":"Seaberyat","url":"https:\/\/seaberyat.com\/fr\/","logo":{"@type":"ImageObject","inLanguage":"fr-FR","@id":"https:\/\/seaberyat.com\/fr\/#\/schema\/logo\/image\/","url":"https:\/\/seaberyat.com\/wp-content\/uploads\/2022\/10\/Recurso-1@4x.png","contentUrl":"https:\/\/seaberyat.com\/wp-content\/uploads\/2022\/10\/Recurso-1@4x.png","width":2182,"height":644,"caption":"Seaberyat"},"image":{"@id":"https:\/\/seaberyat.com\/fr\/#\/schema\/logo\/image\/"},"sameAs":["https:\/\/www.facebook.com\/SeaberyAugmentedTechnology\/","https:\/\/x.com\/Seabery"]}]}},"_links":{"self":[{"href":"https:\/\/seaberyat.com\/fr\/wp-json\/wp\/v2\/pages\/10741","targetHints":{"allow":["GET"]}}],"collection":[{"href":"https:\/\/seaberyat.com\/fr\/wp-json\/wp\/v2\/pages"}],"about":[{"href":"https:\/\/seaberyat.com\/fr\/wp-json\/wp\/v2\/types\/page"}],"author":[{"embeddable":true,"href":"https:\/\/seaberyat.com\/fr\/wp-json\/wp\/v2\/users\/3"}],"replies":[{"embeddable":true,"href":"https:\/\/seaberyat.com\/fr\/wp-json\/wp\/v2\/comments?post=10741"}],"version-history":[{"count":4,"href":"https:\/\/seaberyat.com\/fr\/wp-json\/wp\/v2\/pages\/10741\/revisions"}],"predecessor-version":[{"id":19097,"href":"https:\/\/seaberyat.com\/fr\/wp-json\/wp\/v2\/pages\/10741\/revisions\/19097"}],"wp:attachment":[{"href":"https:\/\/seaberyat.com\/fr\/wp-json\/wp\/v2\/media?parent=10741"}],"curies":[{"name":"wp","href":"https:\/\/api.w.org\/{rel}","templated":true}]}}