{"id":92,"date":"2022-06-13T15:56:35","date_gmt":"2022-06-13T13:56:35","guid":{"rendered":"https:\/\/seaberyat.com\/?page_id=92"},"modified":"2026-03-31T13:01:21","modified_gmt":"2026-03-31T11:01:21","slug":"sobre-seabery","status":"publish","type":"page","link":"https:\/\/seaberyat.com\/es\/sobre-seabery\/","title":{"rendered":"SOBRE NOSOTROS"},"content":{"rendered":"<div class=\"wpb-content-wrapper\"><p>[vc_row full_width=&#8221;stretch_row&#8221; css=&#8221;.vc_custom_1774952184156{padding-top: 48px !important;background-color: #002550 !important;}&#8221;][vc_column][vc_column_text css=&#8221;&#8221;]<\/p>\n<h1><span style=\"color: #ffffff;\">Sobre nosotros<\/span><\/h1>\n<p><span style=\"color: #ffffff;\"><strong>Un grupo, una misi\u00f3n: transformar el mundo de la soldadura y la metalurgia mediante tecnolog\u00eda, ingenier\u00eda y formaci\u00f3n.<\/strong><\/span>[\/vc_column_text][\/vc_column][\/vc_row][vc_row full_width=&#8221;stretch_row&#8221; content_placement=&#8221;middle&#8221; css=&#8221;.vc_custom_1774952289191{background-color: #002550 !important;}&#8221;][vc_column width=&#8221;1\/2&#8243;][vc_single_image image=&#8221;22634&#8243; img_size=&#8221;large&#8221; alignment=&#8221;center&#8221; style=&#8221;vc_box_rounded&#8221; css=&#8221;&#8221;][\/vc_column][vc_column width=&#8221;1\/2&#8243;][vc_column_text css=&#8221;&#8221;]<span style=\"color: #ffffff;\">Seabery es un grupo tecnol\u00f3gico internacional nacido en Huelva y l\u00edder mundial en el desarrollo de soluciones avanzadas para la capacitaci\u00f3n t\u00e9cnica y la ingenier\u00eda aplicada a los procesos metal\u00fargicos y de soldadura. Nuestro prop\u00f3sito es com\u00fan a todas nuestras \u00e1reas: <strong>elevar la calidad, eficiencia y seguridad de la soldadura industrial a trav\u00e9s de tecnolog\u00eda propia, talento y conocimiento especializado<\/strong>.<\/span><\/p>\n<p><span style=\"color: #ffffff;\">Desde nuestros or\u00edgenes, hemos apostado por la innovaci\u00f3n, la especializaci\u00f3n y la aplicaci\u00f3n de tecnolog\u00edas disruptivas \u2014como la Realidad Aumentada, la simulaci\u00f3n avanzada y el gemelo digital\u2014 al mundo real de la soldadura y los procesos industriales. Esta visi\u00f3n nos ha llevado a convertirnos en un <strong>referente global<\/strong>, con presencia en m\u00e1s de 80 pa\u00edses y un crecimiento sostenido basado en investigaci\u00f3n, ingenier\u00eda y formaci\u00f3n de excelencia.<\/span>[\/vc_column_text][\/vc_column][\/vc_row][vc_row css=&#8221;.vc_custom_1774952764990{padding-bottom: px !important;}&#8221;][vc_column][vc_column_text css=&#8221;&#8221;]<\/p>\n<h2><span style=\"color: #ff6b00;\"><strong>Dos ramas de actividad con un mismo ADN t\u00e9cnico<\/strong><\/span><\/h2>\n<p><span style=\"color: #002550;\">El Grupo Seabery est\u00e1 estructurado en dos \u00e1reas de actividad completamente complementarias, que se retroalimentan entre s\u00ed y multiplican su impacto en la industria:<\/span>[\/vc_column_text][\/vc_column][\/vc_row][vc_row content_placement=&#8221;top&#8221; css=&#8221;.vc_custom_1774952772728{padding-top: px !important;}&#8221;][vc_column width=&#8221;1\/2&#8243;][vc_column_text css=&#8221;&#8221;]<\/p>\n<h3><span style=\"color: #002550;\"><strong>Seabery Augmented Technology &#8211; Soluciones educativas y simuladores de soldadura<\/strong><\/span><\/h3>\n<p><span style=\"color: #002550;\">Es la rama originaria del grupo y l\u00edder mundial en tecnolog\u00edas de simulaci\u00f3n con Realidad Aumentada para la formaci\u00f3n en soldadura. <\/span><\/p>\n<p><span style=\"color: #002550;\">Aqu\u00ed naci\u00f3 <strong>Soldamatic<\/strong>, el primer simulador de soldadura AR del mundo, que ha revolucionado el aprendizaje y la certificaci\u00f3n de soldadores, y que ha sido implantado en centros educativos y compa\u00f1\u00edas industriales en m\u00e1s de 80 pa\u00edses. Su tecnolog\u00eda patentada <strong>HyperReal-Sim\u2122<\/strong> ha sido reconocida internacionalmente y premiada por su impacto en la formaci\u00f3n t\u00e9cnica. <\/span><\/p>\n<p><span style=\"color: #002550;\">Desde esta plataforma tecnol\u00f3gica, Seabery ha ampliado su oferta a nuevas herramientas educativas: rob\u00f3tica de soldadura, STEM welding, simulaci\u00f3n de pintura industrial, gemelo digital aplicado al aprendizaje, sistemas de evaluaci\u00f3n y anal\u00edtica de desempe\u00f1o, entre otros.<\/span>[\/vc_column_text][\/vc_column][vc_column width=&#8221;1\/2&#8243;][vc_column_text css=&#8221;&#8221;]<\/p>\n<h3><span style=\"color: #002550;\"><strong>Seabery\u00a0Industrial &#8211; Metallurgical and Welding Engineering<\/strong><\/span><\/h3>\n<p><span style=\"color: #002550;\">Seabery Industrial es la rama m\u00e1s reciente del Grupo Seabery, creada para dar respuesta directa a la creciente demanda de <strong>soluciones de ingenier\u00eda avanzada en soldadura, metalurgia y procesos de fabricaci\u00f3n<\/strong> por parte de grandes compa\u00f1\u00edas industriales (ferroviario, naval, energ\u00eda, petroqu\u00edmica, nuclear, defensa, miner\u00eda, etc.).<\/span><\/p>\n<p><span style=\"color: #002550;\">Bas\u00e1ndose en el mismo conocimiento profundo y tecnolog\u00eda propia que hicieron posible Soldamatic, Seabery Industrial ofrece:<\/span><\/p>\n<ul>\n<li><strong>Ingenier\u00eda metal\u00fargica especializada<\/strong><\/li>\n<li><strong>Dise\u00f1o y optimizaci\u00f3n de procesos de soldadura<\/strong><\/li>\n<li><strong>Simulaci\u00f3n avanzada y gemelo digital aplicado a producci\u00f3n<\/strong><\/li>\n<li><strong>Industrializaci\u00f3n y validaci\u00f3n de uniones cr\u00edticas<\/strong><\/li>\n<li><strong>Control de calidad avanzado y monitorizaci\u00f3n de procesos (WIC)<\/strong><\/li>\n<li><strong>Desarrollo de configuraciones espec\u00edficas y aplicaci\u00f3n de tecnolog\u00edas l\u00e1ser e h\u00edbridas<\/strong><\/li>\n<li><strong>Formaci\u00f3n t\u00e9cnica aplicada a proyectos industriales reales<\/strong><\/li>\n<\/ul>\n<p>[\/vc_column_text][\/vc_column][\/vc_row][vc_row css=&#8221;.vc_custom_1774952764990{padding-bottom: px !important;}&#8221;][vc_column][vc_column_text css=&#8221;&#8221;]<span style=\"color: #002550;\">Esta divisi\u00f3n nace con un claro prop\u00f3sito: <strong>trasladar al entorno industrial real todo el know-how tecnol\u00f3gico acumulado por Seabery y llevar la soldadura a un nuevo est\u00e1ndar global de calidad, eficiencia y predictibilidad<\/strong>.<\/span>[\/vc_column_text][\/vc_column][\/vc_row][vc_row full_width=&#8221;stretch_row&#8221; css=&#8221;.vc_custom_1774952900404{background-color: #002550 !important;}&#8221;][vc_column][vc_column_text css=&#8221;&#8221;]<\/p>\n<h2><span style=\"color: #ff6b00;\"><strong>Un grupo con una historia inspiradora y un futuro com\u00fan<\/strong><\/span><\/h2>\n<p><span style=\"color: #ffffff;\">Seabery naci\u00f3 con una idea disruptiva en el \u201cgaraje\u201d de uno de sus fundadores, Basilio Marqu\u00ednez, que imagin\u00f3 c\u00f3mo la Realidad Aumentada pod\u00eda transformar una profesi\u00f3n milenaria como la soldadura. Con el apoyo de talento vinculado a la Universidad de Huelva y a\u00f1os de reinversi\u00f3n constante en I+D y desarrollo tecnol\u00f3gico, el proyecto creci\u00f3 hasta convertirse en una de las compa\u00f1\u00edas tecnol\u00f3gicas espa\u00f1olas con mayor proyecci\u00f3n internacional.<\/span><\/p>\n<p><span style=\"color: #ffffff;\">Hoy, con m\u00e1s de 20 nacionalidades en nuestro equipo y el respaldo de inversores de referencia como Seaya y MCH, continuamos avanzando con una estrategia clara: <strong>convertirnos en el grupo l\u00edder global en tecnolog\u00eda y servicios para el sector metal\u00fargico y de la soldadura, integrando educaci\u00f3n, ingenier\u00eda e innovaci\u00f3n industrial<\/strong>.<\/span>[\/vc_column_text][vc_column_text css=&#8221;&#8221;]<\/p>\n<h2><span style=\"color: #ff6b00;\"><strong>Sinergias que nos hacen \u00fanicos<\/strong><\/span><\/h2>\n<p><span style=\"color: #ffffff;\">La fortaleza del Grupo Seabery reside en la interconexi\u00f3n constante entre sus dos ramas: <\/span><\/p>\n<ul>\n<li><span style=\"color: #ffffff;\">La rama educativa aporta conocimiento, tecnolog\u00eda propietaria, simulaci\u00f3n avanzada, anal\u00edtica y metodolog\u00edas de aprendizaje. <\/span><\/li>\n<li><span style=\"color: #ffffff;\">La rama industrial aporta validaci\u00f3n en entornos reales, experiencia de campo, necesidades de ingenier\u00eda y exigencias de la producci\u00f3n cr\u00edtica.\u00a0<\/span><\/li>\n<\/ul>\n<p><span style=\"color: #ffffff;\">Juntas, ambas divisiones crean un ecosistema que <strong>acelera la innovaci\u00f3n, reduce la brecha entre capacitaci\u00f3n y producci\u00f3n, y aporta soluciones reales a los retos actuales y futuros de la industria global<\/strong>.<\/span>[\/vc_column_text][\/vc_column][\/vc_row][vc_row disable_element=&#8221;yes&#8221;][vc_column][\/vc_column][\/vc_row]<\/p>\n<\/div>","protected":false},"excerpt":{"rendered":"<p>[vc_row full_width=&#8221;stretch_row&#8221; css=&#8221;.vc_custom_1774952184156{padding-top: 48px !important;background-color: #002550 !important;}&#8221;][vc_column][vc_column_text css=&#8221;&#8221;] Sobre nosotros Un grupo, una misi\u00f3n: transformar el mundo de la soldadura y la metalurgia mediante tecnolog\u00eda, ingenier\u00eda y formaci\u00f3n.[\/vc_column_text][\/vc_column][\/vc_row][vc_row full_width=&#8221;stretch_row&#8221; content_placement=&#8221;middle&#8221; css=&#8221;.vc_custom_1774952289191{background-color: #002550 !important;}&#8221;][vc_column width=&#8221;1\/2&#8243;][vc_single_image image=&#8221;22634&#8243; img_size=&#8221;large&#8221; alignment=&#8221;center&#8221; style=&#8221;vc_box_rounded&#8221; css=&#8221;&#8221;][\/vc_column][vc_column width=&#8221;1\/2&#8243;][vc_column_text css=&#8221;&#8221;]Seabery es un grupo tecnol\u00f3gico internacional nacido en Huelva y l\u00edder mundial en el desarrollo&hellip;<\/p>\n","protected":false},"author":3,"featured_media":0,"parent":0,"menu_order":0,"comment_status":"closed","ping_status":"closed","template":"","meta":{"_acf_changed":false,"footnotes":""},"class_list":["post-92","page","type-page","status-publish","hentry","description-off"],"acf":[],"yoast_head":"<!-- This site is optimized with the Yoast SEO plugin v26.4 - https:\/\/yoast.com\/wordpress\/plugins\/seo\/ -->\n<title>SOBRE NOSOTROS | Seabery<\/title>\n<meta name=\"description\" content=\"Seabery Augmented Technology es la empresa l\u00edder mundial en el desarrollo de soluciones educativas por simulaci\u00f3n con tecnolog\u00eda de Realidad Aumentada.\" \/>\n<meta name=\"robots\" content=\"index, follow, max-snippet:-1, max-image-preview:large, max-video-preview:-1\" \/>\n<link rel=\"canonical\" href=\"https:\/\/seaberyat.com\/es\/sobre-seabery\/\" \/>\n<meta property=\"og:locale\" content=\"es_ES\" \/>\n<meta property=\"og:type\" content=\"article\" \/>\n<meta property=\"og:title\" content=\"SOBRE NOSOTROS | Seabery\" \/>\n<meta property=\"og:description\" content=\"Seabery Augmented Technology es la empresa l\u00edder mundial en el desarrollo de soluciones educativas por simulaci\u00f3n con tecnolog\u00eda de Realidad Aumentada.\" \/>\n<meta property=\"og:url\" content=\"https:\/\/seaberyat.com\/es\/sobre-seabery\/\" \/>\n<meta property=\"og:site_name\" content=\"Seabery\" \/>\n<meta property=\"article:publisher\" content=\"https:\/\/www.facebook.com\/SeaberyAugmentedTechnology\/\" \/>\n<meta property=\"article:modified_time\" content=\"2026-03-31T11:01:21+00:00\" \/>\n<meta name=\"twitter:card\" content=\"summary_large_image\" \/>\n<meta name=\"twitter:site\" content=\"@Seabery\" \/>\n<meta name=\"twitter:label1\" content=\"Tiempo de lectura\" \/>\n\t<meta name=\"twitter:data1\" content=\"4 minutos\" \/>\n<script type=\"application\/ld+json\" class=\"yoast-schema-graph\">{\"@context\":\"https:\/\/schema.org\",\"@graph\":[{\"@type\":\"WebPage\",\"@id\":\"https:\/\/seaberyat.com\/es\/sobre-seabery\/\",\"url\":\"https:\/\/seaberyat.com\/es\/sobre-seabery\/\",\"name\":\"SOBRE NOSOTROS | Seabery\",\"isPartOf\":{\"@id\":\"https:\/\/seaberyat.com\/es\/#website\"},\"datePublished\":\"2022-06-13T13:56:35+00:00\",\"dateModified\":\"2026-03-31T11:01:21+00:00\",\"description\":\"Seabery Augmented Technology es la empresa l\u00edder mundial en el desarrollo de soluciones educativas por simulaci\u00f3n con tecnolog\u00eda de Realidad Aumentada.\",\"breadcrumb\":{\"@id\":\"https:\/\/seaberyat.com\/es\/sobre-seabery\/#breadcrumb\"},\"inLanguage\":\"es\",\"potentialAction\":[{\"@type\":\"ReadAction\",\"target\":[\"https:\/\/seaberyat.com\/es\/sobre-seabery\/\"]}]},{\"@type\":\"BreadcrumbList\",\"@id\":\"https:\/\/seaberyat.com\/es\/sobre-seabery\/#breadcrumb\",\"itemListElement\":[{\"@type\":\"ListItem\",\"position\":1,\"name\":\"Home\",\"item\":\"https:\/\/seaberyat.com\/es\/\"},{\"@type\":\"ListItem\",\"position\":2,\"name\":\"SOBRE NOSOTROS\"}]},{\"@type\":\"WebSite\",\"@id\":\"https:\/\/seaberyat.com\/es\/#website\",\"url\":\"https:\/\/seaberyat.com\/es\/\",\"name\":\"Seabery\",\"description\":\"Seabery\",\"publisher\":{\"@id\":\"https:\/\/seaberyat.com\/es\/#organization\"},\"potentialAction\":[{\"@type\":\"SearchAction\",\"target\":{\"@type\":\"EntryPoint\",\"urlTemplate\":\"https:\/\/seaberyat.com\/es\/?s={search_term_string}\"},\"query-input\":{\"@type\":\"PropertyValueSpecification\",\"valueRequired\":true,\"valueName\":\"search_term_string\"}}],\"inLanguage\":\"es\"},{\"@type\":\"Organization\",\"@id\":\"https:\/\/seaberyat.com\/es\/#organization\",\"name\":\"Seaberyat\",\"url\":\"https:\/\/seaberyat.com\/es\/\",\"logo\":{\"@type\":\"ImageObject\",\"inLanguage\":\"es\",\"@id\":\"https:\/\/seaberyat.com\/es\/#\/schema\/logo\/image\/\",\"url\":\"https:\/\/seaberyat.com\/wp-content\/uploads\/2022\/10\/Recurso-1@4x.png\",\"contentUrl\":\"https:\/\/seaberyat.com\/wp-content\/uploads\/2022\/10\/Recurso-1@4x.png\",\"width\":2182,\"height\":644,\"caption\":\"Seaberyat\"},\"image\":{\"@id\":\"https:\/\/seaberyat.com\/es\/#\/schema\/logo\/image\/\"},\"sameAs\":[\"https:\/\/www.facebook.com\/SeaberyAugmentedTechnology\/\",\"https:\/\/x.com\/Seabery\"]}]}<\/script>\n<!-- \/ Yoast SEO plugin. -->","yoast_head_json":{"title":"SOBRE NOSOTROS | Seabery","description":"Seabery Augmented Technology es la empresa l\u00edder mundial en el desarrollo de soluciones educativas por simulaci\u00f3n con tecnolog\u00eda de Realidad Aumentada.","robots":{"index":"index","follow":"follow","max-snippet":"max-snippet:-1","max-image-preview":"max-image-preview:large","max-video-preview":"max-video-preview:-1"},"canonical":"https:\/\/seaberyat.com\/es\/sobre-seabery\/","og_locale":"es_ES","og_type":"article","og_title":"SOBRE NOSOTROS | Seabery","og_description":"Seabery Augmented Technology es la empresa l\u00edder mundial en el desarrollo de soluciones educativas por simulaci\u00f3n con tecnolog\u00eda de Realidad Aumentada.","og_url":"https:\/\/seaberyat.com\/es\/sobre-seabery\/","og_site_name":"Seabery","article_publisher":"https:\/\/www.facebook.com\/SeaberyAugmentedTechnology\/","article_modified_time":"2026-03-31T11:01:21+00:00","twitter_card":"summary_large_image","twitter_site":"@Seabery","twitter_misc":{"Tiempo de lectura":"4 minutos"},"schema":{"@context":"https:\/\/schema.org","@graph":[{"@type":"WebPage","@id":"https:\/\/seaberyat.com\/es\/sobre-seabery\/","url":"https:\/\/seaberyat.com\/es\/sobre-seabery\/","name":"SOBRE NOSOTROS | Seabery","isPartOf":{"@id":"https:\/\/seaberyat.com\/es\/#website"},"datePublished":"2022-06-13T13:56:35+00:00","dateModified":"2026-03-31T11:01:21+00:00","description":"Seabery Augmented Technology es la empresa l\u00edder mundial en el desarrollo de soluciones educativas por simulaci\u00f3n con tecnolog\u00eda de Realidad Aumentada.","breadcrumb":{"@id":"https:\/\/seaberyat.com\/es\/sobre-seabery\/#breadcrumb"},"inLanguage":"es","potentialAction":[{"@type":"ReadAction","target":["https:\/\/seaberyat.com\/es\/sobre-seabery\/"]}]},{"@type":"BreadcrumbList","@id":"https:\/\/seaberyat.com\/es\/sobre-seabery\/#breadcrumb","itemListElement":[{"@type":"ListItem","position":1,"name":"Home","item":"https:\/\/seaberyat.com\/es\/"},{"@type":"ListItem","position":2,"name":"SOBRE NOSOTROS"}]},{"@type":"WebSite","@id":"https:\/\/seaberyat.com\/es\/#website","url":"https:\/\/seaberyat.com\/es\/","name":"Seabery","description":"Seabery","publisher":{"@id":"https:\/\/seaberyat.com\/es\/#organization"},"potentialAction":[{"@type":"SearchAction","target":{"@type":"EntryPoint","urlTemplate":"https:\/\/seaberyat.com\/es\/?s={search_term_string}"},"query-input":{"@type":"PropertyValueSpecification","valueRequired":true,"valueName":"search_term_string"}}],"inLanguage":"es"},{"@type":"Organization","@id":"https:\/\/seaberyat.com\/es\/#organization","name":"Seaberyat","url":"https:\/\/seaberyat.com\/es\/","logo":{"@type":"ImageObject","inLanguage":"es","@id":"https:\/\/seaberyat.com\/es\/#\/schema\/logo\/image\/","url":"https:\/\/seaberyat.com\/wp-content\/uploads\/2022\/10\/Recurso-1@4x.png","contentUrl":"https:\/\/seaberyat.com\/wp-content\/uploads\/2022\/10\/Recurso-1@4x.png","width":2182,"height":644,"caption":"Seaberyat"},"image":{"@id":"https:\/\/seaberyat.com\/es\/#\/schema\/logo\/image\/"},"sameAs":["https:\/\/www.facebook.com\/SeaberyAugmentedTechnology\/","https:\/\/x.com\/Seabery"]}]}},"_links":{"self":[{"href":"https:\/\/seaberyat.com\/es\/wp-json\/wp\/v2\/pages\/92","targetHints":{"allow":["GET"]}}],"collection":[{"href":"https:\/\/seaberyat.com\/es\/wp-json\/wp\/v2\/pages"}],"about":[{"href":"https:\/\/seaberyat.com\/es\/wp-json\/wp\/v2\/types\/page"}],"author":[{"embeddable":true,"href":"https:\/\/seaberyat.com\/es\/wp-json\/wp\/v2\/users\/3"}],"replies":[{"embeddable":true,"href":"https:\/\/seaberyat.com\/es\/wp-json\/wp\/v2\/comments?post=92"}],"version-history":[{"count":5,"href":"https:\/\/seaberyat.com\/es\/wp-json\/wp\/v2\/pages\/92\/revisions"}],"predecessor-version":[{"id":22646,"href":"https:\/\/seaberyat.com\/es\/wp-json\/wp\/v2\/pages\/92\/revisions\/22646"}],"wp:attachment":[{"href":"https:\/\/seaberyat.com\/es\/wp-json\/wp\/v2\/media?parent=92"}],"curies":[{"name":"wp","href":"https:\/\/api.w.org\/{rel}","templated":true}]}}