{"id":40,"date":"2022-06-13T12:47:18","date_gmt":"2022-06-13T10:47:18","guid":{"rendered":"https:\/\/seaberyat.com\/?page_id=40"},"modified":"2025-04-11T15:48:51","modified_gmt":"2025-04-11T13:48:51","slug":"prime-soldamatic","status":"publish","type":"page","link":"https:\/\/seaberyat.com\/es\/prime-soldamatic\/","title":{"rendered":"PRIME &#8211; SOLDAMATIC"},"content":{"rendered":"<div class=\"wpb-content-wrapper\"><p>[vc_row full_width=&#8221;stretch_row_content&#8221; full_height=&#8221;yes&#8221; content_placement=&#8221;middle&#8221; bg_type=&#8221;video&#8221; video_url=&#8221;https:\/\/seaberyat.com\/wp-content\/uploads\/2022\/07\/SOLDAMATIC-PRIME_CABECERA.mp4&#8243; video_opts=&#8221;loop,muted&#8221; video_poster=&#8221;id^9349|url^https:\/\/seaberyat.com\/wp-content\/uploads\/2022\/10\/prime-responsive.jpg|caption^null|alt^null|title^prime-responsive|description^null&#8221; enable_overlay=&#8221;enable_overlay_value&#8221; overlay_color=&#8221;#002550&#8243; overlay_pattern=&#8221;transperant&#8221; overlay_pattern_opacity=&#8221;60&#8243; el_class=&#8221;video-home-wrap&#8221; css=&#8221;.vc_custom_1666612438002{padding-top: 15vh !important;}&#8221;][vc_column][vc_column_text]<\/p>\n<h1 style=\"text-align: center;\"><span style=\"color: #ffffff;\">Lleva tu soldadura al siguiente nivel <\/span><span style=\"color: #ffffff;\">con Soldamatic PRIME<\/span><\/h1>\n<p>[\/vc_column_text][vc_icon type=&#8221;material&#8221; icon_material=&#8221;vc-material vc-material-play_arrow&#8221; color=&#8221;custom&#8221; background_style=&#8221;rounded&#8221; background_color=&#8221;custom&#8221; align=&#8221;center&#8221; custom_color=&#8221;#ff6b00&#8243; custom_background_color=&#8221;rgba(255,255,255,0.01)&#8221; el_class=&#8221;btn-video&#8221; el_id=&#8221;btn-play-soldamatic-prime&#8221;][vc_column_text el_id=&#8221;cta-video-soldamatic-prime&#8221; el_class=&#8221;cta-descubrelo&#8221;]<\/p>\n<div id=\"cta-play\" class=\"cta-video\">\u00a1Desc\u00fabrelo!<\/div>\n<p>[\/vc_column_text][vc_row_inner content_placement=&#8221;middle&#8221; css=&#8221;.vc_custom_1655286241816{margin-top: 30vh !important;border-top-width: 2px !important;padding-top: 24px !important;padding-bottom: 24px !important;background-color: #002550 !important;border-top-color: #ff6b00 !important;border-top-style: solid !important;}&#8221; el_class=&#8221;at-augmented&#8221;][vc_column_inner width=&#8221;1\/5&#8243; offset=&#8221;vc_hidden-xs&#8221;][vc_single_image image=&#8221;125&#8243; img_size=&#8221;full&#8221; alignment=&#8221;center&#8221; css_animation=&#8221;none&#8221; el_class=&#8221;linea-fondo&#8221; el_id=&#8221;linea-fondo&#8221;][\/vc_column_inner][vc_column_inner width=&#8221;1\/5&#8243;][vc_single_image image=&#8221;18783&#8243; img_size=&#8221;medium&#8221; alignment=&#8221;center&#8221; css=&#8221;&#8221;][\/vc_column_inner][vc_column_inner width=&#8221;2\/5&#8243;][vc_column_text]<\/p>\n<h2><span style=\"color: #ffffff;\">Soldamatic PRIME<\/span><\/h2>\n<p><span style=\"color: #ffffff;\">Soldamatic Prime es una suscripci\u00f3n que incluye un conjunto de servicios y beneficios que se incluyen en las licencias avanzadas y que pueden a\u00f1adirse a todas las licencias de por vida. Es la forma perfecta de mantener su sistema siempre actualizado con las \u00faltimas funcionalidades.<\/span>[\/vc_column_text][\/vc_column_inner][vc_column_inner width=&#8221;1\/5&#8243; offset=&#8221;vc_hidden-xs&#8221;][\/vc_column_inner][\/vc_row_inner][\/vc_column][\/vc_row][vc_row el_class=&#8221;video-modal&#8221; css=&#8221;.vc_custom_1657099378374{margin-top: 0px !important;margin-right: 0px !important;margin-bottom: 0px !important;margin-left: 0px !important;padding-top: 0px !important;padding-right: 0px !important;padding-bottom: 0px !important;padding-left: 0px !important;}&#8221; el_id=&#8221;video-modal-soldamatic-prime&#8221;][vc_column css=&#8221;.vc_custom_1655291607691{padding-top: 0px !important;padding-right: 0px !important;padding-bottom: 0px !important;padding-left: 0px !important;}&#8221;][\/vc_column][\/vc_row][vc_row][vc_column][vc_raw_js]JTNDc2NyaXB0JTNFJTBBJTBBdmFyJTIwdmlkZW8lM0QlMjBkb2N1bWVudC5nZXRFbGVtZW50QnlJZCUyOCUyMnZpZGVvLW1vZGFsLXNvbGRhbWF0aWMtcHJpbWUlMjIlMjklM0IlMEElMEFkb2N1bWVudC5nZXRFbGVtZW50QnlJZCUyOCUyMmJ0bi1wbGF5LXNvbGRhbWF0aWMtcHJpbWUlMjIlMjkuYWRkRXZlbnRMaXN0ZW5lciUyOCUyMmNsaWNrJTIyJTJDJTIwc2hvd1ZpZGVvJTI5JTNCJTBBZG9jdW1lbnQuZ2V0RWxlbWVudEJ5SWQlMjglMjJjdGEtdmlkZW8tc29sZGFtYXRpYy1wcmltZSUyMiUyOS5hZGRFdmVudExpc3RlbmVyJTI4JTIyY2xpY2slMjIlMkMlMjBzaG93VmlkZW8lMjklM0IlMEElMEFmdW5jdGlvbiUyMHNob3dWaWRlbyUyOCUyOSU3QiUwQSUwQXZpZGVvLmlubmVySFRNTCUyMCUzRCUyMCUyMCUyNyUzQ2RpdiUyMGNsYXNzJTNEJTIydmlkZW8taWZyYW1lJTIyJTNFJTNDc3BhbiUyMGNsYXNzJTNEJTIyY2xvc2UlMjIlMjBvbmNsaWNrJTNEJTIyY2xvc2VWaWRlbyUyOCUyOSUyMiUzRVglM0MlMkZzcGFuJTNFJTNDaWZyYW1lJTIwc3R5bGUlM0QlMjJwYWRkaW5nLXRvcCUzQSUyMDUlMjUlM0IlMjIlMjB3aWR0aCUzRCUyMjU2MCUyMiUyMGhlaWdodCUzRCUyMjMxNSUyMiUyMHNyYyUzRCUyMmh0dHBzJTNBJTJGJTJGd3d3LnlvdXR1YmUuY29tJTJGZW1iZWQlMkZJWExQNmRTZ3QzYyUzRnNpJTNETTdDaUdRcDU5X1pnZ2E5USUyMiUyMHRpdGxlJTNEJTIyWW91VHViZSUyMHZpZGVvJTIwcGxheWVyJTIyJTIwZnJhbWVib3JkZXIlM0QlMjIwJTIyJTIwYWxsb3clM0QlMjJhY2NlbGVyb21ldGVyJTNCJTIwYXV0b3BsYXklM0IlMjBjbGlwYm9hcmQtd3JpdGUlM0IlMjBlbmNyeXB0ZWQtbWVkaWElM0IlMjBneXJvc2NvcGUlM0IlMjBwaWN0dXJlLWluLXBpY3R1cmUlM0IlMjB3ZWItc2hhcmUlMjIlMjByZWZlcnJlcnBvbGljeSUzRCUyMnN0cmljdC1vcmlnaW4td2hlbi1jcm9zcy1vcmlnaW4lMjIlMjBhbGxvd2Z1bGxzY3JlZW4lM0UlM0MlMkZpZnJhbWUlM0UlMjclM0IlMEElN0QlMEElMEElMEElM0MlMkZzY3JpcHQlM0U=[\/vc_raw_js][\/vc_column][\/vc_row][vc_row full_width=&#8221;stretch_row_content&#8221; gap=&#8221;30&#8243; css=&#8221;.vc_custom_1656344732972{margin-top: 48px !important;margin-bottom: 48px !important;}&#8221;][vc_column width=&#8221;2\/12&#8243; offset=&#8221;vc_hidden-xs&#8221;][\/vc_column][vc_column width=&#8221;4\/12&#8243;][vc_column_text css=&#8221;.vc_custom_1656344541107{margin-top: 24px !important;}&#8221;]<\/p>\n<h3><span style=\"color: #002550;\">Ventajas<\/span><\/h3>\n<p><span style=\"color: #002550;\">Tanto si ya eres usuario de Soldamatic, como si est\u00e1s pensando en incorporarlo a tu formaci\u00f3n, Soldamatic Prime te dar\u00e1 acceso a diferentes ventajas como la actualizaci\u00f3n de tu licencia a Avanzada.<\/span><\/p>\n<p><span style=\"color: #002550;\">La licencia Avanzada permite la formaci\u00f3n para diferentes verticales. Prep\u00e1rese para los requisitos de la industria con las piezas de soldadura avanzada (AWM), dise\u00f1adas espec\u00edficamente para diferentes sectores industriales como el de la automoci\u00f3n, el ferroviario y la maquinaria pesada, el de la construcci\u00f3n naval o el del petr\u00f3leo y el gas.<\/span>[\/vc_column_text][\/vc_column][vc_column width=&#8221;4\/12&#8243;][vc_single_image image=&#8221;6333&#8243; img_size=&#8221;full&#8221; alignment=&#8221;center&#8221;][\/vc_column][vc_column width=&#8221;2\/12&#8243; offset=&#8221;vc_hidden-xs&#8221;][\/vc_column][\/vc_row][vc_row full_width=&#8221;stretch_row_content&#8221; gap=&#8221;30&#8243; content_placement=&#8221;top&#8221; css=&#8221;.vc_custom_1656345241090{border-bottom-width: 5px !important;padding-right: 5vw !important;padding-left: 5vw !important;background-color: #f2f2f2 !important;border-bottom-color: #ff6b00 !important;border-bottom-style: solid !important;}&#8221;][vc_column width=&#8221;6\/12&#8243;][vc_single_image image=&#8221;6336&#8243; img_size=&#8221;full&#8221; alignment=&#8221;right&#8221;][vc_single_image image=&#8221;18810&#8243; img_size=&#8221;medium&#8221; alignment=&#8221;center&#8221; css=&#8221;&#8221;][\/vc_column][vc_column width=&#8221;5\/12&#8243;][vc_column_text css=&#8221;.vc_custom_1656345011427{margin-top: 96px !important;}&#8221;]<\/p>\n<h3><span style=\"color: #002550;\">Caracter\u00edsticas<br \/>\navanzadas de soldadura<\/span><\/h3>\n<p><span style=\"color: #002550;\">Los soldadores avanzados pueden entrenarse con caracter\u00edsticas espec\u00edficas de soldadura avanzada como el arco pulsado, la ra\u00edz abierta, la soldadura de esquinas, la posici\u00f3n 6GR y diferentes programas en tubos.<\/span><\/p>\n<p><span style=\"color: #002550;\">Adem\u00e1s, con la licencia Avanzada puedes elegir diferentes espesores, m\u00faltiples cordones de soldadura y diferentes procesos en la misma uni\u00f3n de soldadura.<\/span>[\/vc_column_text][\/vc_column][vc_column width=&#8221;1\/12&#8243;][vc_single_image image=&#8221;6299&#8243; img_size=&#8221;full&#8221; alignment=&#8221;center&#8221; el_class=&#8221;detail-back-soldadura&#8221;][\/vc_column][\/vc_row][vc_row content_placement=&#8221;middle&#8221; css=&#8221;.vc_custom_1662462362577{margin-top: 96px !important;margin-bottom: 48px !important;}&#8221;][vc_column width=&#8221;1\/12&#8243; offset=&#8221;vc_hidden-sm vc_hidden-xs&#8221;][vc_single_image image=&#8221;6750&#8243; img_size=&#8221;full&#8221; alignment=&#8221;center&#8221;][\/vc_column][vc_column width=&#8221;5\/12&#8243;][vc_column_text]<\/p>\n<h3><span style=\"color: #ff6b00;\">\u00bfQu\u00e9 incluye?<\/span><\/h3>\n<p><span style=\"color: #002550;\">Con Soldamatic Prime, recibir\u00e1s una pieza de soldadura Avanzada, actualizaciones gratuitas de las nuevas versiones del software y descuentos en todos los pr\u00f3ximos art\u00edculos de hardware gracias al <span style=\"color: #ff6b00;\"><strong><span style=\"text-decoration: underline;\">\u201cRenewal Plan\u201d<\/span><\/strong><\/span>. Adem\u00e1s, podr\u00e1s acceder a los Cursos Internacionales de Soldadura y al servicio de digitalizaci\u00f3n de contenidos de formaci\u00f3n por parte de un experto de Soldamatic, as\u00ed como a la opci\u00f3n de conectividad en la nube.<\/span>[\/vc_column_text][\/vc_column][vc_column width=&#8221;5\/12&#8243; css=&#8221;.vc_custom_1695985837834{background-image: url(https:\/\/seaberyat.com\/wp-content\/uploads\/2023\/09\/Soldamatic-Prime-5.0.png?id=14471) !important;background-position: center !important;background-repeat: no-repeat !important;background-size: cover !important;}&#8221; el_class=&#8221;back-rounded&#8221;][vc_column_text]<\/p>\n<p>&nbsp;<\/p>\n<p>&nbsp;<\/p>\n<p>&nbsp;<\/p>\n<p>&nbsp;<\/p>\n<p>&nbsp;<\/p>\n<p>&nbsp;<\/p>\n<p>[\/vc_column_text][\/vc_column][\/vc_row][vc_row css=&#8221;.vc_custom_1656401038842{margin-bottom: 96px !important;}&#8221;][vc_column][vc_column_text css=&#8221;.vc_custom_1656400983371{border-top-width: 1px !important;border-right-width: 1px !important;border-bottom-width: 1px !important;border-left-width: 1px !important;padding-top: 9px !important;padding-right: 48px !important;padding-bottom: 9px !important;padding-left: 48px !important;border-left-color: #ff6b00 !important;border-left-style: solid !important;border-right-color: #ff6b00 !important;border-right-style: solid !important;border-top-color: #ff6b00 !important;border-top-style: solid !important;border-bottom-color: #ff6b00 !important;border-bottom-style: solid !important;border-radius: 10px !important;}&#8221;]<\/p>\n<p style=\"text-align: center;\"><span style=\"color: #002550;\"><strong>Si ya eres usuario de Soldamatic, puedes actualizar tu versi\u00f3n al \u00faltimo software.<\/strong><\/span><\/p>\n<p>[\/vc_column_text][vc_column_text]<\/p>\n<h2 style=\"text-align: center;\"><span style=\"color: #ff6b00;\">Contacta a tu distribuidor y lleva<\/span><br \/>\n<span style=\"color: #ff6b00;\">tu soldadura al siguiente nivel.<\/span><\/h2>\n<p>[\/vc_column_text][\/vc_column][\/vc_row]<\/p>\n<\/div>","protected":false},"excerpt":{"rendered":"<p>[vc_row full_width=&#8221;stretch_row_content&#8221; full_height=&#8221;yes&#8221; content_placement=&#8221;middle&#8221; bg_type=&#8221;video&#8221; video_url=&#8221;https:\/\/seaberyat.com\/wp-content\/uploads\/2022\/07\/SOLDAMATIC-PRIME_CABECERA.mp4&#8243; video_opts=&#8221;loop,muted&#8221; video_poster=&#8221;id^9349|url^https:\/\/seaberyat.com\/wp-content\/uploads\/2022\/10\/prime-responsive.jpg|caption^null|alt^null|title^prime-responsive|description^null&#8221; enable_overlay=&#8221;enable_overlay_value&#8221; overlay_color=&#8221;#002550&#8243; overlay_pattern=&#8221;transperant&#8221; overlay_pattern_opacity=&#8221;60&#8243; el_class=&#8221;video-home-wrap&#8221; css=&#8221;.vc_custom_1666612438002{padding-top: 15vh !important;}&#8221;][vc_column][vc_column_text] Lleva tu soldadura al siguiente nivel con Soldamatic PRIME [\/vc_column_text][vc_icon type=&#8221;material&#8221; icon_material=&#8221;vc-material vc-material-play_arrow&#8221; color=&#8221;custom&#8221; background_style=&#8221;rounded&#8221; background_color=&#8221;custom&#8221; align=&#8221;center&#8221; custom_color=&#8221;#ff6b00&#8243; custom_background_color=&#8221;rgba(255,255,255,0.01)&#8221; el_class=&#8221;btn-video&#8221; el_id=&#8221;btn-play-soldamatic-prime&#8221;][vc_column_text el_id=&#8221;cta-video-soldamatic-prime&#8221; el_class=&#8221;cta-descubrelo&#8221;] \u00a1Desc\u00fabrelo! [\/vc_column_text][vc_row_inner content_placement=&#8221;middle&#8221; css=&#8221;.vc_custom_1655286241816{margin-top: 30vh !important;border-top-width: 2px !important;padding-top: 24px !important;padding-bottom: 24px !important;background-color: #002550 !important;border-top-color: #ff6b00 !important;border-top-style:&hellip;<\/p>\n","protected":false},"author":3,"featured_media":0,"parent":0,"menu_order":0,"comment_status":"closed","ping_status":"closed","template":"","meta":{"_acf_changed":false,"footnotes":""},"class_list":["post-40","page","type-page","status-publish","hentry","description-off"],"acf":[],"yoast_head":"<!-- This site is optimized with the Yoast SEO plugin v26.4 - https:\/\/yoast.com\/wordpress\/plugins\/seo\/ -->\n<title>Prime - Soldamatic, Suscripci\u00f3n de servicios exclusivos | Seabery<\/title>\n<meta name=\"description\" content=\"Soldamatic Prime es una suscripci\u00f3n que incluye un conjunto de servicios y beneficios que se incluyen en las licencias avanzadas.\" \/>\n<meta name=\"robots\" content=\"index, follow, max-snippet:-1, max-image-preview:large, max-video-preview:-1\" \/>\n<link rel=\"canonical\" href=\"https:\/\/seaberyat.com\/es\/prime-soldamatic\/\" \/>\n<meta property=\"og:locale\" content=\"es_ES\" \/>\n<meta property=\"og:type\" content=\"article\" \/>\n<meta property=\"og:title\" content=\"Prime - Soldamatic, Suscripci\u00f3n de servicios exclusivos | Seabery\" \/>\n<meta property=\"og:description\" content=\"Soldamatic Prime es una suscripci\u00f3n que incluye un conjunto de servicios y beneficios que se incluyen en las licencias avanzadas.\" \/>\n<meta property=\"og:url\" content=\"https:\/\/seaberyat.com\/es\/prime-soldamatic\/\" \/>\n<meta property=\"og:site_name\" content=\"Seabery\" \/>\n<meta property=\"article:publisher\" content=\"https:\/\/www.facebook.com\/SeaberyAugmentedTechnology\/\" \/>\n<meta property=\"article:modified_time\" content=\"2025-04-11T13:48:51+00:00\" \/>\n<meta name=\"twitter:card\" content=\"summary_large_image\" \/>\n<meta name=\"twitter:site\" content=\"@Seabery\" \/>\n<meta name=\"twitter:label1\" content=\"Tiempo de lectura\" \/>\n\t<meta name=\"twitter:data1\" content=\"4 minutos\" \/>\n<script type=\"application\/ld+json\" class=\"yoast-schema-graph\">{\"@context\":\"https:\/\/schema.org\",\"@graph\":[{\"@type\":\"WebPage\",\"@id\":\"https:\/\/seaberyat.com\/es\/prime-soldamatic\/\",\"url\":\"https:\/\/seaberyat.com\/es\/prime-soldamatic\/\",\"name\":\"Prime - Soldamatic, Suscripci\u00f3n de servicios exclusivos | Seabery\",\"isPartOf\":{\"@id\":\"https:\/\/seaberyat.com\/es\/#website\"},\"datePublished\":\"2022-06-13T10:47:18+00:00\",\"dateModified\":\"2025-04-11T13:48:51+00:00\",\"description\":\"Soldamatic Prime es una suscripci\u00f3n que incluye un conjunto de servicios y beneficios que se incluyen en las licencias avanzadas.\",\"breadcrumb\":{\"@id\":\"https:\/\/seaberyat.com\/es\/prime-soldamatic\/#breadcrumb\"},\"inLanguage\":\"es\",\"potentialAction\":[{\"@type\":\"ReadAction\",\"target\":[\"https:\/\/seaberyat.com\/es\/prime-soldamatic\/\"]}]},{\"@type\":\"BreadcrumbList\",\"@id\":\"https:\/\/seaberyat.com\/es\/prime-soldamatic\/#breadcrumb\",\"itemListElement\":[{\"@type\":\"ListItem\",\"position\":1,\"name\":\"Home\",\"item\":\"https:\/\/seaberyat.com\/es\/\"},{\"@type\":\"ListItem\",\"position\":2,\"name\":\"PRIME &#8211; SOLDAMATIC\"}]},{\"@type\":\"WebSite\",\"@id\":\"https:\/\/seaberyat.com\/es\/#website\",\"url\":\"https:\/\/seaberyat.com\/es\/\",\"name\":\"Seabery\",\"description\":\"Seabery\",\"publisher\":{\"@id\":\"https:\/\/seaberyat.com\/es\/#organization\"},\"potentialAction\":[{\"@type\":\"SearchAction\",\"target\":{\"@type\":\"EntryPoint\",\"urlTemplate\":\"https:\/\/seaberyat.com\/es\/?s={search_term_string}\"},\"query-input\":{\"@type\":\"PropertyValueSpecification\",\"valueRequired\":true,\"valueName\":\"search_term_string\"}}],\"inLanguage\":\"es\"},{\"@type\":\"Organization\",\"@id\":\"https:\/\/seaberyat.com\/es\/#organization\",\"name\":\"Seaberyat\",\"url\":\"https:\/\/seaberyat.com\/es\/\",\"logo\":{\"@type\":\"ImageObject\",\"inLanguage\":\"es\",\"@id\":\"https:\/\/seaberyat.com\/es\/#\/schema\/logo\/image\/\",\"url\":\"https:\/\/seaberyat.com\/wp-content\/uploads\/2022\/10\/Recurso-1@4x.png\",\"contentUrl\":\"https:\/\/seaberyat.com\/wp-content\/uploads\/2022\/10\/Recurso-1@4x.png\",\"width\":2182,\"height\":644,\"caption\":\"Seaberyat\"},\"image\":{\"@id\":\"https:\/\/seaberyat.com\/es\/#\/schema\/logo\/image\/\"},\"sameAs\":[\"https:\/\/www.facebook.com\/SeaberyAugmentedTechnology\/\",\"https:\/\/x.com\/Seabery\"]}]}<\/script>\n<!-- \/ Yoast SEO plugin. -->","yoast_head_json":{"title":"Prime - Soldamatic, Suscripci\u00f3n de servicios exclusivos | Seabery","description":"Soldamatic Prime es una suscripci\u00f3n que incluye un conjunto de servicios y beneficios que se incluyen en las licencias avanzadas.","robots":{"index":"index","follow":"follow","max-snippet":"max-snippet:-1","max-image-preview":"max-image-preview:large","max-video-preview":"max-video-preview:-1"},"canonical":"https:\/\/seaberyat.com\/es\/prime-soldamatic\/","og_locale":"es_ES","og_type":"article","og_title":"Prime - Soldamatic, Suscripci\u00f3n de servicios exclusivos | Seabery","og_description":"Soldamatic Prime es una suscripci\u00f3n que incluye un conjunto de servicios y beneficios que se incluyen en las licencias avanzadas.","og_url":"https:\/\/seaberyat.com\/es\/prime-soldamatic\/","og_site_name":"Seabery","article_publisher":"https:\/\/www.facebook.com\/SeaberyAugmentedTechnology\/","article_modified_time":"2025-04-11T13:48:51+00:00","twitter_card":"summary_large_image","twitter_site":"@Seabery","twitter_misc":{"Tiempo de lectura":"4 minutos"},"schema":{"@context":"https:\/\/schema.org","@graph":[{"@type":"WebPage","@id":"https:\/\/seaberyat.com\/es\/prime-soldamatic\/","url":"https:\/\/seaberyat.com\/es\/prime-soldamatic\/","name":"Prime - Soldamatic, Suscripci\u00f3n de servicios exclusivos | Seabery","isPartOf":{"@id":"https:\/\/seaberyat.com\/es\/#website"},"datePublished":"2022-06-13T10:47:18+00:00","dateModified":"2025-04-11T13:48:51+00:00","description":"Soldamatic Prime es una suscripci\u00f3n que incluye un conjunto de servicios y beneficios que se incluyen en las licencias avanzadas.","breadcrumb":{"@id":"https:\/\/seaberyat.com\/es\/prime-soldamatic\/#breadcrumb"},"inLanguage":"es","potentialAction":[{"@type":"ReadAction","target":["https:\/\/seaberyat.com\/es\/prime-soldamatic\/"]}]},{"@type":"BreadcrumbList","@id":"https:\/\/seaberyat.com\/es\/prime-soldamatic\/#breadcrumb","itemListElement":[{"@type":"ListItem","position":1,"name":"Home","item":"https:\/\/seaberyat.com\/es\/"},{"@type":"ListItem","position":2,"name":"PRIME &#8211; SOLDAMATIC"}]},{"@type":"WebSite","@id":"https:\/\/seaberyat.com\/es\/#website","url":"https:\/\/seaberyat.com\/es\/","name":"Seabery","description":"Seabery","publisher":{"@id":"https:\/\/seaberyat.com\/es\/#organization"},"potentialAction":[{"@type":"SearchAction","target":{"@type":"EntryPoint","urlTemplate":"https:\/\/seaberyat.com\/es\/?s={search_term_string}"},"query-input":{"@type":"PropertyValueSpecification","valueRequired":true,"valueName":"search_term_string"}}],"inLanguage":"es"},{"@type":"Organization","@id":"https:\/\/seaberyat.com\/es\/#organization","name":"Seaberyat","url":"https:\/\/seaberyat.com\/es\/","logo":{"@type":"ImageObject","inLanguage":"es","@id":"https:\/\/seaberyat.com\/es\/#\/schema\/logo\/image\/","url":"https:\/\/seaberyat.com\/wp-content\/uploads\/2022\/10\/Recurso-1@4x.png","contentUrl":"https:\/\/seaberyat.com\/wp-content\/uploads\/2022\/10\/Recurso-1@4x.png","width":2182,"height":644,"caption":"Seaberyat"},"image":{"@id":"https:\/\/seaberyat.com\/es\/#\/schema\/logo\/image\/"},"sameAs":["https:\/\/www.facebook.com\/SeaberyAugmentedTechnology\/","https:\/\/x.com\/Seabery"]}]}},"_links":{"self":[{"href":"https:\/\/seaberyat.com\/es\/wp-json\/wp\/v2\/pages\/40","targetHints":{"allow":["GET"]}}],"collection":[{"href":"https:\/\/seaberyat.com\/es\/wp-json\/wp\/v2\/pages"}],"about":[{"href":"https:\/\/seaberyat.com\/es\/wp-json\/wp\/v2\/types\/page"}],"author":[{"embeddable":true,"href":"https:\/\/seaberyat.com\/es\/wp-json\/wp\/v2\/users\/3"}],"replies":[{"embeddable":true,"href":"https:\/\/seaberyat.com\/es\/wp-json\/wp\/v2\/comments?post=40"}],"version-history":[{"count":8,"href":"https:\/\/seaberyat.com\/es\/wp-json\/wp\/v2\/pages\/40\/revisions"}],"predecessor-version":[{"id":13537,"href":"https:\/\/seaberyat.com\/es\/wp-json\/wp\/v2\/pages\/40\/revisions\/13537"}],"wp:attachment":[{"href":"https:\/\/seaberyat.com\/es\/wp-json\/wp\/v2\/media?parent=40"}],"curies":[{"name":"wp","href":"https:\/\/api.w.org\/{rel}","templated":true}]}}