{"id":13109,"date":"2023-02-10T09:56:05","date_gmt":"2023-02-10T08:56:05","guid":{"rendered":"https:\/\/seaberyat.com\/?page_id=13109"},"modified":"2023-11-07T15:20:37","modified_gmt":"2023-11-07T14:20:37","slug":"incentivos","status":"publish","type":"page","link":"https:\/\/seaberyat.com\/es\/incentivos\/","title":{"rendered":"Incentivos"},"content":{"rendered":"<div class=\"wpb-content-wrapper\"><p>[vc_row full_width=&#8221;stretch_row&#8221; css=&#8221;.vc_custom_1663314386487{padding-top: 48px !important;padding-bottom: 48px !important;background-color: #3f5771 !important;}&#8221;][vc_column][vc_column_text]<\/p>\n<h1 style=\"text-align: center;\"><span style=\"color: #ffffff;\">Junta de Andaluc\u00eda \/ EU <\/span><\/h1>\n<p>[\/vc_column_text][\/vc_column][\/vc_row][vc_row bg_type=&#8221;bg_color&#8221; el_id=&#8221;incentives&#8221;][vc_column width=&#8221;1\/4&#8243;][vc_column_text el_id=&#8221;incentivejunta&#8221;]<\/p>\n<h3><span style=\"color: #e58b56;\"><strong>Junta de Andaluc\u00eda<\/strong><\/span><\/h3>\n<p>[\/vc_column_text][\/vc_column][vc_column width=&#8221;3\/4&#8243;][\/vc_column][\/vc_row][vc_row bg_type=&#8221;bg_color&#8221;][vc_column width=&#8221;1\/4&#8243;][vc_single_image image=&#8221;13105&#8243; img_size=&#8221;medium&#8221;][vc_single_image image=&#8221;13091&#8243; img_size=&#8221;medium&#8221;][vc_single_image image=&#8221;13098&#8243; img_size=&#8221;medium&#8221;][\/vc_column][vc_column width=&#8221;3\/4&#8243;][vc_column_text]<\/p>\n<p style=\"margin: 0in; font-family: Calibri; font-size: 11.0pt;\"><span style=\"color: #3f5771;\">Se ha recibido un incentivo de la Agencia de Innovacion y Desarrollo de Andaluc\u00eda IDEA, de la Junta de Andaluc\u00eda por importe de 35.539,38\u20ac, cofinanciado en un 80% por la Uni\u00f3n Europea a trav\u00e9s del Fondo Europeo de Desarrollo Regional, FEDER, para la realizaci\u00f3n del proyecto \u201cDigitalizaci\u00f3n de los procesos de la empresa por incorporaci\u00f3n de soluciones TIC\u201d con el objetivo de garantizar un mejor uso de las tecnolog\u00edas de la informaci\u00f3n.<\/span><\/p>\n<p>&nbsp;<\/p>\n<p style=\"margin: 0in; font-family: Calibri; font-size: 11.0pt;\"><span style=\"color: #3f5771;\">Se ha recibido un incentivo de la Agencia de Innovaci\u00f3n y Desarrollo de Andaluc\u00eda IDEA, de la Junta de Andaluc\u00eda por importe de 14.967,29 \u20ac, cofinanciado en un 80% por la Uni\u00f3n Europea a trav\u00e9s del Fondo Europeo de Desarrollo Regional, FEDER, para la realizaci\u00f3n del proyecto \u201cPlan de Marketing 2019\u201d con el objetivo de conseguir un tejido empresarial m\u00e1s competitivo.<\/span><\/p>\n<p>&nbsp;<\/p>\n<p style=\"margin-top: 0pt; margin-bottom: 8pt; font-family: Calibri; font-size: 11.0pt;\"><span style=\"color: #3f5771;\">Se ha recibido un incentivo de la Agencia de Innovaci\u00f3n y Desarrollo de Andaluc\u00eda IDEA, de la Junta de Andaluc\u00eda, por un importe de 22.182,40\u20ac, cofinanciado en un 80% por la Uni\u00f3n Europea a trav\u00e9s del Fondo Europeo de Desarrollo Regional, FEDER para la realizaci\u00f3n del proyecto &#8220;COVID 19: DIGITALIZACION TECNOL\u00d3GICA Y ADAPTACI\u00d3N AL TELETRABAJO&#8221; con el objetivo de garantizar un mejor uso de las tecnolog\u00edas de la informaci\u00f3n.<\/span><\/p>\n<p>[\/vc_column_text][\/vc_column][\/vc_row][vc_row bg_type=&#8221;bg_color&#8221;][vc_column][vc_zigzag color=&#8221;custom&#8221; custom_color=&#8221;#ee8c55&#8243;][\/vc_column][\/vc_row][vc_row bg_type=&#8221;bg_color&#8221;][vc_column width=&#8221;1\/4&#8243;][vc_column_text]<\/p>\n<h3 id=\"privacy\"><span style=\"color: #e58b56;\"><strong>European Union<\/strong><\/span><\/h3>\n<p>[\/vc_column_text][vc_single_image image=&#8221;12196&#8243; img_size=&#8221;medium&#8221;][\/vc_column][vc_column width=&#8221;3\/4&#8243;][vc_column_text css=&#8221;.vc_custom_1687245665886{padding-top: 48px !important;padding-bottom: 48px !important;}&#8221;]<\/p>\n<p style=\"margin: 0in; font-family: Calibri; font-size: 11.0pt;\"><span style=\"color: #3f5771;\">Seabery Soluciones ha sido beneficiaria del Fondo Europeo de Desarrollo Regional cuyo objetivo es potenciar la investigaci\u00f3n, el desarrollo tecnol\u00f3gico y la innovaci\u00f3n y gracias al que ha implantado un plan de igualdad para apoyar la creaci\u00f3n y consolidaci\u00f3n de empresas innovadoras. Esta acci\u00f3n ha tenido lugar durante 2022. Para ello ha contado con el apoyo del Programa Innnocamaras de la C\u00e1mara de Comercio de Huelva.<\/span><\/p>\n<p style=\"margin: 0in; font-family: Calibri; font-size: 11.0pt;\"><span style=\"color: #3f5771;\">Una manera de hacer Europa.<\/span><\/p>\n<p>[\/vc_column_text][\/vc_column][\/vc_row][vc_row][vc_column][\/vc_column][\/vc_row]<\/p>\n<\/div>","protected":false},"excerpt":{"rendered":"<p>[vc_row full_width=&#8221;stretch_row&#8221; css=&#8221;.vc_custom_1663314386487{padding-top: 48px !important;padding-bottom: 48px !important;background-color: #3f5771 !important;}&#8221;][vc_column][vc_column_text] Junta de Andaluc\u00eda \/ EU [\/vc_column_text][\/vc_column][\/vc_row][vc_row bg_type=&#8221;bg_color&#8221; el_id=&#8221;incentives&#8221;][vc_column width=&#8221;1\/4&#8243;][vc_column_text el_id=&#8221;incentivejunta&#8221;] Junta de Andaluc\u00eda [\/vc_column_text][\/vc_column][vc_column width=&#8221;3\/4&#8243;][\/vc_column][\/vc_row][vc_row bg_type=&#8221;bg_color&#8221;][vc_column width=&#8221;1\/4&#8243;][vc_single_image image=&#8221;13105&#8243; img_size=&#8221;medium&#8221;][vc_single_image image=&#8221;13091&#8243; img_size=&#8221;medium&#8221;][vc_single_image image=&#8221;13098&#8243; img_size=&#8221;medium&#8221;][\/vc_column][vc_column width=&#8221;3\/4&#8243;][vc_column_text] Se ha recibido un incentivo de la Agencia de Innovacion y Desarrollo de Andaluc\u00eda IDEA, de la Junta de Andaluc\u00eda por importe&hellip;<\/p>\n","protected":false},"author":3,"featured_media":0,"parent":0,"menu_order":0,"comment_status":"closed","ping_status":"closed","template":"","meta":{"_acf_changed":false,"footnotes":""},"class_list":["post-13109","page","type-page","status-publish","hentry","description-off"],"acf":[],"yoast_head":"<!-- This site is optimized with the Yoast SEO plugin v26.4 - https:\/\/yoast.com\/wordpress\/plugins\/seo\/ -->\n<title>Incentivos | Seabery<\/title>\n<meta name=\"robots\" content=\"index, follow, max-snippet:-1, max-image-preview:large, max-video-preview:-1\" \/>\n<link rel=\"canonical\" href=\"https:\/\/seaberyat.com\/es\/incentivos\/\" \/>\n<meta property=\"og:locale\" content=\"es_ES\" \/>\n<meta property=\"og:type\" content=\"article\" \/>\n<meta property=\"og:title\" content=\"Incentivos | Seabery\" \/>\n<meta property=\"og:description\" content=\"[vc_row full_width=&#8221;stretch_row&#8221; css=&#8221;.vc_custom_1663314386487{padding-top: 48px !important;padding-bottom: 48px !important;background-color: #3f5771 !important;}&#8221;][vc_column][vc_column_text] Junta de Andaluc\u00eda \/ EU [\/vc_column_text][\/vc_column][\/vc_row][vc_row bg_type=&#8221;bg_color&#8221; el_id=&#8221;incentives&#8221;][vc_column width=&#8221;1\/4&#8243;][vc_column_text el_id=&#8221;incentivejunta&#8221;] Junta de Andaluc\u00eda [\/vc_column_text][\/vc_column][vc_column width=&#8221;3\/4&#8243;][\/vc_column][\/vc_row][vc_row bg_type=&#8221;bg_color&#8221;][vc_column width=&#8221;1\/4&#8243;][vc_single_image image=&#8221;13105&#8243; img_size=&#8221;medium&#8221;][vc_single_image image=&#8221;13091&#8243; img_size=&#8221;medium&#8221;][vc_single_image image=&#8221;13098&#8243; img_size=&#8221;medium&#8221;][\/vc_column][vc_column width=&#8221;3\/4&#8243;][vc_column_text] Se ha recibido un incentivo de la Agencia de Innovacion y Desarrollo de Andaluc\u00eda IDEA, de la Junta de Andaluc\u00eda por importe&hellip;\" \/>\n<meta property=\"og:url\" content=\"https:\/\/seaberyat.com\/es\/incentivos\/\" \/>\n<meta property=\"og:site_name\" content=\"Seabery\" \/>\n<meta property=\"article:publisher\" content=\"https:\/\/www.facebook.com\/SeaberyAugmentedTechnology\/\" \/>\n<meta property=\"article:modified_time\" content=\"2023-11-07T14:20:37+00:00\" \/>\n<meta name=\"twitter:card\" content=\"summary_large_image\" \/>\n<meta name=\"twitter:site\" content=\"@Seabery\" \/>\n<meta name=\"twitter:label1\" content=\"Tiempo de lectura\" \/>\n\t<meta name=\"twitter:data1\" content=\"2 minutos\" \/>\n<script type=\"application\/ld+json\" class=\"yoast-schema-graph\">{\"@context\":\"https:\/\/schema.org\",\"@graph\":[{\"@type\":\"WebPage\",\"@id\":\"https:\/\/seaberyat.com\/es\/incentivos\/\",\"url\":\"https:\/\/seaberyat.com\/es\/incentivos\/\",\"name\":\"Incentivos | Seabery\",\"isPartOf\":{\"@id\":\"https:\/\/seaberyat.com\/es\/#website\"},\"datePublished\":\"2023-02-10T08:56:05+00:00\",\"dateModified\":\"2023-11-07T14:20:37+00:00\",\"breadcrumb\":{\"@id\":\"https:\/\/seaberyat.com\/es\/incentivos\/#breadcrumb\"},\"inLanguage\":\"es\",\"potentialAction\":[{\"@type\":\"ReadAction\",\"target\":[\"https:\/\/seaberyat.com\/es\/incentivos\/\"]}]},{\"@type\":\"BreadcrumbList\",\"@id\":\"https:\/\/seaberyat.com\/es\/incentivos\/#breadcrumb\",\"itemListElement\":[{\"@type\":\"ListItem\",\"position\":1,\"name\":\"Home\",\"item\":\"https:\/\/seaberyat.com\/es\/\"},{\"@type\":\"ListItem\",\"position\":2,\"name\":\"Incentivos\"}]},{\"@type\":\"WebSite\",\"@id\":\"https:\/\/seaberyat.com\/es\/#website\",\"url\":\"https:\/\/seaberyat.com\/es\/\",\"name\":\"Seabery\",\"description\":\"Seabery\",\"publisher\":{\"@id\":\"https:\/\/seaberyat.com\/es\/#organization\"},\"potentialAction\":[{\"@type\":\"SearchAction\",\"target\":{\"@type\":\"EntryPoint\",\"urlTemplate\":\"https:\/\/seaberyat.com\/es\/?s={search_term_string}\"},\"query-input\":{\"@type\":\"PropertyValueSpecification\",\"valueRequired\":true,\"valueName\":\"search_term_string\"}}],\"inLanguage\":\"es\"},{\"@type\":\"Organization\",\"@id\":\"https:\/\/seaberyat.com\/es\/#organization\",\"name\":\"Seaberyat\",\"url\":\"https:\/\/seaberyat.com\/es\/\",\"logo\":{\"@type\":\"ImageObject\",\"inLanguage\":\"es\",\"@id\":\"https:\/\/seaberyat.com\/es\/#\/schema\/logo\/image\/\",\"url\":\"https:\/\/seaberyat.com\/wp-content\/uploads\/2022\/10\/Recurso-1@4x.png\",\"contentUrl\":\"https:\/\/seaberyat.com\/wp-content\/uploads\/2022\/10\/Recurso-1@4x.png\",\"width\":2182,\"height\":644,\"caption\":\"Seaberyat\"},\"image\":{\"@id\":\"https:\/\/seaberyat.com\/es\/#\/schema\/logo\/image\/\"},\"sameAs\":[\"https:\/\/www.facebook.com\/SeaberyAugmentedTechnology\/\",\"https:\/\/x.com\/Seabery\"]}]}<\/script>\n<!-- \/ Yoast SEO plugin. -->","yoast_head_json":{"title":"Incentivos | Seabery","robots":{"index":"index","follow":"follow","max-snippet":"max-snippet:-1","max-image-preview":"max-image-preview:large","max-video-preview":"max-video-preview:-1"},"canonical":"https:\/\/seaberyat.com\/es\/incentivos\/","og_locale":"es_ES","og_type":"article","og_title":"Incentivos | Seabery","og_description":"[vc_row full_width=&#8221;stretch_row&#8221; css=&#8221;.vc_custom_1663314386487{padding-top: 48px !important;padding-bottom: 48px !important;background-color: #3f5771 !important;}&#8221;][vc_column][vc_column_text] Junta de Andaluc\u00eda \/ EU [\/vc_column_text][\/vc_column][\/vc_row][vc_row bg_type=&#8221;bg_color&#8221; el_id=&#8221;incentives&#8221;][vc_column width=&#8221;1\/4&#8243;][vc_column_text el_id=&#8221;incentivejunta&#8221;] Junta de Andaluc\u00eda [\/vc_column_text][\/vc_column][vc_column width=&#8221;3\/4&#8243;][\/vc_column][\/vc_row][vc_row bg_type=&#8221;bg_color&#8221;][vc_column width=&#8221;1\/4&#8243;][vc_single_image image=&#8221;13105&#8243; img_size=&#8221;medium&#8221;][vc_single_image image=&#8221;13091&#8243; img_size=&#8221;medium&#8221;][vc_single_image image=&#8221;13098&#8243; img_size=&#8221;medium&#8221;][\/vc_column][vc_column width=&#8221;3\/4&#8243;][vc_column_text] Se ha recibido un incentivo de la Agencia de Innovacion y Desarrollo de Andaluc\u00eda IDEA, de la Junta de Andaluc\u00eda por importe&hellip;","og_url":"https:\/\/seaberyat.com\/es\/incentivos\/","og_site_name":"Seabery","article_publisher":"https:\/\/www.facebook.com\/SeaberyAugmentedTechnology\/","article_modified_time":"2023-11-07T14:20:37+00:00","twitter_card":"summary_large_image","twitter_site":"@Seabery","twitter_misc":{"Tiempo de lectura":"2 minutos"},"schema":{"@context":"https:\/\/schema.org","@graph":[{"@type":"WebPage","@id":"https:\/\/seaberyat.com\/es\/incentivos\/","url":"https:\/\/seaberyat.com\/es\/incentivos\/","name":"Incentivos | Seabery","isPartOf":{"@id":"https:\/\/seaberyat.com\/es\/#website"},"datePublished":"2023-02-10T08:56:05+00:00","dateModified":"2023-11-07T14:20:37+00:00","breadcrumb":{"@id":"https:\/\/seaberyat.com\/es\/incentivos\/#breadcrumb"},"inLanguage":"es","potentialAction":[{"@type":"ReadAction","target":["https:\/\/seaberyat.com\/es\/incentivos\/"]}]},{"@type":"BreadcrumbList","@id":"https:\/\/seaberyat.com\/es\/incentivos\/#breadcrumb","itemListElement":[{"@type":"ListItem","position":1,"name":"Home","item":"https:\/\/seaberyat.com\/es\/"},{"@type":"ListItem","position":2,"name":"Incentivos"}]},{"@type":"WebSite","@id":"https:\/\/seaberyat.com\/es\/#website","url":"https:\/\/seaberyat.com\/es\/","name":"Seabery","description":"Seabery","publisher":{"@id":"https:\/\/seaberyat.com\/es\/#organization"},"potentialAction":[{"@type":"SearchAction","target":{"@type":"EntryPoint","urlTemplate":"https:\/\/seaberyat.com\/es\/?s={search_term_string}"},"query-input":{"@type":"PropertyValueSpecification","valueRequired":true,"valueName":"search_term_string"}}],"inLanguage":"es"},{"@type":"Organization","@id":"https:\/\/seaberyat.com\/es\/#organization","name":"Seaberyat","url":"https:\/\/seaberyat.com\/es\/","logo":{"@type":"ImageObject","inLanguage":"es","@id":"https:\/\/seaberyat.com\/es\/#\/schema\/logo\/image\/","url":"https:\/\/seaberyat.com\/wp-content\/uploads\/2022\/10\/Recurso-1@4x.png","contentUrl":"https:\/\/seaberyat.com\/wp-content\/uploads\/2022\/10\/Recurso-1@4x.png","width":2182,"height":644,"caption":"Seaberyat"},"image":{"@id":"https:\/\/seaberyat.com\/es\/#\/schema\/logo\/image\/"},"sameAs":["https:\/\/www.facebook.com\/SeaberyAugmentedTechnology\/","https:\/\/x.com\/Seabery"]}]}},"_links":{"self":[{"href":"https:\/\/seaberyat.com\/es\/wp-json\/wp\/v2\/pages\/13109","targetHints":{"allow":["GET"]}}],"collection":[{"href":"https:\/\/seaberyat.com\/es\/wp-json\/wp\/v2\/pages"}],"about":[{"href":"https:\/\/seaberyat.com\/es\/wp-json\/wp\/v2\/types\/page"}],"author":[{"embeddable":true,"href":"https:\/\/seaberyat.com\/es\/wp-json\/wp\/v2\/users\/3"}],"replies":[{"embeddable":true,"href":"https:\/\/seaberyat.com\/es\/wp-json\/wp\/v2\/comments?post=13109"}],"version-history":[{"count":8,"href":"https:\/\/seaberyat.com\/es\/wp-json\/wp\/v2\/pages\/13109\/revisions"}],"predecessor-version":[{"id":14943,"href":"https:\/\/seaberyat.com\/es\/wp-json\/wp\/v2\/pages\/13109\/revisions\/14943"}],"wp:attachment":[{"href":"https:\/\/seaberyat.com\/es\/wp-json\/wp\/v2\/media?parent=13109"}],"curies":[{"name":"wp","href":"https:\/\/api.w.org\/{rel}","templated":true}]}}