{"id":11,"date":"2022-06-13T12:33:40","date_gmt":"2022-06-13T10:33:40","guid":{"rendered":"https:\/\/seaberyat.com\/?page_id=11"},"modified":"2025-03-05T11:28:48","modified_gmt":"2025-03-05T10:28:48","slug":"skill-training","status":"publish","type":"page","link":"https:\/\/seaberyat.com\/es\/skill-training\/","title":{"rendered":"SKILLS TRAINING"},"content":{"rendered":"<div class=\"wpb-content-wrapper\"><p>[vc_row gap=&#8221;30&#8243; content_placement=&#8221;top&#8221; css=&#8221;.vc_custom_1655891176951{margin-top: 96px !important;}&#8221;][vc_column width=&#8221;1\/2&#8243; css=&#8221;.vc_custom_1655795279636{padding-top: 0px !important;padding-bottom: 0px !important;}&#8221;][vc_column_text css=&#8221;.vc_custom_1658475672816{margin-top: 12px !important;}&#8221;]<\/p>\n<h1><span style=\"color: #ff6b00;\">Skills Training<\/span><\/h1>\n<p><span style=\"color: #002550;\">La falta de mano de obra cualificada en el sector industrial es una realidad, Seabery desarrolla Soluciones de Formaci\u00f3n en Realidad Aumentada (RA) para el desarrollo de habilidades con el objetivo de atraer y comprometer a las nuevas generaciones ayudando a reducir esta brecha.<\/span>[\/vc_column_text][\/vc_column][vc_column width=&#8221;1\/2&#8243; css=&#8221;.vc_custom_1655795290422{padding-top: 0px !important;padding-bottom: 0px !important;}&#8221;][vc_single_image image=&#8221;6158&#8243; img_size=&#8221;full&#8221; alignment=&#8221;center&#8221; css=&#8221;.vc_custom_1661511834553{margin-bottom: 0px !important;padding-bottom: 0px !important;}&#8221;][vc_raw_html css=&#8221;.vc_custom_1655740946144{margin-top: 0px !important;}&#8221;]JTNDZGl2JTIwc3R5bGUlM0QlMjJoZWlnaHQlM0ElMjA4MHB4JTNCJTIwd2lkdGglM0ElMjAxcHglM0IlMjBiYWNrZ3JvdW5kLWNvbG9yJTNBJTIwJTIzNzA3MDcwJTNCJTIwbWFyZ2luJTNBJTIwYXV0byUzQiUyMiUzRSUzQyUyRmRpdiUzRQ==[\/vc_raw_html][\/vc_column][\/vc_row][vc_row gap=&#8221;30&#8243; rtl_reverse=&#8221;yes&#8221; content_placement=&#8221;top&#8221; css=&#8221;.vc_custom_1658475793222{margin-top: -12px !important;}&#8221;][vc_column width=&#8221;1\/2&#8243; css=&#8221;.vc_custom_1657797220884{padding-top: 0px !important;padding-bottom: 0px !important;}&#8221; offset=&#8221;vc_hidden-xs&#8221;][vc_single_image image=&#8221;6299&#8243; img_size=&#8221;full&#8221; el_class=&#8221;detail-back-3&#8243;][vc_single_image image=&#8221;6161&#8243; img_size=&#8221;full&#8221; alignment=&#8221;center&#8221; css=&#8221;.vc_custom_1661511848232{margin-bottom: 0px !important;}&#8221;][vc_raw_html css=&#8221;.vc_custom_1655740946144{margin-top: 0px !important;}&#8221;]JTNDZGl2JTIwc3R5bGUlM0QlMjJoZWlnaHQlM0ElMjA4MHB4JTNCJTIwd2lkdGglM0ElMjAxcHglM0IlMjBiYWNrZ3JvdW5kLWNvbG9yJTNBJTIwJTIzNzA3MDcwJTNCJTIwbWFyZ2luJTNBJTIwYXV0byUzQiUyMiUzRSUzQyUyRmRpdiUzRQ==[\/vc_raw_html][\/vc_column][vc_column width=&#8221;1\/2&#8243; css=&#8221;.vc_custom_1657797226724{padding-top: 0px !important;padding-bottom: 0px !important;}&#8221; offset=&#8221;vc_hidden-xs&#8221;][vc_column_text css=&#8221;.vc_custom_1658475812110{margin-top: 0px !important;}&#8221;]<\/p>\n<h2><span style=\"color: #ff6b00;\">Realidad Aumentada<\/span><\/h2>\n<p><span style=\"color: #002550;\">La Realidad Aumentada juega un papel primordial en desarrollo de habilidades ya que permite la pr\u00e1ctica de habilidades en un entorno controlado y seguro, pudiendo practicar hasta que se adquieren las competencias necesarias para pasar a un entorno real.<\/span>[\/vc_column_text][\/vc_column][\/vc_row][vc_row gap=&#8221;30&#8243; rtl_reverse=&#8221;yes&#8221; content_placement=&#8221;top&#8221; css=&#8221;.vc_custom_1657797059013{margin-top: -40px !important;}&#8221;][vc_column width=&#8221;1\/2&#8243; css=&#8221;.vc_custom_1657797199220{padding-top: 0px !important;padding-bottom: 0px !important;}&#8221; offset=&#8221;vc_hidden-lg vc_hidden-md vc_hidden-sm&#8221;][vc_column_text css=&#8221;.vc_custom_1655794978517{margin-top: 30px !important;}&#8221;]<\/p>\n<h2><span style=\"color: #ff6b00;\">Realidad Aumentada<\/span><\/h2>\n<p><span style=\"color: #002550;\">La Realidad Aumentada juega un papel primordial en desarrollo de habilidades ya que permite la pr\u00e1ctica de habilidades en un entorno controlado y seguro, pudiendo practicar hasta que se adquieren las competencias necesarias para pasar a un entorno real.<\/span>[\/vc_column_text][\/vc_column][vc_column width=&#8221;1\/2&#8243; css=&#8221;.vc_custom_1657797207228{padding-top: 0px !important;padding-bottom: 0px !important;}&#8221; offset=&#8221;vc_hidden-lg vc_hidden-md vc_hidden-sm&#8221;][vc_single_image image=&#8221;6161&#8243; img_size=&#8221;full&#8221; alignment=&#8221;center&#8221; css=&#8221;.vc_custom_1661511848232{margin-bottom: 0px !important;}&#8221;][vc_raw_html css=&#8221;.vc_custom_1655740946144{margin-top: 0px !important;}&#8221;]JTNDZGl2JTIwc3R5bGUlM0QlMjJoZWlnaHQlM0ElMjA4MHB4JTNCJTIwd2lkdGglM0ElMjAxcHglM0IlMjBiYWNrZ3JvdW5kLWNvbG9yJTNBJTIwJTIzNzA3MDcwJTNCJTIwbWFyZ2luJTNBJTIwYXV0byUzQiUyMiUzRSUzQyUyRmRpdiUzRQ==[\/vc_raw_html][\/vc_column][\/vc_row][vc_row gap=&#8221;30&#8243; content_placement=&#8221;top&#8221; css=&#8221;.vc_custom_1658476944439{margin-top: 24px !important;margin-bottom: 0px !important;}&#8221;][vc_column width=&#8221;1\/2&#8243; css=&#8221;.vc_custom_1655795243005{padding-top: 0px !important;padding-bottom: 0px !important;}&#8221;][vc_column_text css=&#8221;.vc_custom_1658475875214{margin-top: 0px !important;}&#8221;]<\/p>\n<h2><span style=\"color: #ff6b00;\">Programa de formaci\u00f3n<\/span><\/h2>\n<p><span style=\"color: #002550;\">El sistema educativo debe ser capaz de crear programas de formaci\u00f3n para el desarrollo de habilidades que generen la mano de obra cualificada necesaria para satisfacer las necesidades, a la vez que permita la integraci\u00f3n de los j\u00f3venes en el mercado laboral.<\/span>[\/vc_column_text][\/vc_column][vc_column width=&#8221;1\/2&#8243; css=&#8221;.vc_custom_1655795251523{padding-top: 0px !important;padding-bottom: 0px !important;}&#8221;][vc_single_image image=&#8221;6312&#8243; img_size=&#8221;full&#8221; el_class=&#8221;detail-back&#8221;][vc_single_image image=&#8221;6164&#8243; img_size=&#8221;full&#8221; alignment=&#8221;center&#8221; css=&#8221;.vc_custom_1661511910732{margin-bottom: 0px !important;padding-bottom: 0px !important;}&#8221;][vc_raw_html css=&#8221;.vc_custom_1655740946144{margin-top: 0px !important;}&#8221;]JTNDZGl2JTIwc3R5bGUlM0QlMjJoZWlnaHQlM0ElMjA4MHB4JTNCJTIwd2lkdGglM0ElMjAxcHglM0IlMjBiYWNrZ3JvdW5kLWNvbG9yJTNBJTIwJTIzNzA3MDcwJTNCJTIwbWFyZ2luJTNBJTIwYXV0byUzQiUyMiUzRSUzQyUyRmRpdiUzRQ==[\/vc_raw_html][\/vc_column][\/vc_row][vc_row gap=&#8221;30&#8243; content_placement=&#8221;top&#8221; css=&#8221;.vc_custom_1658475971575{margin-top: -24px !important;margin-bottom: 96px !important;}&#8221;][vc_column width=&#8221;1\/2&#8243; css=&#8221;.vc_custom_1657797294867{padding-top: 0px !important;padding-bottom: 0px !important;}&#8221; offset=&#8221;vc_hidden-xs&#8221;][vc_single_image image=&#8221;6167&#8243; img_size=&#8221;full&#8221; alignment=&#8221;center&#8221; css=&#8221;.vc_custom_1661511934714{margin-bottom: 0px !important;}&#8221;][vc_single_image image=&#8221;6312&#8243; img_size=&#8221;full&#8221; el_class=&#8221;detail-back-3&#8243;][\/vc_column][vc_column width=&#8221;1\/2&#8243; css=&#8221;.vc_custom_1657797301589{padding-top: 0px !important;padding-bottom: 0px !important;}&#8221; offset=&#8221;vc_hidden-xs&#8221;][vc_column_text css=&#8221;.vc_custom_1658475917959{margin-top: 0px !important;}&#8221;]<\/p>\n<h2><span style=\"color: #ff6b00;\">Engagement<\/span><\/h2>\n<p><span style=\"color: #002550;\">Las nuevas tecnolog\u00edas y en concreto la Realidad Aumentada son una excelente forma de atraer a los j\u00f3venes, proporcionando no s\u00f3lo el desarrollo de habilidades b\u00e1sicas entre los nuevos estudiantes, sino tambi\u00e9n la formaci\u00f3n de trabajadores cualificados para el desarrollo de habilidades espec\u00edficas necesarias para un puesto de trabajo.<\/span>[\/vc_column_text][\/vc_column][\/vc_row][vc_row gap=&#8221;30&#8243; content_placement=&#8221;top&#8221; css=&#8221;.vc_custom_1657797469931{margin-top: -120px !important;margin-bottom: 96px !important;}&#8221;][vc_column width=&#8221;1\/2&#8243; css=&#8221;.vc_custom_1657797281109{padding-top: 0px !important;padding-bottom: 0px !important;}&#8221; offset=&#8221;vc_hidden-lg vc_hidden-md vc_hidden-sm&#8221;][vc_column_text css=&#8221;.vc_custom_1655795452733{margin-top: 30px !important;}&#8221;]<\/p>\n<h2><span style=\"color: #ff6b00;\">Engagement<\/span><\/h2>\n<p><span style=\"color: #002550;\">Las nuevas tecnolog\u00edas y en concreto la Realidad Aumentada son una excelente forma de atraer a los j\u00f3venes, proporcionando no s\u00f3lo el desarrollo de habilidades b\u00e1sicas entre los nuevos estudiantes, sino tambi\u00e9n la formaci\u00f3n de trabajadores cualificados para el desarrollo de habilidades espec\u00edficas necesarias para un puesto de trabajo.<\/span>[\/vc_column_text][\/vc_column][vc_column width=&#8221;1\/2&#8243; css=&#8221;.vc_custom_1657797288268{padding-top: 0px !important;padding-bottom: 0px !important;}&#8221; offset=&#8221;vc_hidden-lg vc_hidden-md vc_hidden-sm&#8221;][vc_single_image image=&#8221;6167&#8243; img_size=&#8221;full&#8221; alignment=&#8221;center&#8221; css=&#8221;.vc_custom_1661511934714{margin-bottom: 0px !important;}&#8221;][\/vc_column][\/vc_row]<\/p>\n<\/div>","protected":false},"excerpt":{"rendered":"<p>[vc_row gap=&#8221;30&#8243; content_placement=&#8221;top&#8221; css=&#8221;.vc_custom_1655891176951{margin-top: 96px !important;}&#8221;][vc_column width=&#8221;1\/2&#8243; css=&#8221;.vc_custom_1655795279636{padding-top: 0px !important;padding-bottom: 0px !important;}&#8221;][vc_column_text css=&#8221;.vc_custom_1658475672816{margin-top: 12px !important;}&#8221;] Skills Training La falta de mano de obra cualificada en el sector industrial es una realidad, Seabery desarrolla Soluciones de Formaci\u00f3n en Realidad Aumentada (RA) para el desarrollo de habilidades con el objetivo de atraer y comprometer a las nuevas&hellip;<\/p>\n","protected":false},"author":3,"featured_media":0,"parent":0,"menu_order":0,"comment_status":"closed","ping_status":"closed","template":"","meta":{"_acf_changed":false,"footnotes":""},"class_list":["post-11","page","type-page","status-publish","hentry","description-off"],"acf":[],"yoast_head":"<!-- This site is optimized with the Yoast SEO plugin v26.4 - https:\/\/yoast.com\/wordpress\/plugins\/seo\/ -->\n<title>Skills training para el empleo con Realidad Aumentada | Seabery<\/title>\n<meta name=\"description\" content=\"Skills training es el desarrollo de las habilidades y destrezas necesarias para adaptarse a las exigencias del puesto de trabajo en la etapa formativa\" \/>\n<meta name=\"robots\" content=\"index, follow, max-snippet:-1, max-image-preview:large, max-video-preview:-1\" \/>\n<link rel=\"canonical\" href=\"https:\/\/seaberyat.com\/es\/skill-training\/\" \/>\n<meta property=\"og:locale\" content=\"es_ES\" \/>\n<meta property=\"og:type\" content=\"article\" \/>\n<meta property=\"og:title\" content=\"Skills training para el empleo con Realidad Aumentada | Seabery\" \/>\n<meta property=\"og:description\" content=\"Skills training es el desarrollo de las habilidades y destrezas necesarias para adaptarse a las exigencias del puesto de trabajo en la etapa formativa\" \/>\n<meta property=\"og:url\" content=\"https:\/\/seaberyat.com\/es\/skill-training\/\" \/>\n<meta property=\"og:site_name\" content=\"Seabery\" \/>\n<meta property=\"article:publisher\" content=\"https:\/\/www.facebook.com\/SeaberyAugmentedTechnology\/\" \/>\n<meta property=\"article:modified_time\" content=\"2025-03-05T10:28:48+00:00\" \/>\n<meta name=\"twitter:card\" content=\"summary_large_image\" \/>\n<meta name=\"twitter:site\" content=\"@Seabery\" \/>\n<meta name=\"twitter:label1\" content=\"Tiempo de lectura\" \/>\n\t<meta name=\"twitter:data1\" content=\"3 minutos\" \/>\n<script type=\"application\/ld+json\" class=\"yoast-schema-graph\">{\"@context\":\"https:\/\/schema.org\",\"@graph\":[{\"@type\":\"WebPage\",\"@id\":\"https:\/\/seaberyat.com\/es\/skill-training\/\",\"url\":\"https:\/\/seaberyat.com\/es\/skill-training\/\",\"name\":\"Skills training para el empleo con Realidad Aumentada | Seabery\",\"isPartOf\":{\"@id\":\"https:\/\/seaberyat.com\/es\/#website\"},\"datePublished\":\"2022-06-13T10:33:40+00:00\",\"dateModified\":\"2025-03-05T10:28:48+00:00\",\"description\":\"Skills training es el desarrollo de las habilidades y destrezas necesarias para adaptarse a las exigencias del puesto de trabajo en la etapa formativa\",\"breadcrumb\":{\"@id\":\"https:\/\/seaberyat.com\/es\/skill-training\/#breadcrumb\"},\"inLanguage\":\"es\",\"potentialAction\":[{\"@type\":\"ReadAction\",\"target\":[\"https:\/\/seaberyat.com\/es\/skill-training\/\"]}]},{\"@type\":\"BreadcrumbList\",\"@id\":\"https:\/\/seaberyat.com\/es\/skill-training\/#breadcrumb\",\"itemListElement\":[{\"@type\":\"ListItem\",\"position\":1,\"name\":\"Home\",\"item\":\"https:\/\/seaberyat.com\/es\/\"},{\"@type\":\"ListItem\",\"position\":2,\"name\":\"SKILLS TRAINING\"}]},{\"@type\":\"WebSite\",\"@id\":\"https:\/\/seaberyat.com\/es\/#website\",\"url\":\"https:\/\/seaberyat.com\/es\/\",\"name\":\"Seabery\",\"description\":\"Seabery\",\"publisher\":{\"@id\":\"https:\/\/seaberyat.com\/es\/#organization\"},\"potentialAction\":[{\"@type\":\"SearchAction\",\"target\":{\"@type\":\"EntryPoint\",\"urlTemplate\":\"https:\/\/seaberyat.com\/es\/?s={search_term_string}\"},\"query-input\":{\"@type\":\"PropertyValueSpecification\",\"valueRequired\":true,\"valueName\":\"search_term_string\"}}],\"inLanguage\":\"es\"},{\"@type\":\"Organization\",\"@id\":\"https:\/\/seaberyat.com\/es\/#organization\",\"name\":\"Seaberyat\",\"url\":\"https:\/\/seaberyat.com\/es\/\",\"logo\":{\"@type\":\"ImageObject\",\"inLanguage\":\"es\",\"@id\":\"https:\/\/seaberyat.com\/es\/#\/schema\/logo\/image\/\",\"url\":\"https:\/\/seaberyat.com\/wp-content\/uploads\/2022\/10\/Recurso-1@4x.png\",\"contentUrl\":\"https:\/\/seaberyat.com\/wp-content\/uploads\/2022\/10\/Recurso-1@4x.png\",\"width\":2182,\"height\":644,\"caption\":\"Seaberyat\"},\"image\":{\"@id\":\"https:\/\/seaberyat.com\/es\/#\/schema\/logo\/image\/\"},\"sameAs\":[\"https:\/\/www.facebook.com\/SeaberyAugmentedTechnology\/\",\"https:\/\/x.com\/Seabery\"]}]}<\/script>\n<!-- \/ Yoast SEO plugin. -->","yoast_head_json":{"title":"Skills training para el empleo con Realidad Aumentada | Seabery","description":"Skills training es el desarrollo de las habilidades y destrezas necesarias para adaptarse a las exigencias del puesto de trabajo en la etapa formativa","robots":{"index":"index","follow":"follow","max-snippet":"max-snippet:-1","max-image-preview":"max-image-preview:large","max-video-preview":"max-video-preview:-1"},"canonical":"https:\/\/seaberyat.com\/es\/skill-training\/","og_locale":"es_ES","og_type":"article","og_title":"Skills training para el empleo con Realidad Aumentada | Seabery","og_description":"Skills training es el desarrollo de las habilidades y destrezas necesarias para adaptarse a las exigencias del puesto de trabajo en la etapa formativa","og_url":"https:\/\/seaberyat.com\/es\/skill-training\/","og_site_name":"Seabery","article_publisher":"https:\/\/www.facebook.com\/SeaberyAugmentedTechnology\/","article_modified_time":"2025-03-05T10:28:48+00:00","twitter_card":"summary_large_image","twitter_site":"@Seabery","twitter_misc":{"Tiempo de lectura":"3 minutos"},"schema":{"@context":"https:\/\/schema.org","@graph":[{"@type":"WebPage","@id":"https:\/\/seaberyat.com\/es\/skill-training\/","url":"https:\/\/seaberyat.com\/es\/skill-training\/","name":"Skills training para el empleo con Realidad Aumentada | Seabery","isPartOf":{"@id":"https:\/\/seaberyat.com\/es\/#website"},"datePublished":"2022-06-13T10:33:40+00:00","dateModified":"2025-03-05T10:28:48+00:00","description":"Skills training es el desarrollo de las habilidades y destrezas necesarias para adaptarse a las exigencias del puesto de trabajo en la etapa formativa","breadcrumb":{"@id":"https:\/\/seaberyat.com\/es\/skill-training\/#breadcrumb"},"inLanguage":"es","potentialAction":[{"@type":"ReadAction","target":["https:\/\/seaberyat.com\/es\/skill-training\/"]}]},{"@type":"BreadcrumbList","@id":"https:\/\/seaberyat.com\/es\/skill-training\/#breadcrumb","itemListElement":[{"@type":"ListItem","position":1,"name":"Home","item":"https:\/\/seaberyat.com\/es\/"},{"@type":"ListItem","position":2,"name":"SKILLS TRAINING"}]},{"@type":"WebSite","@id":"https:\/\/seaberyat.com\/es\/#website","url":"https:\/\/seaberyat.com\/es\/","name":"Seabery","description":"Seabery","publisher":{"@id":"https:\/\/seaberyat.com\/es\/#organization"},"potentialAction":[{"@type":"SearchAction","target":{"@type":"EntryPoint","urlTemplate":"https:\/\/seaberyat.com\/es\/?s={search_term_string}"},"query-input":{"@type":"PropertyValueSpecification","valueRequired":true,"valueName":"search_term_string"}}],"inLanguage":"es"},{"@type":"Organization","@id":"https:\/\/seaberyat.com\/es\/#organization","name":"Seaberyat","url":"https:\/\/seaberyat.com\/es\/","logo":{"@type":"ImageObject","inLanguage":"es","@id":"https:\/\/seaberyat.com\/es\/#\/schema\/logo\/image\/","url":"https:\/\/seaberyat.com\/wp-content\/uploads\/2022\/10\/Recurso-1@4x.png","contentUrl":"https:\/\/seaberyat.com\/wp-content\/uploads\/2022\/10\/Recurso-1@4x.png","width":2182,"height":644,"caption":"Seaberyat"},"image":{"@id":"https:\/\/seaberyat.com\/es\/#\/schema\/logo\/image\/"},"sameAs":["https:\/\/www.facebook.com\/SeaberyAugmentedTechnology\/","https:\/\/x.com\/Seabery"]}]}},"_links":{"self":[{"href":"https:\/\/seaberyat.com\/es\/wp-json\/wp\/v2\/pages\/11","targetHints":{"allow":["GET"]}}],"collection":[{"href":"https:\/\/seaberyat.com\/es\/wp-json\/wp\/v2\/pages"}],"about":[{"href":"https:\/\/seaberyat.com\/es\/wp-json\/wp\/v2\/types\/page"}],"author":[{"embeddable":true,"href":"https:\/\/seaberyat.com\/es\/wp-json\/wp\/v2\/users\/3"}],"replies":[{"embeddable":true,"href":"https:\/\/seaberyat.com\/es\/wp-json\/wp\/v2\/comments?post=11"}],"version-history":[{"count":3,"href":"https:\/\/seaberyat.com\/es\/wp-json\/wp\/v2\/pages\/11\/revisions"}],"predecessor-version":[{"id":18987,"href":"https:\/\/seaberyat.com\/es\/wp-json\/wp\/v2\/pages\/11\/revisions\/18987"}],"wp:attachment":[{"href":"https:\/\/seaberyat.com\/es\/wp-json\/wp\/v2\/media?parent=11"}],"curies":[{"name":"wp","href":"https:\/\/api.w.org\/{rel}","templated":true}]}}