{"id":8238,"date":"2022-06-13T12:47:18","date_gmt":"2022-06-13T10:47:18","guid":{"rendered":"https:\/\/seaberyat.com\/prime-soldamatic\/"},"modified":"2025-03-06T12:17:44","modified_gmt":"2025-03-06T11:17:44","slug":"prime-soldamatic","status":"publish","type":"page","link":"https:\/\/seaberyat.com\/de\/prime-soldamatic\/","title":{"rendered":"PRIME &#8211; SOLDAMATIC"},"content":{"rendered":"<div class=\"wpb-content-wrapper\"><p>[vc_row full_width=&#8221;stretch_row_content&#8221; full_height=&#8221;yes&#8221; content_placement=&#8221;middle&#8221; bg_type=&#8221;video&#8221; video_url=&#8221;https:\/\/seaberyat.com\/wp-content\/uploads\/2022\/07\/SOLDAMATIC-PRIME_CABECERA.mp4&#8243; video_opts=&#8221;loop,muted&#8221; video_poster=&#8221;id^9349|url^https:\/\/seaberyat.com\/wp-content\/uploads\/2022\/10\/prime-responsive.jpg|caption^null|alt^null|title^prime-responsive|description^null&#8221; enable_overlay=&#8221;enable_overlay_value&#8221; overlay_color=&#8221;#3f5771&#8243; overlay_pattern=&#8221;transperant&#8221; overlay_pattern_opacity=&#8221;60&#8243; el_class=&#8221;video-home-wrap&#8221; css=&#8221;.vc_custom_1666612438002{padding-top: 15vh !important;}&#8221;][vc_column][vc_column_text]<\/p>\n<h1 style=\"text-align: center;\"><span style=\"color: #ffffff;\">Bringen Sie Ihre Schwei\u00dffertigkeiten auf die n\u00e4chste Ebene <\/span><span style=\"color: #ffffff;\">mit SOLDAMATIC PRIME<\/span><\/h1>\n<p>[\/vc_column_text][vc_icon type=&#8221;material&#8221; icon_material=&#8221;vc-material vc-material-play_arrow&#8221; color=&#8221;custom&#8221; background_style=&#8221;rounded&#8221; background_color=&#8221;custom&#8221; align=&#8221;center&#8221; css=&#8221;&#8221; custom_color=&#8221;#FF6B00&#8243; custom_background_color=&#8221;rgba(255,255,255,0.01)&#8221; el_class=&#8221;btn-video&#8221; el_id=&#8221;btn-play-soldamatic-prime&#8221;][vc_column_text el_id=&#8221;cta-video-soldamatic-prime&#8221; el_class=&#8221;cta-descubrelo&#8221;]<\/p>\n<div id=\"cta-play\" class=\"cta-video\">Erfahren!<\/div>\n<p>[\/vc_column_text][vc_row_inner content_placement=&#8221;middle&#8221; css=&#8221;.vc_custom_1741259773424{margin-top: 30vh !important;border-top-width: 2px !important;padding-top: 24px !important;padding-bottom: 24px !important;background-color: #002550 !important;border-top-style: solid !important;border-color: #FF6B00 !important;}&#8221; el_class=&#8221;at-augmented&#8221;][vc_column_inner width=&#8221;1\/5&#8243; offset=&#8221;vc_hidden-xs&#8221;][vc_single_image image=&#8221;1455&#8243; img_size=&#8221;full&#8221; alignment=&#8221;center&#8221; css_animation=&#8221;none&#8221; el_class=&#8221;linea-fondo&#8221; el_id=&#8221;linea-fondo&#8221;][\/vc_column_inner][vc_column_inner width=&#8221;1\/5&#8243;][vc_single_image image=&#8221;18778&#8243; img_size=&#8221;full&#8221; alignment=&#8221;center&#8221; css=&#8221;&#8221;][\/vc_column_inner][vc_column_inner width=&#8221;2\/5&#8243;][vc_column_text]<\/p>\n<h2><span style=\"color: #ffffff;\">Soldamatic PRIME<\/span><\/h2>\n<p><span style=\"color: #ffffff;\">Soldamatic Prime ist ein Abonnement, das eine Reihe von Leistungen und Vorteilen enth\u00e4lt, die in den Advanced-Lizenzen enthalten sind und zus\u00e4tzlich zu allen Lifetime-Lizenzen erworben werden k\u00f6nnen. Es ist ideal geeignet, um eine effektive Schwei\u00dfausbildung anzubieten und Ihre Systeme stets auf dem neuesten Stand zu halten. <\/span><\/p>\n<p>[\/vc_column_text][\/vc_column_inner][vc_column_inner width=&#8221;1\/5&#8243; offset=&#8221;vc_hidden-xs&#8221;][\/vc_column_inner][\/vc_row_inner][\/vc_column][\/vc_row][vc_row el_class=&#8221;video-modal&#8221; css=&#8221;.vc_custom_1657099378374{margin-top: 0px !important;margin-right: 0px !important;margin-bottom: 0px !important;margin-left: 0px !important;padding-top: 0px !important;padding-right: 0px !important;padding-bottom: 0px !important;padding-left: 0px !important;}&#8221; el_id=&#8221;video-modal-soldamatic-prime&#8221;][vc_column css=&#8221;.vc_custom_1655291607691{padding-top: 0px !important;padding-right: 0px !important;padding-bottom: 0px !important;padding-left: 0px !important;}&#8221;][\/vc_column][\/vc_row][vc_row][vc_column][vc_raw_js]JTNDc2NyaXB0JTNFJTBBJTBBdmFyJTIwdmlkZW8lM0QlMjBkb2N1bWVudC5nZXRFbGVtZW50QnlJZCUyOCUyMnZpZGVvLW1vZGFsLXNvbGRhbWF0aWMtcHJpbWUlMjIlMjklM0IlMEElMEFkb2N1bWVudC5nZXRFbGVtZW50QnlJZCUyOCUyMmJ0bi1wbGF5LXNvbGRhbWF0aWMtcHJpbWUlMjIlMjkuYWRkRXZlbnRMaXN0ZW5lciUyOCUyMmNsaWNrJTIyJTJDJTIwc2hvd1ZpZGVvJTI5JTNCJTBBZG9jdW1lbnQuZ2V0RWxlbWVudEJ5SWQlMjglMjJjdGEtdmlkZW8tc29sZGFtYXRpYy1wcmltZSUyMiUyOS5hZGRFdmVudExpc3RlbmVyJTI4JTIyY2xpY2slMjIlMkMlMjBzaG93VmlkZW8lMjklM0IlMEElMEFmdW5jdGlvbiUyMHNob3dWaWRlbyUyOCUyOSU3QiUwQSUwQXZpZGVvLmlubmVySFRNTCUyMCUzRCUyMCUyMCUyNyUzQ2RpdiUyMGNsYXNzJTNEJTIydmlkZW8taWZyYW1lJTIyJTNFJTNDc3BhbiUyMGNsYXNzJTNEJTIyY2xvc2UlMjIlMjBvbmNsaWNrJTNEJTIyY2xvc2VWaWRlbyUyOCUyOSUyMiUzRVglM0MlMkZzcGFuJTNFJTNDdmlkZW8lMjB3aWR0aCUzRCUyMjEyMDAlMjIlMjBhdXRvcGxheSUyMGNvbnRyb2xzJTNFJTNDc291cmNlJTIwc3JjJTNEJTIyaHR0cHMlM0ElMkYlMkZzZWFiZXJ5LmJlb253dy50ZWNoJTJGd3AtY29udGVudCUyRnVwbG9hZHMlMkYyMDIyJTJGMDclMkZTT0xEQU1BVElDLVBSSU1FX0NBQkVDRVJBLm1wNCUyMiUyMHR5cGUlM0QlMjJ2aWRlbyUyRm1wNCUyMiUzRSUzQyUyRnZpZGVvJTNFJTNDJTJGZGl2JTNFJTI3JTNCJTBBJTdEJTBBJTBBJTBBJTNDJTJGc2NyaXB0JTNF[\/vc_raw_js][\/vc_column][\/vc_row][vc_row full_width=&#8221;stretch_row_content&#8221; gap=&#8221;30&#8243; css=&#8221;.vc_custom_1656344732972{margin-top: 48px !important;margin-bottom: 48px !important;}&#8221;][vc_column width=&#8221;2\/12&#8243; offset=&#8221;vc_hidden-xs&#8221;][\/vc_column][vc_column width=&#8221;4\/12&#8243;][vc_column_text css=&#8221;.vc_custom_1741259790041{margin-top: 24px !important;}&#8221;]<\/p>\n<h3><span style=\"color: #002550;\">Vorteile<\/span><\/h3>\n<p><span style=\"color: #002550;\">Egal, ob Sie bereits Soldamatic-Nutzer sind oder gerade \u00fcberlegen, Soldamatic in Ihr Ausbildungsprogramm zu integrieren, bietet Ihnen Soldamatic Prime verschiedene Vorteile wie z. B. ein Upgrade Ihrer Lizenz auf \u201eAdvanced\u201c.<\/span><\/p>\n<p><span style=\"color: #002550;\">Die Advanced-Lizenz erm\u00f6glicht Schulungen f\u00fcr verschiedene Branchen. Bereiten Sie sich auf die Anforderungen der Industrie vor \u2013 mit Advanced Welding Multijoints, die speziell f\u00fcr verschiedene Industriezweige wie die Automobilindustrie, den Eisenbahn- und Schwermaschinenbau, den Schiffbau oder die \u00d6l- und Gasindustrie entwickelt wurden. <\/span>[\/vc_column_text][\/vc_column][vc_column width=&#8221;4\/12&#8243;][vc_single_image image=&#8221;6335&#8243; img_size=&#8221;full&#8221; alignment=&#8221;center&#8221;][\/vc_column][vc_column width=&#8221;2\/12&#8243; offset=&#8221;vc_hidden-xs&#8221;][\/vc_column][\/vc_row][vc_row full_width=&#8221;stretch_row_content&#8221; gap=&#8221;30&#8243; content_placement=&#8221;top&#8221; css=&#8221;.vc_custom_1656345241090{border-bottom-width: 5px !important;padding-right: 5vw !important;padding-left: 5vw !important;background-color: #f2f2f2 !important;border-bottom-color: #ee8c55 !important;border-bottom-style: solid !important;}&#8221;][vc_column width=&#8221;6\/12&#8243;][vc_single_image image=&#8221;6338&#8243; img_size=&#8221;full&#8221; alignment=&#8221;right&#8221;][vc_single_image image=&#8221;18805&#8243; img_size=&#8221;medium&#8221; alignment=&#8221;center&#8221; css=&#8221;&#8221;][\/vc_column][vc_column width=&#8221;5\/12&#8243;][vc_column_text css=&#8221;.vc_custom_1741259802666{margin-top: 96px !important;}&#8221;]<\/p>\n<h3><span style=\"color: #002550;\">Moderne<br \/>\nSchwei\u00dffunktionen<\/span><\/h3>\n<p><span style=\"color: #002550;\">Fortgeschrittene Schwei\u00dfer k\u00f6nnen sich mit spezifischen erweiterten Schwei\u00dffunktionen wie Impulslichtbogen, offenes Wurzelschwei\u00dfen, Eckenschwei\u00dfen, 6GR-Position und verschiedenen Verfahren f\u00fcr Rohrschwei\u00dfen vertraut machen.<\/span><\/p>\n<p><span style=\"color: #002550;\">Dar\u00fcber hinaus k\u00f6nnen Sie mit der Advanced-Lizenz verschiedene Dicken, mehrere Schwei\u00dfraupen und verschiedene Verfahren f\u00fcr dieselbe Schwei\u00dfverbindung w\u00e4hlen.<\/span>[\/vc_column_text][\/vc_column][vc_column width=&#8221;1\/12&#8243;][vc_single_image image=&#8221;6301&#8243; img_size=&#8221;full&#8221; alignment=&#8221;center&#8221; el_class=&#8221;detail-back-soldadura&#8221;][\/vc_column][\/vc_row][vc_row content_placement=&#8221;middle&#8221; css=&#8221;.vc_custom_1662462362577{margin-top: 96px !important;margin-bottom: 48px !important;}&#8221;][vc_column width=&#8221;1\/12&#8243; offset=&#8221;vc_hidden-sm vc_hidden-xs&#8221;][vc_single_image image=&#8221;6752&#8243; img_size=&#8221;full&#8221; alignment=&#8221;center&#8221;][\/vc_column][vc_column width=&#8221;5\/12&#8243;][vc_column_text css=&#8221;&#8221;]<\/p>\n<h3><span style=\"color: #ff6b00;\">Was ist enthalten<\/span><\/h3>\n<p><span style=\"color: #002550;\">Mit Soldamatic Prime erhalten Sie ein Advanced Welding Multijoint, kostenlose Software-Upgrades f\u00fcr neue Versionen und Rabatte auf alle kommenden Hardware-Artikel \u00fcber den <strong><span style=\"text-decoration: underline;\">Aktualisierungsplan<\/span><\/strong>. Dar\u00fcber hinaus k\u00f6nnen Sie auf internationale Schwei\u00dflehrpl\u00e4ne und den Service zur Digitalisierung von Ausbildungsinhalten durch einen Soldamatic-Experten zugreifen und k\u00f6nnen bei Bedarf die Option der Cloud-Anbindung nutzen.<\/span>[\/vc_column_text][\/vc_column][vc_column width=&#8221;5\/12&#8243; css=&#8221;.vc_custom_1695985831251{background-image: url(https:\/\/seaberyat.com\/wp-content\/uploads\/2023\/09\/Soldamatic-Prime-5.0.png?id=14468) !important;background-position: center !important;background-repeat: no-repeat !important;background-size: cover !important;}&#8221; el_class=&#8221;back-rounded&#8221;][vc_column_text]<\/p>\n<p>&nbsp;<\/p>\n<p>&nbsp;<\/p>\n<p>&nbsp;<\/p>\n<p>&nbsp;<\/p>\n<p>&nbsp;<\/p>\n<p>&nbsp;<\/p>\n<p>[\/vc_column_text][\/vc_column][\/vc_row][vc_row css=&#8221;.vc_custom_1656401038842{margin-bottom: 96px !important;}&#8221;][vc_column][vc_column_text css=&#8221;.vc_custom_1741259844056{border-top-width: 1px !important;border-right-width: 1px !important;border-bottom-width: 1px !important;border-left-width: 1px !important;padding-top: 9px !important;padding-right: 48px !important;padding-bottom: 9px !important;padding-left: 48px !important;border-left-style: solid !important;border-right-style: solid !important;border-top-style: solid !important;border-bottom-style: solid !important;border-radius: 10px !important;border-color: #ee8c55 !important;}&#8221;]<\/p>\n<p style=\"text-align: center;\"><span style=\"color: #002550;\"><strong>Wenn Sie bereits Soldamatic nutzen, k\u00f6nnen Sie Ihre Software auf die neueste Version aktualisieren.<\/strong><\/span><\/p>\n<p>[\/vc_column_text][vc_column_text css=&#8221;&#8221;]<\/p>\n<h2 style=\"text-align: center;\"><span style=\"color: #ff6b00;\">Kontaktieren Sie Ihren Fachh\u00e4ndler und<\/span><br \/>\n<span style=\"color: #ff6b00;\">Bringen Sie Ihre Schwei\u00dffertigkeiten auf die n\u00e4chste Ebene mit SOLDAMATIC PRIME<\/span><\/h2>\n<p>[\/vc_column_text][\/vc_column][\/vc_row]<\/p>\n<\/div>","protected":false},"excerpt":{"rendered":"<p>[vc_row full_width=&#8221;stretch_row_content&#8221; full_height=&#8221;yes&#8221; content_placement=&#8221;middle&#8221; bg_type=&#8221;video&#8221; video_url=&#8221;https:\/\/seaberyat.com\/wp-content\/uploads\/2022\/07\/SOLDAMATIC-PRIME_CABECERA.mp4&#8243; video_opts=&#8221;loop,muted&#8221; video_poster=&#8221;id^9349|url^https:\/\/seaberyat.com\/wp-content\/uploads\/2022\/10\/prime-responsive.jpg|caption^null|alt^null|title^prime-responsive|description^null&#8221; enable_overlay=&#8221;enable_overlay_value&#8221; overlay_color=&#8221;#3f5771&#8243; overlay_pattern=&#8221;transperant&#8221; overlay_pattern_opacity=&#8221;60&#8243; el_class=&#8221;video-home-wrap&#8221; css=&#8221;.vc_custom_1666612438002{padding-top: 15vh !important;}&#8221;][vc_column][vc_column_text] Bringen Sie Ihre Schwei\u00dffertigkeiten auf die n\u00e4chste Ebene mit SOLDAMATIC PRIME [\/vc_column_text][vc_icon type=&#8221;material&#8221; icon_material=&#8221;vc-material vc-material-play_arrow&#8221; color=&#8221;custom&#8221; background_style=&#8221;rounded&#8221; background_color=&#8221;custom&#8221; align=&#8221;center&#8221; css=&#8221;&#8221; custom_color=&#8221;#FF6B00&#8243; custom_background_color=&#8221;rgba(255,255,255,0.01)&#8221; el_class=&#8221;btn-video&#8221; el_id=&#8221;btn-play-soldamatic-prime&#8221;][vc_column_text el_id=&#8221;cta-video-soldamatic-prime&#8221; el_class=&#8221;cta-descubrelo&#8221;] Erfahren! [\/vc_column_text][vc_row_inner content_placement=&#8221;middle&#8221; css=&#8221;.vc_custom_1741259773424{margin-top: 30vh !important;border-top-width: 2px !important;padding-top: 24px !important;padding-bottom: 24px !important;background-color: #002550&hellip;<\/p>\n","protected":false},"author":3,"featured_media":0,"parent":0,"menu_order":0,"comment_status":"closed","ping_status":"closed","template":"","meta":{"_acf_changed":false,"footnotes":""},"class_list":["post-8238","page","type-page","status-publish","hentry","description-off"],"acf":[],"yoast_head":"<!-- This site is optimized with the Yoast SEO plugin v26.4 - https:\/\/yoast.com\/wordpress\/plugins\/seo\/ -->\n<title>Prime -Soldamatic, Abonnement f\u00fcr exklusive Dienstleistungen | Seabery<\/title>\n<meta name=\"description\" content=\"Soldamatic Prime ist ein Abonnement, das eine Reihe von Dienstleistungen und Vorteilen umfasst, die in den erweiterten Lizenzen enthalten sind.\" \/>\n<meta name=\"robots\" content=\"index, follow, max-snippet:-1, max-image-preview:large, max-video-preview:-1\" \/>\n<link rel=\"canonical\" href=\"https:\/\/seaberyat.com\/de\/prime-soldamatic\/\" \/>\n<meta property=\"og:locale\" content=\"de_DE\" \/>\n<meta property=\"og:type\" content=\"article\" \/>\n<meta property=\"og:title\" content=\"Prime -Soldamatic, Abonnement f\u00fcr exklusive Dienstleistungen | Seabery\" \/>\n<meta property=\"og:description\" content=\"Soldamatic Prime ist ein Abonnement, das eine Reihe von Dienstleistungen und Vorteilen umfasst, die in den erweiterten Lizenzen enthalten sind.\" \/>\n<meta property=\"og:url\" content=\"https:\/\/seaberyat.com\/de\/prime-soldamatic\/\" \/>\n<meta property=\"og:site_name\" content=\"Seabery\" \/>\n<meta property=\"article:publisher\" content=\"https:\/\/www.facebook.com\/SeaberyAugmentedTechnology\/\" \/>\n<meta property=\"article:modified_time\" content=\"2025-03-06T11:17:44+00:00\" \/>\n<meta name=\"twitter:card\" content=\"summary_large_image\" \/>\n<meta name=\"twitter:site\" content=\"@Seabery\" \/>\n<meta name=\"twitter:label1\" content=\"Gesch\u00e4tzte Lesezeit\" \/>\n\t<meta name=\"twitter:data1\" content=\"4\u00a0Minuten\" \/>\n<script type=\"application\/ld+json\" class=\"yoast-schema-graph\">{\"@context\":\"https:\/\/schema.org\",\"@graph\":[{\"@type\":\"WebPage\",\"@id\":\"https:\/\/seaberyat.com\/de\/prime-soldamatic\/\",\"url\":\"https:\/\/seaberyat.com\/de\/prime-soldamatic\/\",\"name\":\"Prime -Soldamatic, Abonnement f\u00fcr exklusive Dienstleistungen | Seabery\",\"isPartOf\":{\"@id\":\"https:\/\/seaberyat.com\/de\/#website\"},\"datePublished\":\"2022-06-13T10:47:18+00:00\",\"dateModified\":\"2025-03-06T11:17:44+00:00\",\"description\":\"Soldamatic Prime ist ein Abonnement, das eine Reihe von Dienstleistungen und Vorteilen umfasst, die in den erweiterten Lizenzen enthalten sind.\",\"breadcrumb\":{\"@id\":\"https:\/\/seaberyat.com\/de\/prime-soldamatic\/#breadcrumb\"},\"inLanguage\":\"de\",\"potentialAction\":[{\"@type\":\"ReadAction\",\"target\":[\"https:\/\/seaberyat.com\/de\/prime-soldamatic\/\"]}]},{\"@type\":\"BreadcrumbList\",\"@id\":\"https:\/\/seaberyat.com\/de\/prime-soldamatic\/#breadcrumb\",\"itemListElement\":[{\"@type\":\"ListItem\",\"position\":1,\"name\":\"Home\",\"item\":\"https:\/\/seaberyat.com\/de\/\"},{\"@type\":\"ListItem\",\"position\":2,\"name\":\"PRIME &#8211; SOLDAMATIC\"}]},{\"@type\":\"WebSite\",\"@id\":\"https:\/\/seaberyat.com\/de\/#website\",\"url\":\"https:\/\/seaberyat.com\/de\/\",\"name\":\"Seabery\",\"description\":\"Seabery\",\"publisher\":{\"@id\":\"https:\/\/seaberyat.com\/de\/#organization\"},\"potentialAction\":[{\"@type\":\"SearchAction\",\"target\":{\"@type\":\"EntryPoint\",\"urlTemplate\":\"https:\/\/seaberyat.com\/de\/?s={search_term_string}\"},\"query-input\":{\"@type\":\"PropertyValueSpecification\",\"valueRequired\":true,\"valueName\":\"search_term_string\"}}],\"inLanguage\":\"de\"},{\"@type\":\"Organization\",\"@id\":\"https:\/\/seaberyat.com\/de\/#organization\",\"name\":\"Seaberyat\",\"url\":\"https:\/\/seaberyat.com\/de\/\",\"logo\":{\"@type\":\"ImageObject\",\"inLanguage\":\"de\",\"@id\":\"https:\/\/seaberyat.com\/de\/#\/schema\/logo\/image\/\",\"url\":\"https:\/\/seaberyat.com\/wp-content\/uploads\/2022\/10\/Recurso-1@4x.png\",\"contentUrl\":\"https:\/\/seaberyat.com\/wp-content\/uploads\/2022\/10\/Recurso-1@4x.png\",\"width\":2182,\"height\":644,\"caption\":\"Seaberyat\"},\"image\":{\"@id\":\"https:\/\/seaberyat.com\/de\/#\/schema\/logo\/image\/\"},\"sameAs\":[\"https:\/\/www.facebook.com\/SeaberyAugmentedTechnology\/\",\"https:\/\/x.com\/Seabery\"]}]}<\/script>\n<!-- \/ Yoast SEO plugin. -->","yoast_head_json":{"title":"Prime -Soldamatic, Abonnement f\u00fcr exklusive Dienstleistungen | Seabery","description":"Soldamatic Prime ist ein Abonnement, das eine Reihe von Dienstleistungen und Vorteilen umfasst, die in den erweiterten Lizenzen enthalten sind.","robots":{"index":"index","follow":"follow","max-snippet":"max-snippet:-1","max-image-preview":"max-image-preview:large","max-video-preview":"max-video-preview:-1"},"canonical":"https:\/\/seaberyat.com\/de\/prime-soldamatic\/","og_locale":"de_DE","og_type":"article","og_title":"Prime -Soldamatic, Abonnement f\u00fcr exklusive Dienstleistungen | Seabery","og_description":"Soldamatic Prime ist ein Abonnement, das eine Reihe von Dienstleistungen und Vorteilen umfasst, die in den erweiterten Lizenzen enthalten sind.","og_url":"https:\/\/seaberyat.com\/de\/prime-soldamatic\/","og_site_name":"Seabery","article_publisher":"https:\/\/www.facebook.com\/SeaberyAugmentedTechnology\/","article_modified_time":"2025-03-06T11:17:44+00:00","twitter_card":"summary_large_image","twitter_site":"@Seabery","twitter_misc":{"Gesch\u00e4tzte Lesezeit":"4\u00a0Minuten"},"schema":{"@context":"https:\/\/schema.org","@graph":[{"@type":"WebPage","@id":"https:\/\/seaberyat.com\/de\/prime-soldamatic\/","url":"https:\/\/seaberyat.com\/de\/prime-soldamatic\/","name":"Prime -Soldamatic, Abonnement f\u00fcr exklusive Dienstleistungen | Seabery","isPartOf":{"@id":"https:\/\/seaberyat.com\/de\/#website"},"datePublished":"2022-06-13T10:47:18+00:00","dateModified":"2025-03-06T11:17:44+00:00","description":"Soldamatic Prime ist ein Abonnement, das eine Reihe von Dienstleistungen und Vorteilen umfasst, die in den erweiterten Lizenzen enthalten sind.","breadcrumb":{"@id":"https:\/\/seaberyat.com\/de\/prime-soldamatic\/#breadcrumb"},"inLanguage":"de","potentialAction":[{"@type":"ReadAction","target":["https:\/\/seaberyat.com\/de\/prime-soldamatic\/"]}]},{"@type":"BreadcrumbList","@id":"https:\/\/seaberyat.com\/de\/prime-soldamatic\/#breadcrumb","itemListElement":[{"@type":"ListItem","position":1,"name":"Home","item":"https:\/\/seaberyat.com\/de\/"},{"@type":"ListItem","position":2,"name":"PRIME &#8211; SOLDAMATIC"}]},{"@type":"WebSite","@id":"https:\/\/seaberyat.com\/de\/#website","url":"https:\/\/seaberyat.com\/de\/","name":"Seabery","description":"Seabery","publisher":{"@id":"https:\/\/seaberyat.com\/de\/#organization"},"potentialAction":[{"@type":"SearchAction","target":{"@type":"EntryPoint","urlTemplate":"https:\/\/seaberyat.com\/de\/?s={search_term_string}"},"query-input":{"@type":"PropertyValueSpecification","valueRequired":true,"valueName":"search_term_string"}}],"inLanguage":"de"},{"@type":"Organization","@id":"https:\/\/seaberyat.com\/de\/#organization","name":"Seaberyat","url":"https:\/\/seaberyat.com\/de\/","logo":{"@type":"ImageObject","inLanguage":"de","@id":"https:\/\/seaberyat.com\/de\/#\/schema\/logo\/image\/","url":"https:\/\/seaberyat.com\/wp-content\/uploads\/2022\/10\/Recurso-1@4x.png","contentUrl":"https:\/\/seaberyat.com\/wp-content\/uploads\/2022\/10\/Recurso-1@4x.png","width":2182,"height":644,"caption":"Seaberyat"},"image":{"@id":"https:\/\/seaberyat.com\/de\/#\/schema\/logo\/image\/"},"sameAs":["https:\/\/www.facebook.com\/SeaberyAugmentedTechnology\/","https:\/\/x.com\/Seabery"]}]}},"_links":{"self":[{"href":"https:\/\/seaberyat.com\/de\/wp-json\/wp\/v2\/pages\/8238","targetHints":{"allow":["GET"]}}],"collection":[{"href":"https:\/\/seaberyat.com\/de\/wp-json\/wp\/v2\/pages"}],"about":[{"href":"https:\/\/seaberyat.com\/de\/wp-json\/wp\/v2\/types\/page"}],"author":[{"embeddable":true,"href":"https:\/\/seaberyat.com\/de\/wp-json\/wp\/v2\/users\/3"}],"replies":[{"embeddable":true,"href":"https:\/\/seaberyat.com\/de\/wp-json\/wp\/v2\/comments?post=8238"}],"version-history":[{"count":6,"href":"https:\/\/seaberyat.com\/de\/wp-json\/wp\/v2\/pages\/8238\/revisions"}],"predecessor-version":[{"id":19184,"href":"https:\/\/seaberyat.com\/de\/wp-json\/wp\/v2\/pages\/8238\/revisions\/19184"}],"wp:attachment":[{"href":"https:\/\/seaberyat.com\/de\/wp-json\/wp\/v2\/media?parent=8238"}],"curies":[{"name":"wp","href":"https:\/\/api.w.org\/{rel}","templated":true}]}}