{"id":8171,"date":"2022-06-13T15:56:35","date_gmt":"2022-06-13T13:56:35","guid":{"rendered":"https:\/\/seaberyat.com\/sobre-seabery\/"},"modified":"2025-03-05T23:58:31","modified_gmt":"2025-03-05T22:58:31","slug":"unternehmen","status":"publish","type":"page","link":"https:\/\/seaberyat.com\/de\/unternehmen\/","title":{"rendered":"\u00dcBER UNS"},"content":{"rendered":"<div class=\"wpb-content-wrapper\"><p>[vc_row full_width=&#8221;stretch_row&#8221; css=&#8221;.vc_custom_1741215248857{padding-top: 48px !important;padding-bottom: 48px !important;background-color: #002550 !important;}&#8221;][vc_column][vc_column_text css=&#8221;&#8221;]<\/p>\n<h1><span style=\"color: #ffffff;\">\u00dcBER UNS<\/span><\/h1>\n<p><span style=\"color: #ffffff;\">Seabery Augmented Technology ist weltweit f\u00fchrend in der Entwicklung von simulationsbasierten Bildungsl\u00f6sungen mit Augmented-Reality-Technologie. Das Unternehmen hat es sich zum Ziel gesetzt, im Bereich EdTech und Industrie f\u00fcr kompetenzbasierte Schulungen Ma\u00dfst\u00e4be zu setzen, indem es dazu beitr\u00e4gt, das traditionelle Bildungsmodell weiterzuentwickeln und Unternehmen die M\u00f6glichkeit gibt, sich an die Anforderungen der Industrie 4.0 anzupassen. Die L\u00f6sung f\u00fcr die Schwei\u00dfausbildung,<span style=\"color: #ff6b00;\"> <a style=\"color: #ff6b00;\" href=\"https:\/\/seaberyat.com\/de\/soldamatic\/\">Soldamatic Augmented Training\u00ae<\/a>,<\/span> wird derzeit in mehr als 80 L\u00e4ndern eingesetzt und w\u00e4chst exponentiell Soldamatic verf\u00fcgt \u00fcber die patentierte HyperReal-SimTM-Technologie und wurde bei den Auggie Awards (Silicon Valley, Kalifornien) als beste Augmented-Reality-Anwendung im Bildungsbereich ausgezeichnet, da sie ein neues Paradigma in der Welt der traditionellen Berufsausbildung vorschl\u00e4gt. K\u00fcrzlich, im M\u00e4rz 2022, wurde es von der spanischen Handelskammer als KMU des Jahres in Spanien ausgezeichnet und erhielt die Auszeichnung von K\u00f6nig Felipe VI.<\/span>[\/vc_column_text][vc_video link=&#8221;https:\/\/youtu.be\/at5r1U5qZO4&#8243; align=&#8221;center&#8221; css=&#8221;&#8221;][\/vc_column][\/vc_row][vc_row css=&#8221;.vc_custom_1726125253312{padding-top: 60px !important;padding-bottom: px !important;}&#8221;][vc_column][vc_column_text css=&#8221;&#8221;]<\/p>\n<h2><span style=\"color: #ff6b00;\">EINE GESCHICHTE VON LEIDENSCHAFTLICHEN MENSCHEN<\/span><\/h2>\n<p>[\/vc_column_text][vc_column_text css=&#8221;&#8221;]<span style=\"color: #002550;\">Im reinsten Silicon-Valley-Stil wurde Seabery in der \u201eGarage\u201c eines der Gr\u00fcnder, Basilio Marqu\u00ednez (derzeitiger Pr\u00e4sident von Seabery), geboren, der die urspr\u00fcngliche Idee hatte, eine beginnende Technologie wie Augmented Reality anzuwenden, um den Ausbildungsprozess in einem so alten und wichtigen Beruf wie dem Schwei\u00dfen zu verbessern. Dieses Zusammentreffen von Ideen zwischen einem Bedarf und einer Technologie nimmt mit dem Fachwissen und der Vision von Personen, die mit der Universit\u00e4t Huelva verbunden sind, Gestalt an, die ein Projekt zu gestalten beginnen, das Jahre sp\u00e4ter zu einem der wichtigsten Unternehmen der Stadt und zum unbestrittenen Weltmarktf\u00fchrer in der digitalen Schwei\u00dfausbildung wird.<\/span><\/p>\n<p><span style=\"color: #002550;\">Huelva ist der Geburtsort von Seabery und Sitz der Unternehmenszentrale. Trotzdem setzen sich unsere Teams aus Mitarbeitern von mehr als 20 verschiedenen Nationalit\u00e4ten zusammen. Seabery hat an Gr\u00f6\u00dfe und Pr\u00e4senz in der ganzen Welt zugenommen, was vielen derjenigen, die bei der Entstehung und dem Wachstum des Unternehmens geholfen haben, die M\u00f6glichkeit gegeben hat, eine reiche Karriere innerhalb des Unternehmens zu entwickeln.<\/span>[\/vc_column_text][\/vc_column][\/vc_row][vc_row content_placement=&#8221;middle&#8221; css=&#8221;.vc_custom_1726125276310{padding-top: px !important;padding-bottom: 60px !important;}&#8221;][vc_column width=&#8221;1\/2&#8243;][vc_column_text css=&#8221;&#8221;]<span style=\"color: #002550;\">Der Erfolg dieser Vision war so spektakul\u00e4r, dass das Unternehmen Jahr f\u00fcr Jahr gewachsen ist, indem es seine gesamten Gewinne in Talente und Ressourcen reinvestiert hat, beseelt von der festen \u00dcberzeugung, dass die Zukunft noch heller sein w\u00fcrde. Im Jahr 2022 haben wir das Potenzial und die Vision von zwei der wichtigsten Investmentfonds des Landes vereint: Seaya und MCH, Partner und Freunde, die uns helfen werden, weiter zu wachsen und uns zu verbessern.<\/span><\/p>\n<p><span style=\"color: #002550;\">Wir lassen uns von der Ausbildung inspirieren, aber auch von der Sorge um unseren Planeten und unserem unerm\u00fcdlichen Einsatz f\u00fcr seine Erhaltung. Und nat\u00fcrlich lassen wir uns von der Technologie inspirieren, ohne dabei die Menschen dahinter zu vergessen. Seabery hat eine sch\u00f6ne Geschichte zu erz\u00e4hlen, aber noch spannender ist die, die wir noch zu schreiben haben.<\/span>[\/vc_column_text][\/vc_column][vc_column width=&#8221;1\/2&#8243;][vc_video link=&#8221;https:\/\/youtu.be\/5SDwHpUHW3w&#8221; align=&#8221;center&#8221;][\/vc_column][\/vc_row][vc_row full_width=&#8221;stretch_row&#8221; css=&#8221;.vc_custom_1741215471181{padding-top: 48px !important;padding-bottom: 48px !important;background-color: #002550 !important;}&#8221;][vc_column][vc_column_text css=&#8221;&#8221;]<\/p>\n<h2><span style=\"color: #ff6b00;\">WAS UNS AUSZEICHNET<\/span><\/h2>\n<p><span style=\"color: #ffffff;\">Wenn wir in einem Satz zusammenfassen m\u00fcssten, was das ultimative Ziel der Mitarbeiter von Seabery ist, dann w\u00e4re es so etwas wie \u201esich neue Wege zur Ausbildung eines Berufs vorzustellen und einen Weg zu finden, dieses Konzept in ein Hightech-Produkt umzusetzen\u201c. Nicht jedes Unternehmen kann seine Zukunft auf eine leere Leinwand malen. Deshalb ist die Arbeit bei Seabery auch anders.<\/span><\/p>\n<p><span style=\"color: #ffffff;\">Der Arbeitsalltag bei Seabery besteht darin, \u201eout of the box\u201c zu denken, um neue Wege zu beschreiten, die noch niemand zuvor beschritten hat. Die Art von Produkten, die wir entwerfen und bauen, wurde im Allgemeinen noch nie zuvor konzipiert, wir sind Pioniere.<\/span><\/p>\n<p><span style=\"color: #ffffff;\">Sobald wir eine bahnbrechende Idee haben, besteht die n\u00e4chste Herausforderung darin, wie wir sie umsetzen k\u00f6nnen. Und auch hier sind wir anders: Der gesamte Produktentstehungszyklus wird von Anfang bis Ende innerhalb des Unternehmens durchgef\u00fchrt. Vom ersten Proof of Concept \u00fcber die Entwicklung der Soft- und Hardware bis hin zur Konstruktion und Montage der Simulatoren und ihrer Peripherie.<\/span><\/p>\n<p><span style=\"color: #ffffff;\">Ein weiterer Punkt, der uns auszeichnet, ist die langfristige Bindung, die wir mit allen unseren Mitarbeitern eingehen: Alle unsere Mitarbeiter haben ein unbefristetes Arbeitsverh\u00e4ltnis. Wenn wir uns entscheiden, ein Team zu erweitern und eine neue Stelle zu schaffen, geschieht dies immer mit Blick auf die Zukunft.<\/span><\/p>\n<p><span style=\"color: #ffffff;\">Auf diese Weise bringen Menschen aus allen Bereichen des Unternehmens, unabh\u00e4ngig von ihrem beruflichen Profil, ihr Sandkorn und eine besondere Vision ein, die alle anderen bereichert. Wir rudern alle in dieselbe Richtung, um die Art und Weise, wie die Welt lehrt und lernt, zu ver\u00e4ndern.<\/span>[\/vc_column_text][vc_single_image image=&#8221;16327&#8243; img_size=&#8221;large&#8221; alignment=&#8221;center&#8221; style=&#8221;vc_box_rounded&#8221; onclick=&#8221;custom_link&#8221; img_link_target=&#8221;_blank&#8221; link=&#8221;https:\/\/www.youtube.com\/playlist?list=PLHJ11CaIswavBqNTYkWI7xeHhhuYx4q9G&#8221;][\/vc_column][\/vc_row][vc_row disable_element=&#8221;yes&#8221;][vc_column][vc_single_image image=&#8221;814&#8243; img_size=&#8221;full&#8221; alignment=&#8221;center&#8221; el_class=&#8221;icon-seabery&#8221;][\/vc_column][\/vc_row]<\/p>\n<\/div>","protected":false},"excerpt":{"rendered":"<p>[vc_row full_width=&#8221;stretch_row&#8221; css=&#8221;.vc_custom_1741215248857{padding-top: 48px !important;padding-bottom: 48px !important;background-color: #002550 !important;}&#8221;][vc_column][vc_column_text css=&#8221;&#8221;] \u00dcBER UNS Seabery Augmented Technology ist weltweit f\u00fchrend in der Entwicklung von simulationsbasierten Bildungsl\u00f6sungen mit Augmented-Reality-Technologie. Das Unternehmen hat es sich zum Ziel gesetzt, im Bereich EdTech und Industrie f\u00fcr kompetenzbasierte Schulungen Ma\u00dfst\u00e4be zu setzen, indem es dazu beitr\u00e4gt, das traditionelle Bildungsmodell weiterzuentwickeln und Unternehmen&hellip;<\/p>\n","protected":false},"author":3,"featured_media":0,"parent":0,"menu_order":0,"comment_status":"closed","ping_status":"closed","template":"","meta":{"_acf_changed":false,"footnotes":""},"class_list":["post-8171","page","type-page","status-publish","hentry","description-off"],"acf":[],"yoast_head":"<!-- This site is optimized with the Yoast SEO plugin v26.4 - https:\/\/yoast.com\/wordpress\/plugins\/seo\/ -->\n<title>\u00dcBER UNS | Seabery<\/title>\n<meta name=\"description\" content=\"Seabery Augmented Technology ist das weltweit f\u00fchrende Unternehmen in der Entwicklung von bildungstechnischen Simulationsl\u00f6sungen mit Augmented-Reality-Technologie.\" \/>\n<meta name=\"robots\" content=\"index, follow, max-snippet:-1, max-image-preview:large, max-video-preview:-1\" \/>\n<link rel=\"canonical\" href=\"https:\/\/seaberyat.com\/de\/unternehmen\/\" \/>\n<meta property=\"og:locale\" content=\"de_DE\" \/>\n<meta property=\"og:type\" content=\"article\" \/>\n<meta property=\"og:title\" content=\"\u00dcBER UNS | Seabery\" \/>\n<meta property=\"og:description\" content=\"Seabery Augmented Technology ist das weltweit f\u00fchrende Unternehmen in der Entwicklung von bildungstechnischen Simulationsl\u00f6sungen mit Augmented-Reality-Technologie.\" \/>\n<meta property=\"og:url\" content=\"https:\/\/seaberyat.com\/de\/unternehmen\/\" \/>\n<meta property=\"og:site_name\" content=\"Seabery\" \/>\n<meta property=\"article:publisher\" content=\"https:\/\/www.facebook.com\/SeaberyAugmentedTechnology\/\" \/>\n<meta property=\"article:modified_time\" content=\"2025-03-05T22:58:31+00:00\" \/>\n<meta name=\"twitter:card\" content=\"summary_large_image\" \/>\n<meta name=\"twitter:site\" content=\"@Seabery\" \/>\n<meta name=\"twitter:label1\" content=\"Gesch\u00e4tzte Lesezeit\" \/>\n\t<meta name=\"twitter:data1\" content=\"4\u00a0Minuten\" \/>\n<script type=\"application\/ld+json\" class=\"yoast-schema-graph\">{\"@context\":\"https:\/\/schema.org\",\"@graph\":[{\"@type\":\"WebPage\",\"@id\":\"https:\/\/seaberyat.com\/de\/unternehmen\/\",\"url\":\"https:\/\/seaberyat.com\/de\/unternehmen\/\",\"name\":\"\u00dcBER UNS | Seabery\",\"isPartOf\":{\"@id\":\"https:\/\/seaberyat.com\/de\/#website\"},\"datePublished\":\"2022-06-13T13:56:35+00:00\",\"dateModified\":\"2025-03-05T22:58:31+00:00\",\"description\":\"Seabery Augmented Technology ist das weltweit f\u00fchrende Unternehmen in der Entwicklung von bildungstechnischen Simulationsl\u00f6sungen mit Augmented-Reality-Technologie.\",\"breadcrumb\":{\"@id\":\"https:\/\/seaberyat.com\/de\/unternehmen\/#breadcrumb\"},\"inLanguage\":\"de\",\"potentialAction\":[{\"@type\":\"ReadAction\",\"target\":[\"https:\/\/seaberyat.com\/de\/unternehmen\/\"]}]},{\"@type\":\"BreadcrumbList\",\"@id\":\"https:\/\/seaberyat.com\/de\/unternehmen\/#breadcrumb\",\"itemListElement\":[{\"@type\":\"ListItem\",\"position\":1,\"name\":\"Home\",\"item\":\"https:\/\/seaberyat.com\/de\/\"},{\"@type\":\"ListItem\",\"position\":2,\"name\":\"\u00dcBER UNS\"}]},{\"@type\":\"WebSite\",\"@id\":\"https:\/\/seaberyat.com\/de\/#website\",\"url\":\"https:\/\/seaberyat.com\/de\/\",\"name\":\"Seabery\",\"description\":\"Seabery\",\"publisher\":{\"@id\":\"https:\/\/seaberyat.com\/de\/#organization\"},\"potentialAction\":[{\"@type\":\"SearchAction\",\"target\":{\"@type\":\"EntryPoint\",\"urlTemplate\":\"https:\/\/seaberyat.com\/de\/?s={search_term_string}\"},\"query-input\":{\"@type\":\"PropertyValueSpecification\",\"valueRequired\":true,\"valueName\":\"search_term_string\"}}],\"inLanguage\":\"de\"},{\"@type\":\"Organization\",\"@id\":\"https:\/\/seaberyat.com\/de\/#organization\",\"name\":\"Seaberyat\",\"url\":\"https:\/\/seaberyat.com\/de\/\",\"logo\":{\"@type\":\"ImageObject\",\"inLanguage\":\"de\",\"@id\":\"https:\/\/seaberyat.com\/de\/#\/schema\/logo\/image\/\",\"url\":\"https:\/\/seaberyat.com\/wp-content\/uploads\/2022\/10\/Recurso-1@4x.png\",\"contentUrl\":\"https:\/\/seaberyat.com\/wp-content\/uploads\/2022\/10\/Recurso-1@4x.png\",\"width\":2182,\"height\":644,\"caption\":\"Seaberyat\"},\"image\":{\"@id\":\"https:\/\/seaberyat.com\/de\/#\/schema\/logo\/image\/\"},\"sameAs\":[\"https:\/\/www.facebook.com\/SeaberyAugmentedTechnology\/\",\"https:\/\/x.com\/Seabery\"]}]}<\/script>\n<!-- \/ Yoast SEO plugin. -->","yoast_head_json":{"title":"\u00dcBER UNS | Seabery","description":"Seabery Augmented Technology ist das weltweit f\u00fchrende Unternehmen in der Entwicklung von bildungstechnischen Simulationsl\u00f6sungen mit Augmented-Reality-Technologie.","robots":{"index":"index","follow":"follow","max-snippet":"max-snippet:-1","max-image-preview":"max-image-preview:large","max-video-preview":"max-video-preview:-1"},"canonical":"https:\/\/seaberyat.com\/de\/unternehmen\/","og_locale":"de_DE","og_type":"article","og_title":"\u00dcBER UNS | Seabery","og_description":"Seabery Augmented Technology ist das weltweit f\u00fchrende Unternehmen in der Entwicklung von bildungstechnischen Simulationsl\u00f6sungen mit Augmented-Reality-Technologie.","og_url":"https:\/\/seaberyat.com\/de\/unternehmen\/","og_site_name":"Seabery","article_publisher":"https:\/\/www.facebook.com\/SeaberyAugmentedTechnology\/","article_modified_time":"2025-03-05T22:58:31+00:00","twitter_card":"summary_large_image","twitter_site":"@Seabery","twitter_misc":{"Gesch\u00e4tzte Lesezeit":"4\u00a0Minuten"},"schema":{"@context":"https:\/\/schema.org","@graph":[{"@type":"WebPage","@id":"https:\/\/seaberyat.com\/de\/unternehmen\/","url":"https:\/\/seaberyat.com\/de\/unternehmen\/","name":"\u00dcBER UNS | Seabery","isPartOf":{"@id":"https:\/\/seaberyat.com\/de\/#website"},"datePublished":"2022-06-13T13:56:35+00:00","dateModified":"2025-03-05T22:58:31+00:00","description":"Seabery Augmented Technology ist das weltweit f\u00fchrende Unternehmen in der Entwicklung von bildungstechnischen Simulationsl\u00f6sungen mit Augmented-Reality-Technologie.","breadcrumb":{"@id":"https:\/\/seaberyat.com\/de\/unternehmen\/#breadcrumb"},"inLanguage":"de","potentialAction":[{"@type":"ReadAction","target":["https:\/\/seaberyat.com\/de\/unternehmen\/"]}]},{"@type":"BreadcrumbList","@id":"https:\/\/seaberyat.com\/de\/unternehmen\/#breadcrumb","itemListElement":[{"@type":"ListItem","position":1,"name":"Home","item":"https:\/\/seaberyat.com\/de\/"},{"@type":"ListItem","position":2,"name":"\u00dcBER UNS"}]},{"@type":"WebSite","@id":"https:\/\/seaberyat.com\/de\/#website","url":"https:\/\/seaberyat.com\/de\/","name":"Seabery","description":"Seabery","publisher":{"@id":"https:\/\/seaberyat.com\/de\/#organization"},"potentialAction":[{"@type":"SearchAction","target":{"@type":"EntryPoint","urlTemplate":"https:\/\/seaberyat.com\/de\/?s={search_term_string}"},"query-input":{"@type":"PropertyValueSpecification","valueRequired":true,"valueName":"search_term_string"}}],"inLanguage":"de"},{"@type":"Organization","@id":"https:\/\/seaberyat.com\/de\/#organization","name":"Seaberyat","url":"https:\/\/seaberyat.com\/de\/","logo":{"@type":"ImageObject","inLanguage":"de","@id":"https:\/\/seaberyat.com\/de\/#\/schema\/logo\/image\/","url":"https:\/\/seaberyat.com\/wp-content\/uploads\/2022\/10\/Recurso-1@4x.png","contentUrl":"https:\/\/seaberyat.com\/wp-content\/uploads\/2022\/10\/Recurso-1@4x.png","width":2182,"height":644,"caption":"Seaberyat"},"image":{"@id":"https:\/\/seaberyat.com\/de\/#\/schema\/logo\/image\/"},"sameAs":["https:\/\/www.facebook.com\/SeaberyAugmentedTechnology\/","https:\/\/x.com\/Seabery"]}]}},"_links":{"self":[{"href":"https:\/\/seaberyat.com\/de\/wp-json\/wp\/v2\/pages\/8171","targetHints":{"allow":["GET"]}}],"collection":[{"href":"https:\/\/seaberyat.com\/de\/wp-json\/wp\/v2\/pages"}],"about":[{"href":"https:\/\/seaberyat.com\/de\/wp-json\/wp\/v2\/types\/page"}],"author":[{"embeddable":true,"href":"https:\/\/seaberyat.com\/de\/wp-json\/wp\/v2\/users\/3"}],"replies":[{"embeddable":true,"href":"https:\/\/seaberyat.com\/de\/wp-json\/wp\/v2\/comments?post=8171"}],"version-history":[{"count":6,"href":"https:\/\/seaberyat.com\/de\/wp-json\/wp\/v2\/pages\/8171\/revisions"}],"predecessor-version":[{"id":19093,"href":"https:\/\/seaberyat.com\/de\/wp-json\/wp\/v2\/pages\/8171\/revisions\/19093"}],"wp:attachment":[{"href":"https:\/\/seaberyat.com\/de\/wp-json\/wp\/v2\/media?parent=8171"}],"curies":[{"name":"wp","href":"https:\/\/api.w.org\/{rel}","templated":true}]}}