{"id":8126,"date":"2022-06-13T12:33:40","date_gmt":"2022-06-13T10:33:40","guid":{"rendered":"https:\/\/seaberyat.com\/skill-training\/"},"modified":"2025-03-05T21:51:45","modified_gmt":"2025-03-05T20:51:45","slug":"skill-training","status":"publish","type":"page","link":"https:\/\/seaberyat.com\/de\/skill-training\/","title":{"rendered":"SKILLS TRAINING"},"content":{"rendered":"<div class=\"wpb-content-wrapper\"><p>[vc_row gap=&#8221;30&#8243; content_placement=&#8221;top&#8221; css=&#8221;.vc_custom_1655891176951{margin-top: 96px !important;}&#8221;][vc_column width=&#8221;1\/2&#8243; css=&#8221;.vc_custom_1655795279636{padding-top: 0px !important;padding-bottom: 0px !important;}&#8221;][vc_column_text css=&#8221;.vc_custom_1658475672816{margin-top: 12px !important;}&#8221;]<\/p>\n<h1><span style=\"color: #ff6b00;\">Skills Training<\/span><\/h1>\n<p><span style=\"color: #375773;\">Der Mangel an qualifizierten Arbeitskr\u00e4ften im Industriesektor stellt eine gro\u00dfe Herausforderung dar. Seabery entwickelt Augmented-Reality-(AR)-Schulungsl\u00f6sungen f\u00fcr die Entwicklung von Fertigkeiten, um die j\u00fcngeren Generationen anzusprechen und diese Kluft zu verringern.<\/span>[\/vc_column_text][\/vc_column][vc_column width=&#8221;1\/2&#8243; css=&#8221;.vc_custom_1655795290422{padding-top: 0px !important;padding-bottom: 0px !important;}&#8221;][vc_single_image image=&#8221;6158&#8243; img_size=&#8221;full&#8221; alignment=&#8221;center&#8221; css=&#8221;.vc_custom_1661511834553{margin-bottom: 0px !important;padding-bottom: 0px !important;}&#8221;][vc_raw_html css=&#8221;.vc_custom_1655740946144{margin-top: 0px !important;}&#8221;]PGRpdiBzdHlsZT0iaGVpZ2h0OiA4MHB4OyB3aWR0aDogMXB4OyBiYWNrZ3JvdW5kLWNvbG9yOiAjNzA3MDcwOyBtYXJnaW46IGF1dG87Ij48L2Rpdj4=[\/vc_raw_html][\/vc_column][\/vc_row][vc_row gap=&#8221;30&#8243; rtl_reverse=&#8221;yes&#8221; content_placement=&#8221;top&#8221; css=&#8221;.vc_custom_1658475793222{margin-top: -12px !important;}&#8221;][vc_column width=&#8221;1\/2&#8243; css=&#8221;.vc_custom_1657797220884{padding-top: 0px !important;padding-bottom: 0px !important;}&#8221; offset=&#8221;vc_hidden-xs&#8221;][vc_single_image image=&#8221;6299&#8243; img_size=&#8221;full&#8221; el_class=&#8221;detail-back-3&#8243;][vc_single_image image=&#8221;6161&#8243; img_size=&#8221;full&#8221; alignment=&#8221;center&#8221; css=&#8221;.vc_custom_1661511848232{margin-bottom: 0px !important;}&#8221;][vc_raw_html css=&#8221;.vc_custom_1655740946144{margin-top: 0px !important;}&#8221;]PGRpdiBzdHlsZT0iaGVpZ2h0OiA4MHB4OyB3aWR0aDogMXB4OyBiYWNrZ3JvdW5kLWNvbG9yOiAjNzA3MDcwOyBtYXJnaW46IGF1dG87Ij48L2Rpdj4=[\/vc_raw_html][\/vc_column][vc_column width=&#8221;1\/2&#8243; css=&#8221;.vc_custom_1657797226724{padding-top: 0px !important;padding-bottom: 0px !important;}&#8221; offset=&#8221;vc_hidden-xs&#8221;][vc_column_text css=&#8221;.vc_custom_1658475812110{margin-top: 0px !important;}&#8221;]<\/p>\n<h2><span style=\"color: #ff6b00;\">Augmented Reality<\/span><\/h2>\n<p><span style=\"color: #375773;\">Augmented Reality spielt bei der Entwicklung von F\u00e4higkeiten eine wichtige Rolle, da sie das \u00dcben in einer kontrollierten und sicheren Umgebung erm\u00f6glicht. Sie k\u00f6nnen so lange \u00fcben, bis Sie die erforderlichen Fertigkeiten erworben haben, um in einer realen Umgebung sicher zu arbeiten.<\/span>[\/vc_column_text][\/vc_column][\/vc_row][vc_row gap=&#8221;30&#8243; rtl_reverse=&#8221;yes&#8221; content_placement=&#8221;top&#8221; css=&#8221;.vc_custom_1657797059013{margin-top: -40px !important;}&#8221;][vc_column width=&#8221;1\/2&#8243; css=&#8221;.vc_custom_1657797199220{padding-top: 0px !important;padding-bottom: 0px !important;}&#8221; offset=&#8221;vc_hidden-lg vc_hidden-md vc_hidden-sm&#8221;][vc_column_text css=&#8221;.vc_custom_1655794978517{margin-top: 30px !important;}&#8221;]<\/p>\n<h2><span style=\"color: #ff6b00;\">Augmented Reality<\/span><\/h2>\n<p><span style=\"color: #375773;\">Augmented Reality spielt bei der Entwicklung von F\u00e4higkeiten eine wichtige Rolle, da sie das \u00dcben in einer kontrollierten und sicheren Umgebung erm\u00f6glicht. Sie k\u00f6nnen so lange \u00fcben, bis Sie die erforderlichen Fertigkeiten erworben haben, um in einer realen Umgebung sicher zu arbeiten.<\/span>[\/vc_column_text][\/vc_column][vc_column width=&#8221;1\/2&#8243; css=&#8221;.vc_custom_1657797207228{padding-top: 0px !important;padding-bottom: 0px !important;}&#8221; offset=&#8221;vc_hidden-lg vc_hidden-md vc_hidden-sm&#8221;][vc_single_image image=&#8221;6161&#8243; img_size=&#8221;full&#8221; alignment=&#8221;center&#8221; css=&#8221;.vc_custom_1661511848232{margin-bottom: 0px !important;}&#8221;][vc_raw_html css=&#8221;.vc_custom_1655740946144{margin-top: 0px !important;}&#8221;]PGRpdiBzdHlsZT0iaGVpZ2h0OiA4MHB4OyB3aWR0aDogMXB4OyBiYWNrZ3JvdW5kLWNvbG9yOiAjNzA3MDcwOyBtYXJnaW46IGF1dG87Ij48L2Rpdj4=[\/vc_raw_html][\/vc_column][\/vc_row][vc_row gap=&#8221;30&#8243; content_placement=&#8221;top&#8221; css=&#8221;.vc_custom_1658476944439{margin-top: 24px !important;margin-bottom: 0px !important;}&#8221;][vc_column width=&#8221;1\/2&#8243; css=&#8221;.vc_custom_1655795243005{padding-top: 0px !important;padding-bottom: 0px !important;}&#8221;][vc_column_text css=&#8221;.vc_custom_1658475875214{margin-top: 0px !important;}&#8221;]<\/p>\n<h2><span style=\"color: #ff6b00;\">Schulungsprogramm<\/span><\/h2>\n<p><span style=\"color: #375773;\">Bildungssysteme m\u00fcssen in der Lage sein, geeignete Ausbildungsprogramme f\u00fcr die Entwicklung von Fertigkeiten anzubieten, um den Bedarf an qualifizierten Arbeitskr\u00e4ften zu decken und gleichzeitig die Integration junger Menschen in den Arbeitsmarkt zu erm\u00f6glichen.<\/span>[\/vc_column_text][\/vc_column][vc_column width=&#8221;1\/2&#8243; css=&#8221;.vc_custom_1655795251523{padding-top: 0px !important;padding-bottom: 0px !important;}&#8221;][vc_single_image image=&#8221;6312&#8243; img_size=&#8221;full&#8221; el_class=&#8221;detail-back&#8221;][vc_single_image image=&#8221;6164&#8243; img_size=&#8221;full&#8221; alignment=&#8221;center&#8221; css=&#8221;.vc_custom_1661511910732{margin-bottom: 0px !important;padding-bottom: 0px !important;}&#8221;][vc_raw_html css=&#8221;.vc_custom_1655740946144{margin-top: 0px !important;}&#8221;]PGRpdiBzdHlsZT0iaGVpZ2h0OiA4MHB4OyB3aWR0aDogMXB4OyBiYWNrZ3JvdW5kLWNvbG9yOiAjNzA3MDcwOyBtYXJnaW46IGF1dG87Ij48L2Rpdj4=[\/vc_raw_html][\/vc_column][\/vc_row][vc_row gap=&#8221;30&#8243; content_placement=&#8221;top&#8221; css=&#8221;.vc_custom_1658475971575{margin-top: -24px !important;margin-bottom: 96px !important;}&#8221;][vc_column width=&#8221;1\/2&#8243; css=&#8221;.vc_custom_1657797294867{padding-top: 0px !important;padding-bottom: 0px !important;}&#8221; offset=&#8221;vc_hidden-xs&#8221;][vc_single_image image=&#8221;6167&#8243; img_size=&#8221;full&#8221; alignment=&#8221;center&#8221; css=&#8221;.vc_custom_1661511934714{margin-bottom: 0px !important;}&#8221;][vc_single_image image=&#8221;6312&#8243; img_size=&#8221;full&#8221; el_class=&#8221;detail-back-3&#8243;][\/vc_column][vc_column width=&#8221;1\/2&#8243; css=&#8221;.vc_custom_1657797301589{padding-top: 0px !important;padding-bottom: 0px !important;}&#8221; offset=&#8221;vc_hidden-xs&#8221;][vc_column_text css=&#8221;.vc_custom_1658475917959{margin-top: 0px !important;}&#8221;]<\/p>\n<h2><span style=\"color: #ff6b00;\">Einbindung<\/span><\/h2>\n<p><span style=\"color: #375773;\">Neue Technologien, insbesondere Augmented Reality, eignen sich hervorragend, um das Interesse junger Menschen zu wecken. Sie erm\u00f6glichen nicht nur die Vermittlung von Grundkenntnissen bei Anf\u00e4ngern, sondern auch die Vermittlung spezifischer F\u00e4higkeiten f\u00fcr qualifizierte und erfahrene Schwei\u00dfer, die diese f\u00fcr ihre T\u00e4tigkeit ben\u00f6tigen.<\/span>[\/vc_column_text][\/vc_column][\/vc_row][vc_row gap=&#8221;30&#8243; content_placement=&#8221;top&#8221; css=&#8221;.vc_custom_1657797469931{margin-top: -120px !important;margin-bottom: 96px !important;}&#8221;][vc_column width=&#8221;1\/2&#8243; css=&#8221;.vc_custom_1657797281109{padding-top: 0px !important;padding-bottom: 0px !important;}&#8221; offset=&#8221;vc_hidden-lg vc_hidden-md vc_hidden-sm&#8221;][vc_column_text css=&#8221;.vc_custom_1655795452733{margin-top: 30px !important;}&#8221;]<\/p>\n<h2><span style=\"color: #ff6b00;\">Einbindung<\/span><\/h2>\n<p><span style=\"color: #375773;\">Neue Technologien, insbesondere Augmented Reality, eignen sich hervorragend, um das Interesse junger Menschen zu wecken. Sie erm\u00f6glichen nicht nur die Vermittlung von Grundkenntnissen bei Anf\u00e4ngern, sondern auch die Vermittlung spezifischer F\u00e4higkeiten f\u00fcr qualifizierte und erfahrene Schwei\u00dfer, die diese f\u00fcr ihre T\u00e4tigkeit ben\u00f6tigen.<\/span>[\/vc_column_text][\/vc_column][vc_column width=&#8221;1\/2&#8243; css=&#8221;.vc_custom_1657797288268{padding-top: 0px !important;padding-bottom: 0px !important;}&#8221; offset=&#8221;vc_hidden-lg vc_hidden-md vc_hidden-sm&#8221;][vc_single_image image=&#8221;6167&#8243; img_size=&#8221;full&#8221; alignment=&#8221;center&#8221; css=&#8221;.vc_custom_1661511934714{margin-bottom: 0px !important;}&#8221;][\/vc_column][\/vc_row]<\/p>\n<\/div>","protected":false},"excerpt":{"rendered":"<p>[vc_row gap=&#8221;30&#8243; content_placement=&#8221;top&#8221; css=&#8221;.vc_custom_1655891176951{margin-top: 96px !important;}&#8221;][vc_column width=&#8221;1\/2&#8243; css=&#8221;.vc_custom_1655795279636{padding-top: 0px !important;padding-bottom: 0px !important;}&#8221;][vc_column_text css=&#8221;.vc_custom_1658475672816{margin-top: 12px !important;}&#8221;] Skills Training Der Mangel an qualifizierten Arbeitskr\u00e4ften im Industriesektor stellt eine gro\u00dfe Herausforderung dar. Seabery entwickelt Augmented-Reality-(AR)-Schulungsl\u00f6sungen f\u00fcr die Entwicklung von Fertigkeiten, um die j\u00fcngeren Generationen anzusprechen und diese Kluft zu verringern.[\/vc_column_text][\/vc_column][vc_column width=&#8221;1\/2&#8243; css=&#8221;.vc_custom_1655795290422{padding-top: 0px !important;padding-bottom: 0px !important;}&#8221;][vc_single_image image=&#8221;6158&#8243; img_size=&#8221;full&#8221;&hellip;<\/p>\n","protected":false},"author":3,"featured_media":0,"parent":0,"menu_order":0,"comment_status":"closed","ping_status":"closed","template":"","meta":{"_acf_changed":false,"footnotes":""},"class_list":["post-8126","page","type-page","status-publish","hentry","description-off"],"acf":[],"yoast_head":"<!-- This site is optimized with the Yoast SEO plugin v26.4 - https:\/\/yoast.com\/wordpress\/plugins\/seo\/ -->\n<title>Kompetenztraining f\u00fcr die Arbeit mit Augmented Reality | Seabery<\/title>\n<meta name=\"description\" content=\"Skills-Training ist die Entwicklung der erforderlichen F\u00e4higkeiten und Fertigkeiten, um sich w\u00e4hrend der Ausbildungsphase den Anforderungen.\" \/>\n<meta name=\"robots\" content=\"index, follow, max-snippet:-1, max-image-preview:large, max-video-preview:-1\" \/>\n<link rel=\"canonical\" href=\"https:\/\/seaberyat.com\/de\/skill-training\/\" \/>\n<meta property=\"og:locale\" content=\"de_DE\" \/>\n<meta property=\"og:type\" content=\"article\" \/>\n<meta property=\"og:title\" content=\"Kompetenztraining f\u00fcr die Arbeit mit Augmented Reality | Seabery\" \/>\n<meta property=\"og:description\" content=\"Skills-Training ist die Entwicklung der erforderlichen F\u00e4higkeiten und Fertigkeiten, um sich w\u00e4hrend der Ausbildungsphase den Anforderungen.\" \/>\n<meta property=\"og:url\" content=\"https:\/\/seaberyat.com\/de\/skill-training\/\" \/>\n<meta property=\"og:site_name\" content=\"Seabery\" \/>\n<meta property=\"article:publisher\" content=\"https:\/\/www.facebook.com\/SeaberyAugmentedTechnology\/\" \/>\n<meta property=\"article:modified_time\" content=\"2025-03-05T20:51:45+00:00\" \/>\n<meta name=\"twitter:card\" content=\"summary_large_image\" \/>\n<meta name=\"twitter:site\" content=\"@Seabery\" \/>\n<meta name=\"twitter:label1\" content=\"Gesch\u00e4tzte Lesezeit\" \/>\n\t<meta name=\"twitter:data1\" content=\"2\u00a0Minuten\" \/>\n<script type=\"application\/ld+json\" class=\"yoast-schema-graph\">{\"@context\":\"https:\/\/schema.org\",\"@graph\":[{\"@type\":\"WebPage\",\"@id\":\"https:\/\/seaberyat.com\/de\/skill-training\/\",\"url\":\"https:\/\/seaberyat.com\/de\/skill-training\/\",\"name\":\"Kompetenztraining f\u00fcr die Arbeit mit Augmented Reality | Seabery\",\"isPartOf\":{\"@id\":\"https:\/\/seaberyat.com\/de\/#website\"},\"datePublished\":\"2022-06-13T10:33:40+00:00\",\"dateModified\":\"2025-03-05T20:51:45+00:00\",\"description\":\"Skills-Training ist die Entwicklung der erforderlichen F\u00e4higkeiten und Fertigkeiten, um sich w\u00e4hrend der Ausbildungsphase den Anforderungen.\",\"breadcrumb\":{\"@id\":\"https:\/\/seaberyat.com\/de\/skill-training\/#breadcrumb\"},\"inLanguage\":\"de\",\"potentialAction\":[{\"@type\":\"ReadAction\",\"target\":[\"https:\/\/seaberyat.com\/de\/skill-training\/\"]}]},{\"@type\":\"BreadcrumbList\",\"@id\":\"https:\/\/seaberyat.com\/de\/skill-training\/#breadcrumb\",\"itemListElement\":[{\"@type\":\"ListItem\",\"position\":1,\"name\":\"Home\",\"item\":\"https:\/\/seaberyat.com\/de\/\"},{\"@type\":\"ListItem\",\"position\":2,\"name\":\"SKILLS TRAINING\"}]},{\"@type\":\"WebSite\",\"@id\":\"https:\/\/seaberyat.com\/de\/#website\",\"url\":\"https:\/\/seaberyat.com\/de\/\",\"name\":\"Seabery\",\"description\":\"Seabery\",\"publisher\":{\"@id\":\"https:\/\/seaberyat.com\/de\/#organization\"},\"potentialAction\":[{\"@type\":\"SearchAction\",\"target\":{\"@type\":\"EntryPoint\",\"urlTemplate\":\"https:\/\/seaberyat.com\/de\/?s={search_term_string}\"},\"query-input\":{\"@type\":\"PropertyValueSpecification\",\"valueRequired\":true,\"valueName\":\"search_term_string\"}}],\"inLanguage\":\"de\"},{\"@type\":\"Organization\",\"@id\":\"https:\/\/seaberyat.com\/de\/#organization\",\"name\":\"Seaberyat\",\"url\":\"https:\/\/seaberyat.com\/de\/\",\"logo\":{\"@type\":\"ImageObject\",\"inLanguage\":\"de\",\"@id\":\"https:\/\/seaberyat.com\/de\/#\/schema\/logo\/image\/\",\"url\":\"https:\/\/seaberyat.com\/wp-content\/uploads\/2022\/10\/Recurso-1@4x.png\",\"contentUrl\":\"https:\/\/seaberyat.com\/wp-content\/uploads\/2022\/10\/Recurso-1@4x.png\",\"width\":2182,\"height\":644,\"caption\":\"Seaberyat\"},\"image\":{\"@id\":\"https:\/\/seaberyat.com\/de\/#\/schema\/logo\/image\/\"},\"sameAs\":[\"https:\/\/www.facebook.com\/SeaberyAugmentedTechnology\/\",\"https:\/\/x.com\/Seabery\"]}]}<\/script>\n<!-- \/ Yoast SEO plugin. -->","yoast_head_json":{"title":"Kompetenztraining f\u00fcr die Arbeit mit Augmented Reality | Seabery","description":"Skills-Training ist die Entwicklung der erforderlichen F\u00e4higkeiten und Fertigkeiten, um sich w\u00e4hrend der Ausbildungsphase den Anforderungen.","robots":{"index":"index","follow":"follow","max-snippet":"max-snippet:-1","max-image-preview":"max-image-preview:large","max-video-preview":"max-video-preview:-1"},"canonical":"https:\/\/seaberyat.com\/de\/skill-training\/","og_locale":"de_DE","og_type":"article","og_title":"Kompetenztraining f\u00fcr die Arbeit mit Augmented Reality | Seabery","og_description":"Skills-Training ist die Entwicklung der erforderlichen F\u00e4higkeiten und Fertigkeiten, um sich w\u00e4hrend der Ausbildungsphase den Anforderungen.","og_url":"https:\/\/seaberyat.com\/de\/skill-training\/","og_site_name":"Seabery","article_publisher":"https:\/\/www.facebook.com\/SeaberyAugmentedTechnology\/","article_modified_time":"2025-03-05T20:51:45+00:00","twitter_card":"summary_large_image","twitter_site":"@Seabery","twitter_misc":{"Gesch\u00e4tzte Lesezeit":"2\u00a0Minuten"},"schema":{"@context":"https:\/\/schema.org","@graph":[{"@type":"WebPage","@id":"https:\/\/seaberyat.com\/de\/skill-training\/","url":"https:\/\/seaberyat.com\/de\/skill-training\/","name":"Kompetenztraining f\u00fcr die Arbeit mit Augmented Reality | Seabery","isPartOf":{"@id":"https:\/\/seaberyat.com\/de\/#website"},"datePublished":"2022-06-13T10:33:40+00:00","dateModified":"2025-03-05T20:51:45+00:00","description":"Skills-Training ist die Entwicklung der erforderlichen F\u00e4higkeiten und Fertigkeiten, um sich w\u00e4hrend der Ausbildungsphase den Anforderungen.","breadcrumb":{"@id":"https:\/\/seaberyat.com\/de\/skill-training\/#breadcrumb"},"inLanguage":"de","potentialAction":[{"@type":"ReadAction","target":["https:\/\/seaberyat.com\/de\/skill-training\/"]}]},{"@type":"BreadcrumbList","@id":"https:\/\/seaberyat.com\/de\/skill-training\/#breadcrumb","itemListElement":[{"@type":"ListItem","position":1,"name":"Home","item":"https:\/\/seaberyat.com\/de\/"},{"@type":"ListItem","position":2,"name":"SKILLS TRAINING"}]},{"@type":"WebSite","@id":"https:\/\/seaberyat.com\/de\/#website","url":"https:\/\/seaberyat.com\/de\/","name":"Seabery","description":"Seabery","publisher":{"@id":"https:\/\/seaberyat.com\/de\/#organization"},"potentialAction":[{"@type":"SearchAction","target":{"@type":"EntryPoint","urlTemplate":"https:\/\/seaberyat.com\/de\/?s={search_term_string}"},"query-input":{"@type":"PropertyValueSpecification","valueRequired":true,"valueName":"search_term_string"}}],"inLanguage":"de"},{"@type":"Organization","@id":"https:\/\/seaberyat.com\/de\/#organization","name":"Seaberyat","url":"https:\/\/seaberyat.com\/de\/","logo":{"@type":"ImageObject","inLanguage":"de","@id":"https:\/\/seaberyat.com\/de\/#\/schema\/logo\/image\/","url":"https:\/\/seaberyat.com\/wp-content\/uploads\/2022\/10\/Recurso-1@4x.png","contentUrl":"https:\/\/seaberyat.com\/wp-content\/uploads\/2022\/10\/Recurso-1@4x.png","width":2182,"height":644,"caption":"Seaberyat"},"image":{"@id":"https:\/\/seaberyat.com\/de\/#\/schema\/logo\/image\/"},"sameAs":["https:\/\/www.facebook.com\/SeaberyAugmentedTechnology\/","https:\/\/x.com\/Seabery"]}]}},"_links":{"self":[{"href":"https:\/\/seaberyat.com\/de\/wp-json\/wp\/v2\/pages\/8126","targetHints":{"allow":["GET"]}}],"collection":[{"href":"https:\/\/seaberyat.com\/de\/wp-json\/wp\/v2\/pages"}],"about":[{"href":"https:\/\/seaberyat.com\/de\/wp-json\/wp\/v2\/types\/page"}],"author":[{"embeddable":true,"href":"https:\/\/seaberyat.com\/de\/wp-json\/wp\/v2\/users\/3"}],"replies":[{"embeddable":true,"href":"https:\/\/seaberyat.com\/de\/wp-json\/wp\/v2\/comments?post=8126"}],"version-history":[{"count":3,"href":"https:\/\/seaberyat.com\/de\/wp-json\/wp\/v2\/pages\/8126\/revisions"}],"predecessor-version":[{"id":19063,"href":"https:\/\/seaberyat.com\/de\/wp-json\/wp\/v2\/pages\/8126\/revisions\/19063"}],"wp:attachment":[{"href":"https:\/\/seaberyat.com\/de\/wp-json\/wp\/v2\/media?parent=8126"}],"curies":[{"name":"wp","href":"https:\/\/api.w.org\/{rel}","templated":true}]}}